{"id":7133,"date":"2025-05-27T08:11:09","date_gmt":"2025-05-27T07:11:09","guid":{"rendered":"https:\/\/pavicret.com\/producto\/pavicret-strongfloor\/"},"modified":"2025-09-19T14:49:25","modified_gmt":"2025-09-19T13:49:25","slug":"pavicret-strongfloor","status":"publish","type":"product","link":"https:\/\/pavicret.com\/fr\/producto\/pavicret-strongfloor\/","title":{"rendered":"Pavicret StrongFloor"},"content":{"rendered":"","protected":false},"excerpt":{"rendered":"<p><strong>PAVICRET STRONG FLOOR <\/strong>est un mortier de liant mixte \u00e0 hautes performances, adapt\u00e9 \u00e0 la r\u00e9alisation de r\u00e9parations et de chapes sur des chauss\u00e9es \u00e0 hautes performances et sur d&rsquo;autres \u00e9l\u00e9ments en b\u00e9ton, avec des \u00e9paisseurs de travail de 10 \u00e0 30 mm, compos\u00e9 de liants hydrauliques, de liants polym\u00e8res, d&rsquo;agr\u00e9gats, d&rsquo;additifs organiques et de microfibres de renfort.<\/p>\n<p>Il est particuli\u00e8rement indiqu\u00e9 dans les zones o\u00f9 il est n\u00e9cessaire de r\u00e9g\u00e9n\u00e9rer ou de r\u00e9nover les sols avec une finition taloch\u00e9e et polie sur un support pr\u00e9existant et avec une \u00e9paisseur de travail de 15 \u00e0 30 mm, car il pr\u00e9sente une faible absorption, une r\u00e9sistance m\u00e9canique \u00e9lev\u00e9e et une excellente adh\u00e9rence au support.<\/p>\n","protected":false},"featured_media":6583,"template":"","meta":{"_acf_changed":false,"content-type":""},"product_brand":[25],"product_cat":[410],"product_tag":[],"class_list":{"0":"post-7133","1":"product","2":"type-product","3":"status-publish","4":"has-post-thumbnail","6":"product_brand-pavicret","7":"product_cat-revetement-de-sol-industriel","9":"first","10":"instock","11":"featured","12":"taxable","13":"shipping-taxable","14":"purchasable","15":"product-type-simple"},"acf":[],"_links":{"self":[{"href":"https:\/\/pavicret.com\/fr\/wp-json\/wp\/v2\/product\/7133","targetHints":{"allow":["GET"]}}],"collection":[{"href":"https:\/\/pavicret.com\/fr\/wp-json\/wp\/v2\/product"}],"about":[{"href":"https:\/\/pavicret.com\/fr\/wp-json\/wp\/v2\/types\/product"}],"wp:featuredmedia":[{"embeddable":true,"href":"https:\/\/pavicret.com\/fr\/wp-json\/wp\/v2\/media\/6583"}],"wp:attachment":[{"href":"https:\/\/pavicret.com\/fr\/wp-json\/wp\/v2\/media?parent=7133"}],"wp:term":[{"taxonomy":"product_brand","embeddable":true,"href":"https:\/\/pavicret.com\/fr\/wp-json\/wp\/v2\/product_brand?post=7133"},{"taxonomy":"product_cat","embeddable":true,"href":"https:\/\/pavicret.com\/fr\/wp-json\/wp\/v2\/product_cat?post=7133"},{"taxonomy":"product_tag","embeddable":true,"href":"https:\/\/pavicret.com\/fr\/wp-json\/wp\/v2\/product_tag?post=7133"}],"curies":[{"name":"wp","href":"https:\/\/api.w.org\/{rel}","templated":true}]}}