{"id":7132,"date":"2025-05-13T16:58:17","date_gmt":"2025-05-13T15:58:17","guid":{"rendered":"https:\/\/pavicret.com\/producto\/conseil-dadministration-dalpha\/"},"modified":"2025-09-18T12:21:32","modified_gmt":"2025-09-18T11:21:32","slug":"conseil-dadministration-dalpha","status":"publish","type":"product","link":"https:\/\/pavicret.com\/fr\/producto\/conseil-dadministration-dalpha\/","title":{"rendered":"Conseil d&rsquo;administration d&rsquo;Alpha"},"content":{"rendered":"","protected":false},"excerpt":{"rendered":"<p>L&rsquo;Alpha Joint est la solution id\u00e9ale pour les chapes en b\u00e9ton : il s&rsquo;int\u00e8gre dans la chape, marque pr\u00e9cis\u00e9ment le joint et prot\u00e8ge ses bords pour une finition durable et professionnelle.<\/p>\n","protected":false},"featured_media":6624,"template":"","meta":{"_acf_changed":false,"content-type":""},"product_brand":[],"product_cat":[513,405],"product_tag":[],"class_list":{"0":"post-7132","1":"product","2":"type-product","3":"status-publish","4":"has-post-thumbnail","6":"product_cat-articulations","7":"product_cat-complements","9":"first","10":"instock","11":"featured","12":"taxable","13":"shipping-taxable","14":"product-type-simple"},"acf":[],"_links":{"self":[{"href":"https:\/\/pavicret.com\/fr\/wp-json\/wp\/v2\/product\/7132","targetHints":{"allow":["GET"]}}],"collection":[{"href":"https:\/\/pavicret.com\/fr\/wp-json\/wp\/v2\/product"}],"about":[{"href":"https:\/\/pavicret.com\/fr\/wp-json\/wp\/v2\/types\/product"}],"wp:featuredmedia":[{"embeddable":true,"href":"https:\/\/pavicret.com\/fr\/wp-json\/wp\/v2\/media\/6624"}],"wp:attachment":[{"href":"https:\/\/pavicret.com\/fr\/wp-json\/wp\/v2\/media?parent=7132"}],"wp:term":[{"taxonomy":"product_brand","embeddable":true,"href":"https:\/\/pavicret.com\/fr\/wp-json\/wp\/v2\/product_brand?post=7132"},{"taxonomy":"product_cat","embeddable":true,"href":"https:\/\/pavicret.com\/fr\/wp-json\/wp\/v2\/product_cat?post=7132"},{"taxonomy":"product_tag","embeddable":true,"href":"https:\/\/pavicret.com\/fr\/wp-json\/wp\/v2\/product_tag?post=7132"}],"curies":[{"name":"wp","href":"https:\/\/api.w.org\/{rel}","templated":true}]}}