{"id":7131,"date":"2025-05-23T08:37:57","date_gmt":"2025-05-23T07:37:57","guid":{"rendered":"https:\/\/pavicret.com\/producto\/durocret\/"},"modified":"2025-09-18T15:50:01","modified_gmt":"2025-09-18T14:50:01","slug":"durocret","status":"publish","type":"product","link":"https:\/\/pavicret.com\/fr\/producto\/durocret\/","title":{"rendered":"Durocret"},"content":{"rendered":"","protected":false},"excerpt":{"rendered":"<p><strong>DUROCRET<\/strong> est un rev\u00eatement \u00e0 base de r\u00e9sines m\u00e9thacryliques qui s\u00e8che par \u00e9vaporation de son solvant, id\u00e9al pour les sols en b\u00e9ton, am\u00e9liorant la r\u00e9sistance m\u00e9canique du sol.<\/p>\n","protected":false},"featured_media":6649,"template":"","meta":{"_acf_changed":false,"content-type":""},"product_brand":[25],"product_cat":[512],"product_tag":[],"class_list":{"0":"post-7131","1":"product","2":"type-product","3":"status-publish","4":"has-post-thumbnail","6":"product_brand-pavicret","7":"product_cat-rehabilitation-des-chaussees","9":"first","10":"instock","11":"featured","12":"taxable","13":"shipping-taxable","14":"purchasable","15":"product-type-simple"},"acf":[],"_links":{"self":[{"href":"https:\/\/pavicret.com\/fr\/wp-json\/wp\/v2\/product\/7131","targetHints":{"allow":["GET"]}}],"collection":[{"href":"https:\/\/pavicret.com\/fr\/wp-json\/wp\/v2\/product"}],"about":[{"href":"https:\/\/pavicret.com\/fr\/wp-json\/wp\/v2\/types\/product"}],"wp:featuredmedia":[{"embeddable":true,"href":"https:\/\/pavicret.com\/fr\/wp-json\/wp\/v2\/media\/6649"}],"wp:attachment":[{"href":"https:\/\/pavicret.com\/fr\/wp-json\/wp\/v2\/media?parent=7131"}],"wp:term":[{"taxonomy":"product_brand","embeddable":true,"href":"https:\/\/pavicret.com\/fr\/wp-json\/wp\/v2\/product_brand?post=7131"},{"taxonomy":"product_cat","embeddable":true,"href":"https:\/\/pavicret.com\/fr\/wp-json\/wp\/v2\/product_cat?post=7131"},{"taxonomy":"product_tag","embeddable":true,"href":"https:\/\/pavicret.com\/fr\/wp-json\/wp\/v2\/product_tag?post=7131"}],"curies":[{"name":"wp","href":"https:\/\/api.w.org\/{rel}","templated":true}]}}