{"id":7130,"date":"2025-05-12T12:22:19","date_gmt":"2025-05-12T11:22:19","guid":{"rendered":"https:\/\/pavicret.com\/producto\/mortier-lumidur-cm20\/"},"modified":"2025-09-18T15:50:30","modified_gmt":"2025-09-18T14:50:30","slug":"mortier-lumidur-cm20","status":"publish","type":"product","link":"https:\/\/pavicret.com\/fr\/producto\/mortier-lumidur-cm20\/","title":{"rendered":"Mortier Lumidur CM20"},"content":{"rendered":"","protected":false},"excerpt":{"rendered":"<p>Mortier cosm\u00e9tique pour les r\u00e9parations de surface et les r\u00e9novations du b\u00e9ton imprim\u00e9. Convient pour les r\u00e9parations\/r\u00e9novations de surface, o\u00f9 l&rsquo;unification de la finition avec un aspect naturel et une finition antid\u00e9rapante avec des performances m\u00e9caniques \u00e9lev\u00e9es est requise. Haute adh\u00e9rence sans besoin de primaire, r\u00e9sistant aux intemp\u00e9ries. Ne se fissure pas. Couches de 1 \u00e0 2,5 mm. Finition antid\u00e9rapante.<\/p>\n","protected":false},"featured_media":6622,"template":"","meta":{"_acf_changed":false,"content-type":""},"product_brand":[25],"product_cat":[512],"product_tag":[],"class_list":{"0":"post-7130","1":"product","2":"type-product","3":"status-publish","4":"has-post-thumbnail","6":"product_brand-pavicret","7":"product_cat-rehabilitation-des-chaussees","9":"first","10":"instock","11":"featured","12":"taxable","13":"shipping-taxable","14":"purchasable","15":"product-type-simple"},"acf":[],"_links":{"self":[{"href":"https:\/\/pavicret.com\/fr\/wp-json\/wp\/v2\/product\/7130","targetHints":{"allow":["GET"]}}],"collection":[{"href":"https:\/\/pavicret.com\/fr\/wp-json\/wp\/v2\/product"}],"about":[{"href":"https:\/\/pavicret.com\/fr\/wp-json\/wp\/v2\/types\/product"}],"wp:featuredmedia":[{"embeddable":true,"href":"https:\/\/pavicret.com\/fr\/wp-json\/wp\/v2\/media\/6622"}],"wp:attachment":[{"href":"https:\/\/pavicret.com\/fr\/wp-json\/wp\/v2\/media?parent=7130"}],"wp:term":[{"taxonomy":"product_brand","embeddable":true,"href":"https:\/\/pavicret.com\/fr\/wp-json\/wp\/v2\/product_brand?post=7130"},{"taxonomy":"product_cat","embeddable":true,"href":"https:\/\/pavicret.com\/fr\/wp-json\/wp\/v2\/product_cat?post=7130"},{"taxonomy":"product_tag","embeddable":true,"href":"https:\/\/pavicret.com\/fr\/wp-json\/wp\/v2\/product_tag?post=7130"}],"curies":[{"name":"wp","href":"https:\/\/api.w.org\/{rel}","templated":true}]}}