{"id":7129,"date":"2025-05-23T08:11:00","date_gmt":"2025-05-23T07:11:00","guid":{"rendered":"https:\/\/pavicret.com\/producto\/oxipast\/"},"modified":"2025-09-18T15:50:26","modified_gmt":"2025-09-18T14:50:26","slug":"oxipast","status":"publish","type":"product","link":"https:\/\/pavicret.com\/fr\/producto\/oxipast\/","title":{"rendered":"Oxipast"},"content":{"rendered":"","protected":false},"excerpt":{"rendered":"<p><strong>OXIPAST<\/strong> est une dispersion de pigments inorganiques pr\u00e9sentant une grande stabilit\u00e9 en milieu alcoolique, ce qui lui conf\u00e8re une grande polyvalence pour la pigmentation des bases aqueuses et des solvants.<\/p>\n","protected":false},"featured_media":6648,"template":"","meta":{"_acf_changed":false,"content-type":""},"product_brand":[25],"product_cat":[512],"product_tag":[],"class_list":{"0":"post-7129","1":"product","2":"type-product","3":"status-publish","4":"has-post-thumbnail","6":"product_brand-pavicret","7":"product_cat-rehabilitation-des-chaussees","9":"first","10":"instock","11":"featured","12":"taxable","13":"shipping-taxable","14":"purchasable","15":"product-type-simple"},"acf":[],"_links":{"self":[{"href":"https:\/\/pavicret.com\/fr\/wp-json\/wp\/v2\/product\/7129","targetHints":{"allow":["GET"]}}],"collection":[{"href":"https:\/\/pavicret.com\/fr\/wp-json\/wp\/v2\/product"}],"about":[{"href":"https:\/\/pavicret.com\/fr\/wp-json\/wp\/v2\/types\/product"}],"wp:featuredmedia":[{"embeddable":true,"href":"https:\/\/pavicret.com\/fr\/wp-json\/wp\/v2\/media\/6648"}],"wp:attachment":[{"href":"https:\/\/pavicret.com\/fr\/wp-json\/wp\/v2\/media?parent=7129"}],"wp:term":[{"taxonomy":"product_brand","embeddable":true,"href":"https:\/\/pavicret.com\/fr\/wp-json\/wp\/v2\/product_brand?post=7129"},{"taxonomy":"product_cat","embeddable":true,"href":"https:\/\/pavicret.com\/fr\/wp-json\/wp\/v2\/product_cat?post=7129"},{"taxonomy":"product_tag","embeddable":true,"href":"https:\/\/pavicret.com\/fr\/wp-json\/wp\/v2\/product_tag?post=7129"}],"curies":[{"name":"wp","href":"https:\/\/api.w.org\/{rel}","templated":true}]}}