{"id":7126,"date":"2025-05-02T16:05:49","date_gmt":"2025-05-02T15:05:49","guid":{"rendered":"https:\/\/pavicret.com\/producto\/rouleau-a-pointe-de-diamant\/"},"modified":"2025-05-02T16:05:49","modified_gmt":"2025-05-02T15:05:49","slug":"rouleau-a-pointe-de-diamant","status":"publish","type":"product","link":"https:\/\/pavicret.com\/fr\/producto\/rouleau-a-pointe-de-diamant\/","title":{"rendered":"Rouleau \u00e0 pointe de diamant"},"content":{"rendered":"","protected":false},"excerpt":{"rendered":"<p>Rouleau \u00e0 pointe diamant\u00e9e pour texturer les surfaces<\/p>\n","protected":false},"featured_media":3336,"template":"","meta":{"_acf_changed":false},"product_brand":[],"product_cat":[476,499],"product_tag":[],"class_list":{"0":"post-7126","1":"product","2":"type-product","3":"status-publish","4":"has-post-thumbnail","6":"product_cat-outils","7":"product_cat-rouleaux","9":"first","10":"instock","11":"featured","12":"taxable","13":"shipping-taxable","14":"purchasable","15":"product-type-simple"},"acf":[],"_links":{"self":[{"href":"https:\/\/pavicret.com\/fr\/wp-json\/wp\/v2\/product\/7126","targetHints":{"allow":["GET"]}}],"collection":[{"href":"https:\/\/pavicret.com\/fr\/wp-json\/wp\/v2\/product"}],"about":[{"href":"https:\/\/pavicret.com\/fr\/wp-json\/wp\/v2\/types\/product"}],"wp:featuredmedia":[{"embeddable":true,"href":"https:\/\/pavicret.com\/fr\/wp-json\/wp\/v2\/media\/3336"}],"wp:attachment":[{"href":"https:\/\/pavicret.com\/fr\/wp-json\/wp\/v2\/media?parent=7126"}],"wp:term":[{"taxonomy":"product_brand","embeddable":true,"href":"https:\/\/pavicret.com\/fr\/wp-json\/wp\/v2\/product_brand?post=7126"},{"taxonomy":"product_cat","embeddable":true,"href":"https:\/\/pavicret.com\/fr\/wp-json\/wp\/v2\/product_cat?post=7126"},{"taxonomy":"product_tag","embeddable":true,"href":"https:\/\/pavicret.com\/fr\/wp-json\/wp\/v2\/product_tag?post=7126"}],"curies":[{"name":"wp","href":"https:\/\/api.w.org\/{rel}","templated":true}]}}