{"id":7124,"date":"2025-04-12T10:28:30","date_gmt":"2025-04-12T09:28:30","guid":{"rendered":"https:\/\/pavicret.com\/producto\/sellacril-top\/"},"modified":"2025-09-18T16:19:18","modified_gmt":"2025-09-18T15:19:18","slug":"sellacril-top","status":"publish","type":"product","link":"https:\/\/pavicret.com\/fr\/producto\/sellacril-top\/","title":{"rendered":"SellaCril TOP"},"content":{"rendered":"","protected":false},"excerpt":{"rendered":"<p><strong>R\u00e9sine de scellement \u00e0 base de solvant.<\/strong><\/p>\n<p>Vernis de durcissement \u00e0 base de r\u00e9sines m\u00e9thacrylates, sp\u00e9cialement pour le durcissement des sols en b\u00e9ton.<\/p>\n<p><strong>Bidon m\u00e9tallique de 25 lt<\/strong>.<\/p>\n","protected":false},"featured_media":6545,"template":"","meta":{"_acf_changed":false,"content-type":""},"product_brand":[25],"product_cat":[409,405,408,407],"product_tag":[],"class_list":{"0":"post-7124","1":"product","2":"type-product","3":"status-publish","4":"has-post-thumbnail","6":"product_brand-pavicret","7":"product_cat-a-base-de-solvant","8":"product_cat-complements","9":"product_cat-conservateurs","10":"product_cat-protecteurs","12":"first","13":"instock","14":"featured","15":"taxable","16":"shipping-taxable","17":"purchasable","18":"product-type-simple"},"acf":[],"_links":{"self":[{"href":"https:\/\/pavicret.com\/fr\/wp-json\/wp\/v2\/product\/7124","targetHints":{"allow":["GET"]}}],"collection":[{"href":"https:\/\/pavicret.com\/fr\/wp-json\/wp\/v2\/product"}],"about":[{"href":"https:\/\/pavicret.com\/fr\/wp-json\/wp\/v2\/types\/product"}],"wp:featuredmedia":[{"embeddable":true,"href":"https:\/\/pavicret.com\/fr\/wp-json\/wp\/v2\/media\/6545"}],"wp:attachment":[{"href":"https:\/\/pavicret.com\/fr\/wp-json\/wp\/v2\/media?parent=7124"}],"wp:term":[{"taxonomy":"product_brand","embeddable":true,"href":"https:\/\/pavicret.com\/fr\/wp-json\/wp\/v2\/product_brand?post=7124"},{"taxonomy":"product_cat","embeddable":true,"href":"https:\/\/pavicret.com\/fr\/wp-json\/wp\/v2\/product_cat?post=7124"},{"taxonomy":"product_tag","embeddable":true,"href":"https:\/\/pavicret.com\/fr\/wp-json\/wp\/v2\/product_tag?post=7124"}],"curies":[{"name":"wp","href":"https:\/\/api.w.org\/{rel}","templated":true}]}}