{"id":7119,"date":"2025-04-11T10:29:15","date_gmt":"2025-04-11T09:29:15","guid":{"rendered":"https:\/\/pavicret.com\/producto\/paviepox-560\/"},"modified":"2025-09-18T16:05:37","modified_gmt":"2025-09-18T15:05:37","slug":"paviepox-560","status":"publish","type":"product","link":"https:\/\/pavicret.com\/fr\/producto\/paviepox-560\/","title":{"rendered":"PaviEpox 560"},"content":{"rendered":"","protected":false},"excerpt":{"rendered":"<p>Le Paviepox 560 est con\u00e7u et fabriqu\u00e9 avec des r\u00e9sines sp\u00e9ciales et des charges min\u00e9rales \u00e0 haute r\u00e9sistance.<\/p>\n<p>Surface facile \u00e0 nettoyer et \u00e0 d\u00e9contaminer.<\/p>\n<p>Bonne vitesse de durcissement.<\/p>\n<p>Excellentes caract\u00e9ristiques m\u00e9caniques, flexibilit\u00e9, duret\u00e9.<\/p>\n<p>Haute r\u00e9sistance \u00e0 l&rsquo;usure et au trafic dynamique.<\/p>\n<p>Bonne r\u00e9sistance chimique : solutions acides et alcalines, d\u00e9tergents, carburants, huiles et graisses min\u00e9rales, animales et v\u00e9g\u00e9tales.<\/p>\n<p>Temp\u00e9rature d&rsquo;application (substrat-sous-base) + 15\u00b0C.<\/p>\n<p>Applicable \u00e0 partir de +18\u00b0C (temp\u00e9rature du substrat).<\/p>\n<p>Temp\u00e9rature de fonctionnement de -25\u00b0C \u00e0 +60\u00b0C.<\/p>\n<p>Disponible en version conductrice.<\/p>\n","protected":false},"featured_media":6633,"template":"","meta":{"_acf_changed":false,"content-type":""},"product_brand":[25],"product_cat":[405,406],"product_tag":[],"class_list":{"0":"post-7119","1":"product","2":"type-product","3":"status-publish","4":"has-post-thumbnail","6":"product_brand-pavicret","7":"product_cat-complements","8":"product_cat-ponts-de-liaison","10":"first","11":"instock","12":"taxable","13":"shipping-taxable","14":"purchasable","15":"product-type-simple"},"acf":[],"_links":{"self":[{"href":"https:\/\/pavicret.com\/fr\/wp-json\/wp\/v2\/product\/7119","targetHints":{"allow":["GET"]}}],"collection":[{"href":"https:\/\/pavicret.com\/fr\/wp-json\/wp\/v2\/product"}],"about":[{"href":"https:\/\/pavicret.com\/fr\/wp-json\/wp\/v2\/types\/product"}],"wp:featuredmedia":[{"embeddable":true,"href":"https:\/\/pavicret.com\/fr\/wp-json\/wp\/v2\/media\/6633"}],"wp:attachment":[{"href":"https:\/\/pavicret.com\/fr\/wp-json\/wp\/v2\/media?parent=7119"}],"wp:term":[{"taxonomy":"product_brand","embeddable":true,"href":"https:\/\/pavicret.com\/fr\/wp-json\/wp\/v2\/product_brand?post=7119"},{"taxonomy":"product_cat","embeddable":true,"href":"https:\/\/pavicret.com\/fr\/wp-json\/wp\/v2\/product_cat?post=7119"},{"taxonomy":"product_tag","embeddable":true,"href":"https:\/\/pavicret.com\/fr\/wp-json\/wp\/v2\/product_tag?post=7119"}],"curies":[{"name":"wp","href":"https:\/\/api.w.org\/{rel}","templated":true}]}}