{"id":7116,"date":"2025-04-11T10:29:15","date_gmt":"2025-04-11T09:29:15","guid":{"rendered":"https:\/\/pavicret.com\/producto\/pavicret-txt\/"},"modified":"2025-09-18T12:30:46","modified_gmt":"2025-09-18T11:30:46","slug":"pavicret-txt","status":"publish","type":"product","link":"https:\/\/pavicret.com\/fr\/producto\/pavicret-txt\/","title":{"rendered":"PaviCret TXT"},"content":{"rendered":"","protected":false},"excerpt":{"rendered":"<p>PaviCret TXT est un mortier sp\u00e9cialement adapt\u00e9 \u00e0 l&rsquo;imitation de la pierre, formul\u00e9 avec du ciment Portland, conform\u00e9ment \u00e0 la norme EN 197-1, des agr\u00e9gats s\u00e9lectionn\u00e9s et des r\u00e9sines.<\/p>\n<p>Sacs d&rsquo;environ 25 kg et palettes d&rsquo;environ 1 200 kg.<\/p>\n","protected":false},"featured_media":6581,"template":"","meta":{"_acf_changed":false,"content-type":""},"product_brand":[25],"product_cat":[489,490],"product_tag":[],"class_list":{"0":"post-7116","1":"product","2":"type-product","3":"status-publish","4":"has-post-thumbnail","6":"product_brand-pavicret","7":"product_cat-revetement-de-sol-decoratif","8":"product_cat-revetement-vertical","10":"first","11":"instock","12":"featured","13":"taxable","14":"shipping-taxable","15":"purchasable","16":"product-type-simple"},"acf":[],"_links":{"self":[{"href":"https:\/\/pavicret.com\/fr\/wp-json\/wp\/v2\/product\/7116","targetHints":{"allow":["GET"]}}],"collection":[{"href":"https:\/\/pavicret.com\/fr\/wp-json\/wp\/v2\/product"}],"about":[{"href":"https:\/\/pavicret.com\/fr\/wp-json\/wp\/v2\/types\/product"}],"wp:featuredmedia":[{"embeddable":true,"href":"https:\/\/pavicret.com\/fr\/wp-json\/wp\/v2\/media\/6581"}],"wp:attachment":[{"href":"https:\/\/pavicret.com\/fr\/wp-json\/wp\/v2\/media?parent=7116"}],"wp:term":[{"taxonomy":"product_brand","embeddable":true,"href":"https:\/\/pavicret.com\/fr\/wp-json\/wp\/v2\/product_brand?post=7116"},{"taxonomy":"product_cat","embeddable":true,"href":"https:\/\/pavicret.com\/fr\/wp-json\/wp\/v2\/product_cat?post=7116"},{"taxonomy":"product_tag","embeddable":true,"href":"https:\/\/pavicret.com\/fr\/wp-json\/wp\/v2\/product_tag?post=7116"}],"curies":[{"name":"wp","href":"https:\/\/api.w.org\/{rel}","templated":true}]}}