{"id":7100,"date":"2025-04-11T10:29:02","date_gmt":"2025-04-11T09:29:02","guid":{"rendered":"https:\/\/pavicret.com\/producto\/moules-dinviolabilite-anti-vibration\/"},"modified":"2025-04-11T10:29:02","modified_gmt":"2025-04-11T09:29:02","slug":"moules-dinviolabilite-anti-vibration","status":"publish","type":"product","link":"https:\/\/pavicret.com\/fr\/producto\/moules-dinviolabilite-anti-vibration\/","title":{"rendered":"Moules d&rsquo;inviolabilit\u00e9 anti-vibration"},"content":{"rendered":"","protected":false},"excerpt":{"rendered":"<p>Moules d&rsquo;effraction ou anti-vibration pour empreintes textur\u00e9es en b\u00e9ton imprim\u00e9.<\/p>\n<p>210 X 210 mm<\/p>\n<p>310 X 310 mm<\/p>\n","protected":false},"featured_media":3822,"template":"","meta":{"_acf_changed":false,"content-type":""},"product_brand":[25],"product_cat":[387],"product_tag":[],"class_list":{"0":"post-7100","1":"product","2":"type-product","3":"status-publish","4":"has-post-thumbnail","6":"product_brand-pavicret","7":"product_cat-sans-categorie","9":"first","10":"instock","11":"featured","12":"taxable","13":"shipping-taxable","14":"purchasable","15":"product-type-variable"},"acf":[],"_links":{"self":[{"href":"https:\/\/pavicret.com\/fr\/wp-json\/wp\/v2\/product\/7100","targetHints":{"allow":["GET"]}}],"collection":[{"href":"https:\/\/pavicret.com\/fr\/wp-json\/wp\/v2\/product"}],"about":[{"href":"https:\/\/pavicret.com\/fr\/wp-json\/wp\/v2\/types\/product"}],"wp:featuredmedia":[{"embeddable":true,"href":"https:\/\/pavicret.com\/fr\/wp-json\/wp\/v2\/media\/3822"}],"wp:attachment":[{"href":"https:\/\/pavicret.com\/fr\/wp-json\/wp\/v2\/media?parent=7100"}],"wp:term":[{"taxonomy":"product_brand","embeddable":true,"href":"https:\/\/pavicret.com\/fr\/wp-json\/wp\/v2\/product_brand?post=7100"},{"taxonomy":"product_cat","embeddable":true,"href":"https:\/\/pavicret.com\/fr\/wp-json\/wp\/v2\/product_cat?post=7100"},{"taxonomy":"product_tag","embeddable":true,"href":"https:\/\/pavicret.com\/fr\/wp-json\/wp\/v2\/product_tag?post=7100"}],"curies":[{"name":"wp","href":"https:\/\/api.w.org\/{rel}","templated":true}]}}