{"id":7091,"date":"2025-04-11T10:29:01","date_gmt":"2025-04-11T09:29:01","guid":{"rendered":"https:\/\/pavicret.com\/producto\/rouleau-anti-goutte\/"},"modified":"2025-04-11T10:29:01","modified_gmt":"2025-04-11T09:29:01","slug":"rouleau-anti-goutte","status":"publish","type":"product","link":"https:\/\/pavicret.com\/fr\/producto\/rouleau-anti-goutte\/","title":{"rendered":"Rouleau anti-goutte"},"content":{"rendered":"<p><strong>Rouleau anti-chute 18cm et 22cm. \u00d855mm <\/strong><\/p>\n<p><strong>Caract\u00e9ristiques :<\/strong><\/p>\n<p>&#8211; Fabriqu\u00e9 en fibres polyamides anti-gouttes.<\/p>\n<p>&#8211; Biseaut\u00e9 aux deux extr\u00e9mit\u00e9s.<\/p>\n<p>&#8211; Fabriqu\u00e9 dans un tissu de la plus haute qualit\u00e9.<\/p>\n<p>&#8211; Longueur des poils : environ 12 mm.<\/p>\n<p>&#8211; Tige d&rsquo;acier de \u00d87 mm.<\/p>\n","protected":false},"excerpt":{"rendered":"<p><strong>Rouleau anti-chute 18cm et 22cm. \u00d855mm <\/strong><\/p>\n","protected":false},"featured_media":0,"template":"","meta":{"_acf_changed":false,"content-type":""},"product_brand":[25],"product_cat":[387],"product_tag":[],"class_list":{"0":"post-7091","1":"product","2":"type-product","3":"status-publish","5":"product_brand-pavicret","6":"product_cat-sans-categorie","8":"first","9":"instock","10":"taxable","11":"shipping-taxable","12":"purchasable","13":"product-type-simple"},"acf":[],"_links":{"self":[{"href":"https:\/\/pavicret.com\/fr\/wp-json\/wp\/v2\/product\/7091","targetHints":{"allow":["GET"]}}],"collection":[{"href":"https:\/\/pavicret.com\/fr\/wp-json\/wp\/v2\/product"}],"about":[{"href":"https:\/\/pavicret.com\/fr\/wp-json\/wp\/v2\/types\/product"}],"wp:attachment":[{"href":"https:\/\/pavicret.com\/fr\/wp-json\/wp\/v2\/media?parent=7091"}],"wp:term":[{"taxonomy":"product_brand","embeddable":true,"href":"https:\/\/pavicret.com\/fr\/wp-json\/wp\/v2\/product_brand?post=7091"},{"taxonomy":"product_cat","embeddable":true,"href":"https:\/\/pavicret.com\/fr\/wp-json\/wp\/v2\/product_cat?post=7091"},{"taxonomy":"product_tag","embeddable":true,"href":"https:\/\/pavicret.com\/fr\/wp-json\/wp\/v2\/product_tag?post=7091"}],"curies":[{"name":"wp","href":"https:\/\/api.w.org\/{rel}","templated":true}]}}