{"id":7083,"date":"2025-04-11T10:29:01","date_gmt":"2025-04-11T09:29:01","guid":{"rendered":"https:\/\/pavicret.com\/producto\/pistolet-tubulaire-profer-aluminium-600ml\/"},"modified":"2025-04-11T10:29:01","modified_gmt":"2025-04-11T09:29:01","slug":"pistolet-tubulaire-profer-aluminium-600ml","status":"publish","type":"product","link":"https:\/\/pavicret.com\/fr\/producto\/pistolet-tubulaire-profer-aluminium-600ml\/","title":{"rendered":"Pistolet tubulaire Profer Aluminium 600ml"},"content":{"rendered":"","protected":false},"excerpt":{"rendered":"<p><strong>Fabriqu\u00e9 \u00e0 partir de tubes en aluminium. Avec son couple de 25:1, il r\u00e9duit au minimum l&rsquo;effort n\u00e9cessaire pour appliquer des mat\u00e9riaux tr\u00e8s visqueux. <\/strong><\/p>\n","protected":false},"featured_media":0,"template":"","meta":{"_acf_changed":false,"content-type":""},"product_brand":[25],"product_cat":[387],"product_tag":[],"class_list":{"0":"post-7083","1":"product","2":"type-product","3":"status-publish","5":"product_brand-pavicret","6":"product_cat-sans-categorie","8":"first","9":"instock","10":"taxable","11":"shipping-taxable","12":"purchasable","13":"product-type-simple"},"acf":[],"_links":{"self":[{"href":"https:\/\/pavicret.com\/fr\/wp-json\/wp\/v2\/product\/7083","targetHints":{"allow":["GET"]}}],"collection":[{"href":"https:\/\/pavicret.com\/fr\/wp-json\/wp\/v2\/product"}],"about":[{"href":"https:\/\/pavicret.com\/fr\/wp-json\/wp\/v2\/types\/product"}],"wp:attachment":[{"href":"https:\/\/pavicret.com\/fr\/wp-json\/wp\/v2\/media?parent=7083"}],"wp:term":[{"taxonomy":"product_brand","embeddable":true,"href":"https:\/\/pavicret.com\/fr\/wp-json\/wp\/v2\/product_brand?post=7083"},{"taxonomy":"product_cat","embeddable":true,"href":"https:\/\/pavicret.com\/fr\/wp-json\/wp\/v2\/product_cat?post=7083"},{"taxonomy":"product_tag","embeddable":true,"href":"https:\/\/pavicret.com\/fr\/wp-json\/wp\/v2\/product_tag?post=7083"}],"curies":[{"name":"wp","href":"https:\/\/api.w.org\/{rel}","templated":true}]}}