{"id":7077,"date":"2025-04-11T10:28:55","date_gmt":"2025-04-11T09:28:55","guid":{"rendered":"https:\/\/pavicret.com\/producto\/chariot-elevateur\/"},"modified":"2025-04-11T10:28:55","modified_gmt":"2025-04-11T09:28:55","slug":"chariot-elevateur","status":"publish","type":"product","link":"https:\/\/pavicret.com\/fr\/producto\/chariot-elevateur\/","title":{"rendered":"Chariot \u00e9l\u00e9vateur"},"content":{"rendered":"<p>Chariot \u00e9l\u00e9vateur de chantier, sa conception permet un vidage contr\u00f4l\u00e9 du mat\u00e9riel, id\u00e9al pour la construction car il est \u00e9troit et profond et s&rsquo;ins\u00e8re entre les cadres d&rsquo;une porte et est maniable entre les all\u00e9es d&rsquo;un \u00e9chafaudage.<\/p>\n<p>Sa profondeur le rend id\u00e9al pour le transport de liquides ou de solides fins.<\/p>\n<p>Fer et t\u00f4le<\/p>\n<p>Capacit\u00e9 90L (LIQUIDES) et 110L (SOLIDES).<\/p>\n<p>Plateau jaune et corps vert.<\/p>\n<p>Plateau en acier embouti et brid\u00e9, rev\u00eatu d&rsquo;une poudre \u00e9poxy.<\/p>\n","protected":false},"excerpt":{"rendered":"<p><strong>Chariot de chantier, id\u00e9al pour la construction et le transport de liquides ou de solides de faible densit\u00e9.<\/strong><\/p>\n","protected":false},"featured_media":0,"template":"","meta":{"_acf_changed":false,"content-type":""},"product_brand":[25],"product_cat":[387],"product_tag":[],"class_list":{"0":"post-7077","1":"product","2":"type-product","3":"status-publish","5":"product_brand-pavicret","6":"product_cat-sans-categorie","8":"first","9":"instock","10":"taxable","11":"shipping-taxable","12":"purchasable","13":"product-type-simple"},"acf":[],"_links":{"self":[{"href":"https:\/\/pavicret.com\/fr\/wp-json\/wp\/v2\/product\/7077","targetHints":{"allow":["GET"]}}],"collection":[{"href":"https:\/\/pavicret.com\/fr\/wp-json\/wp\/v2\/product"}],"about":[{"href":"https:\/\/pavicret.com\/fr\/wp-json\/wp\/v2\/types\/product"}],"wp:attachment":[{"href":"https:\/\/pavicret.com\/fr\/wp-json\/wp\/v2\/media?parent=7077"}],"wp:term":[{"taxonomy":"product_brand","embeddable":true,"href":"https:\/\/pavicret.com\/fr\/wp-json\/wp\/v2\/product_brand?post=7077"},{"taxonomy":"product_cat","embeddable":true,"href":"https:\/\/pavicret.com\/fr\/wp-json\/wp\/v2\/product_cat?post=7077"},{"taxonomy":"product_tag","embeddable":true,"href":"https:\/\/pavicret.com\/fr\/wp-json\/wp\/v2\/product_tag?post=7077"}],"curies":[{"name":"wp","href":"https:\/\/api.w.org\/{rel}","templated":true}]}}