{"id":7072,"date":"2025-04-11T10:28:55","date_gmt":"2025-04-11T09:28:55","guid":{"rendered":"https:\/\/pavicret.com\/producto\/rouleau-felpon-22cm-et-super-felpon-22sf\/"},"modified":"2025-04-11T10:28:55","modified_gmt":"2025-04-11T09:28:55","slug":"rouleau-felpon-22cm-et-super-felpon-22sf","status":"publish","type":"product","link":"https:\/\/pavicret.com\/fr\/producto\/rouleau-felpon-22cm-et-super-felpon-22sf\/","title":{"rendered":"Rouleau Felpon 22cm et Super Felpon 22sf"},"content":{"rendered":"<h1>FELPON ET SUPER FELPON ROULEAU DE 22 CM :<\/h1>\n<p>Rouleaux Felpon 22 CM \u00e0 haute performance et haute capacit\u00e9 de charge recommand\u00e9s pour peindre les surfaces rugueuses, les fa\u00e7ades, les sols et les murs en b\u00e9ton.<\/p>\n<h2><span style=\"font-size: 14px;\">UTILISATIONS<\/span><\/h2>\n<ul>\n<li>Pour l&rsquo;application de peinture plastique sur des surfaces rugueuses en raison de la longueur du fil.<\/li>\n<li>Peinture de fa\u00e7ades et de murs en b\u00e9ton<\/li>\n<\/ul>\n<h3><span style=\"font-size: 14px;\">CARACT\u00c9RISTIQUES<\/span><\/h3>\n<ul>\n<li>Assure une bonne couverture et une bonne p\u00e9n\u00e9tration sur les surfaces gobelets ou gaufr\u00e9es.<\/li>\n<li>L&rsquo;extr\u00e9mit\u00e9 arrondie permet d&rsquo;\u00e9viter les marques lors de l&rsquo;application.<\/li>\n<li>Tissu 100 % polyamide de 19 mm mont\u00e9 sur une tige d&rsquo;acier galvanis\u00e9 et r\u00e9-\u00e9tir\u00e9 de 7 mm de diam\u00e8tre.<\/li>\n<li>Coll\u00e9 \u00e0 chaud pour \u00e9viter les coutures.<\/li>\n<li>Poign\u00e9e bi-mati\u00e8re Soft Grip.<\/li>\n<\/ul>\n","protected":false},"excerpt":{"rendered":"<p><strong>Pour la peinture de surfaces rugueuses, de fa\u00e7ades, de sols et de murs en b\u00e9ton<\/strong><\/p>\n","protected":false},"featured_media":0,"template":"","meta":{"_acf_changed":false,"content-type":""},"product_brand":[25],"product_cat":[387],"product_tag":[],"class_list":{"0":"post-7072","1":"product","2":"type-product","3":"status-publish","5":"product_brand-pavicret","6":"product_cat-sans-categorie","8":"first","9":"instock","10":"taxable","11":"shipping-taxable","12":"purchasable","13":"product-type-variable"},"acf":[],"_links":{"self":[{"href":"https:\/\/pavicret.com\/fr\/wp-json\/wp\/v2\/product\/7072","targetHints":{"allow":["GET"]}}],"collection":[{"href":"https:\/\/pavicret.com\/fr\/wp-json\/wp\/v2\/product"}],"about":[{"href":"https:\/\/pavicret.com\/fr\/wp-json\/wp\/v2\/types\/product"}],"wp:attachment":[{"href":"https:\/\/pavicret.com\/fr\/wp-json\/wp\/v2\/media?parent=7072"}],"wp:term":[{"taxonomy":"product_brand","embeddable":true,"href":"https:\/\/pavicret.com\/fr\/wp-json\/wp\/v2\/product_brand?post=7072"},{"taxonomy":"product_cat","embeddable":true,"href":"https:\/\/pavicret.com\/fr\/wp-json\/wp\/v2\/product_cat?post=7072"},{"taxonomy":"product_tag","embeddable":true,"href":"https:\/\/pavicret.com\/fr\/wp-json\/wp\/v2\/product_tag?post=7072"}],"curies":[{"name":"wp","href":"https:\/\/api.w.org\/{rel}","templated":true}]}}