{"id":7057,"date":"2025-04-11T10:28:54","date_gmt":"2025-04-11T09:28:54","guid":{"rendered":"https:\/\/pavicret.com\/producto\/coupeuses-a-froid\/"},"modified":"2025-04-11T10:28:54","modified_gmt":"2025-04-11T09:28:54","slug":"coupeuses-a-froid","status":"publish","type":"product","link":"https:\/\/pavicret.com\/fr\/producto\/coupeuses-a-froid\/","title":{"rendered":"Coupeuses \u00e0 froid"},"content":{"rendered":"","protected":false},"excerpt":{"rendered":"<p><strong>COUPEUR \u00c0 FROID<\/strong><\/p>\n<p><strong>Utilis\u00e9 pour couper \u00e0 froid la t\u00f4le en frappant la t\u00eate de cet outil \u00e0 main avec un marteau appropri\u00e9.<\/strong><\/p>\n","protected":false},"featured_media":0,"template":"","meta":{"_acf_changed":false,"content-type":""},"product_brand":[25],"product_cat":[387],"product_tag":[],"class_list":{"0":"post-7057","1":"product","2":"type-product","3":"status-publish","5":"product_brand-pavicret","6":"product_cat-sans-categorie","8":"first","9":"outofstock","10":"taxable","11":"shipping-taxable","12":"purchasable","13":"product-type-simple"},"acf":[],"_links":{"self":[{"href":"https:\/\/pavicret.com\/fr\/wp-json\/wp\/v2\/product\/7057","targetHints":{"allow":["GET"]}}],"collection":[{"href":"https:\/\/pavicret.com\/fr\/wp-json\/wp\/v2\/product"}],"about":[{"href":"https:\/\/pavicret.com\/fr\/wp-json\/wp\/v2\/types\/product"}],"wp:attachment":[{"href":"https:\/\/pavicret.com\/fr\/wp-json\/wp\/v2\/media?parent=7057"}],"wp:term":[{"taxonomy":"product_brand","embeddable":true,"href":"https:\/\/pavicret.com\/fr\/wp-json\/wp\/v2\/product_brand?post=7057"},{"taxonomy":"product_cat","embeddable":true,"href":"https:\/\/pavicret.com\/fr\/wp-json\/wp\/v2\/product_cat?post=7057"},{"taxonomy":"product_tag","embeddable":true,"href":"https:\/\/pavicret.com\/fr\/wp-json\/wp\/v2\/product_tag?post=7057"}],"curies":[{"name":"wp","href":"https:\/\/api.w.org\/{rel}","templated":true}]}}