{"id":7055,"date":"2025-04-11T10:28:54","date_gmt":"2025-04-11T09:28:54","guid":{"rendered":"https:\/\/pavicret.com\/producto\/pot-de-fleurs-albanil-bellota\/"},"modified":"2025-04-11T10:28:54","modified_gmt":"2025-04-11T09:28:54","slug":"pot-de-fleurs-albanil-bellota","status":"publish","type":"product","link":"https:\/\/pavicret.com\/fr\/producto\/pot-de-fleurs-albanil-bellota\/","title":{"rendered":"Pot de fleurs Alba\u00f1il Bellota"},"content":{"rendered":"","protected":false},"excerpt":{"rendered":"<p>JARDINI\u00c8RE EN MA\u00c7ONNERIE EN FORME DE GLAND<\/p>\n","protected":false},"featured_media":0,"template":"","meta":{"_acf_changed":false,"content-type":""},"product_brand":[25],"product_cat":[387],"product_tag":[],"class_list":{"0":"post-7055","1":"product","2":"type-product","3":"status-publish","5":"product_brand-pavicret","6":"product_cat-sans-categorie","8":"first","9":"instock","10":"taxable","11":"shipping-taxable","12":"purchasable","13":"product-type-simple"},"acf":[],"_links":{"self":[{"href":"https:\/\/pavicret.com\/fr\/wp-json\/wp\/v2\/product\/7055","targetHints":{"allow":["GET"]}}],"collection":[{"href":"https:\/\/pavicret.com\/fr\/wp-json\/wp\/v2\/product"}],"about":[{"href":"https:\/\/pavicret.com\/fr\/wp-json\/wp\/v2\/types\/product"}],"wp:attachment":[{"href":"https:\/\/pavicret.com\/fr\/wp-json\/wp\/v2\/media?parent=7055"}],"wp:term":[{"taxonomy":"product_brand","embeddable":true,"href":"https:\/\/pavicret.com\/fr\/wp-json\/wp\/v2\/product_brand?post=7055"},{"taxonomy":"product_cat","embeddable":true,"href":"https:\/\/pavicret.com\/fr\/wp-json\/wp\/v2\/product_cat?post=7055"},{"taxonomy":"product_tag","embeddable":true,"href":"https:\/\/pavicret.com\/fr\/wp-json\/wp\/v2\/product_tag?post=7055"}],"curies":[{"name":"wp","href":"https:\/\/api.w.org\/{rel}","templated":true}]}}