{"id":7035,"date":"2025-04-11T10:28:47","date_gmt":"2025-04-11T09:28:47","guid":{"rendered":"https:\/\/pavicret.com\/producto\/coupe-bordures-a-manche-en-plastique-ou-en-bois\/"},"modified":"2025-04-11T10:28:47","modified_gmt":"2025-04-11T09:28:47","slug":"coupe-bordures-a-manche-en-plastique-ou-en-bois","status":"publish","type":"product","link":"https:\/\/pavicret.com\/fr\/producto\/coupe-bordures-a-manche-en-plastique-ou-en-bois\/","title":{"rendered":"Coupe-bordures \u00e0 manche en plastique ou en bois"},"content":{"rendered":"","protected":false},"excerpt":{"rendered":"<p><strong>Coupe-bordures \u00e0 manche en plastique ou en bois<\/strong><\/p>\n<p><strong>Taille 152 x 88<\/strong><\/p>\n<p><a href=\"https:\/\/pavicret.com\/fr\/contact\/\"><span style=\"color: #0000ff;\"><strong>&lt; DEMANDER LA FICHE DE DONN\u00c9ES DE S\u00c9CURIT\u00c9<\/strong><\/span><\/a><\/p>\n","protected":false},"featured_media":0,"template":"","meta":{"_acf_changed":false,"content-type":""},"product_brand":[25],"product_cat":[387],"product_tag":[],"class_list":{"0":"post-7035","1":"product","2":"type-product","3":"status-publish","5":"product_brand-pavicret","6":"product_cat-sans-categorie","8":"first","9":"instock","10":"taxable","11":"shipping-taxable","12":"purchasable","13":"product-type-simple"},"acf":[],"_links":{"self":[{"href":"https:\/\/pavicret.com\/fr\/wp-json\/wp\/v2\/product\/7035","targetHints":{"allow":["GET"]}}],"collection":[{"href":"https:\/\/pavicret.com\/fr\/wp-json\/wp\/v2\/product"}],"about":[{"href":"https:\/\/pavicret.com\/fr\/wp-json\/wp\/v2\/types\/product"}],"wp:attachment":[{"href":"https:\/\/pavicret.com\/fr\/wp-json\/wp\/v2\/media?parent=7035"}],"wp:term":[{"taxonomy":"product_brand","embeddable":true,"href":"https:\/\/pavicret.com\/fr\/wp-json\/wp\/v2\/product_brand?post=7035"},{"taxonomy":"product_cat","embeddable":true,"href":"https:\/\/pavicret.com\/fr\/wp-json\/wp\/v2\/product_cat?post=7035"},{"taxonomy":"product_tag","embeddable":true,"href":"https:\/\/pavicret.com\/fr\/wp-json\/wp\/v2\/product_tag?post=7035"}],"curies":[{"name":"wp","href":"https:\/\/api.w.org\/{rel}","templated":true}]}}