{"id":7032,"date":"2025-04-11T10:28:47","date_gmt":"2025-04-11T09:28:47","guid":{"rendered":"https:\/\/pavicret.com\/producto\/coupe-bordure-6x4-1-2r-5-8l-cg-hdl\/"},"modified":"2025-04-11T10:28:47","modified_gmt":"2025-04-11T09:28:47","slug":"coupe-bordure-6x4-1-2r-5-8l-cg-hdl","status":"publish","type":"product","link":"https:\/\/pavicret.com\/fr\/producto\/coupe-bordure-6x4-1-2r-5-8l-cg-hdl\/","title":{"rendered":"Coupe-bordure 6&#215;4 1\/2R 5\/8L CG HDL"},"content":{"rendered":"","protected":false},"excerpt":{"rendered":"<p><strong>Coupe-bordure 6&#215;4 1\/2R 5\/8L CG HDL<\/strong><\/p>\n<p><strong>Taille 152 x 50<\/strong><\/p>\n<p><a href=\"https:\/\/pavicret.com\/fr\/contact\/\"><span style=\"color: #0000ff;\"><strong>&lt; DEMANDER LA FICHE DE DONN\u00c9ES DE S\u00c9CURIT\u00c9<\/strong><\/span><\/a><\/p>\n","protected":false},"featured_media":0,"template":"","meta":{"_acf_changed":false,"content-type":""},"product_brand":[25],"product_cat":[387],"product_tag":[],"class_list":{"0":"post-7032","1":"product","2":"type-product","3":"status-publish","5":"product_brand-pavicret","6":"product_cat-sans-categorie","8":"first","9":"instock","10":"taxable","11":"shipping-taxable","12":"purchasable","13":"product-type-simple"},"acf":[],"_links":{"self":[{"href":"https:\/\/pavicret.com\/fr\/wp-json\/wp\/v2\/product\/7032","targetHints":{"allow":["GET"]}}],"collection":[{"href":"https:\/\/pavicret.com\/fr\/wp-json\/wp\/v2\/product"}],"about":[{"href":"https:\/\/pavicret.com\/fr\/wp-json\/wp\/v2\/types\/product"}],"wp:attachment":[{"href":"https:\/\/pavicret.com\/fr\/wp-json\/wp\/v2\/media?parent=7032"}],"wp:term":[{"taxonomy":"product_brand","embeddable":true,"href":"https:\/\/pavicret.com\/fr\/wp-json\/wp\/v2\/product_brand?post=7032"},{"taxonomy":"product_cat","embeddable":true,"href":"https:\/\/pavicret.com\/fr\/wp-json\/wp\/v2\/product_cat?post=7032"},{"taxonomy":"product_tag","embeddable":true,"href":"https:\/\/pavicret.com\/fr\/wp-json\/wp\/v2\/product_tag?post=7032"}],"curies":[{"name":"wp","href":"https:\/\/api.w.org\/{rel}","templated":true}]}}