{"id":7023,"date":"2025-04-11T10:28:37","date_gmt":"2025-04-11T09:28:37","guid":{"rendered":"https:\/\/pavicret.com\/producto\/pavicret-industrial-couche-hydratee-plus\/"},"modified":"2025-09-19T14:49:52","modified_gmt":"2025-09-19T13:49:52","slug":"pavicret-industrial-couche-hydratee-plus","status":"publish","type":"product","link":"https:\/\/pavicret.com\/fr\/producto\/pavicret-industrial-couche-hydratee-plus\/","title":{"rendered":"PaviCret Industrial Couche Hydrat\u00e9e Plus"},"content":{"rendered":"","protected":false},"excerpt":{"rendered":"<p><strong>Mortier sec pour b\u00e9ton industriel.<\/strong><\/p>\n<p>Mortier sec qui s&rsquo;applique une fois malax\u00e9 sur le b\u00e9ton frais, formant une couche de roulement monolithique sur celui-ci,<\/p>\n<p>augmentant les caract\u00e9ristiques m\u00e9caniques et la r\u00e9sistance \u00e0 l&rsquo;abrasion du rev\u00eatement.<\/p>\n<p>Sac de<strong>25 Kg.<\/strong><\/p>\n","protected":false},"featured_media":6584,"template":"","meta":{"_acf_changed":false,"content-type":""},"product_brand":[25],"product_cat":[410],"product_tag":[],"class_list":{"0":"post-7023","1":"product","2":"type-product","3":"status-publish","4":"has-post-thumbnail","6":"product_brand-pavicret","7":"product_cat-revetement-de-sol-industriel","9":"first","10":"instock","11":"featured","12":"taxable","13":"shipping-taxable","14":"purchasable","15":"product-type-simple"},"acf":[],"_links":{"self":[{"href":"https:\/\/pavicret.com\/fr\/wp-json\/wp\/v2\/product\/7023","targetHints":{"allow":["GET"]}}],"collection":[{"href":"https:\/\/pavicret.com\/fr\/wp-json\/wp\/v2\/product"}],"about":[{"href":"https:\/\/pavicret.com\/fr\/wp-json\/wp\/v2\/types\/product"}],"wp:featuredmedia":[{"embeddable":true,"href":"https:\/\/pavicret.com\/fr\/wp-json\/wp\/v2\/media\/6584"}],"wp:attachment":[{"href":"https:\/\/pavicret.com\/fr\/wp-json\/wp\/v2\/media?parent=7023"}],"wp:term":[{"taxonomy":"product_brand","embeddable":true,"href":"https:\/\/pavicret.com\/fr\/wp-json\/wp\/v2\/product_brand?post=7023"},{"taxonomy":"product_cat","embeddable":true,"href":"https:\/\/pavicret.com\/fr\/wp-json\/wp\/v2\/product_cat?post=7023"},{"taxonomy":"product_tag","embeddable":true,"href":"https:\/\/pavicret.com\/fr\/wp-json\/wp\/v2\/product_tag?post=7023"}],"curies":[{"name":"wp","href":"https:\/\/api.w.org\/{rel}","templated":true}]}}