{"id":7022,"date":"2025-04-11T10:28:30","date_gmt":"2025-04-11T09:28:30","guid":{"rendered":"https:\/\/pavicret.com\/producto\/pavicril-plus-ptr\/"},"modified":"2025-09-18T16:17:15","modified_gmt":"2025-09-18T15:17:15","slug":"pavicril-plus-ptr","status":"publish","type":"product","link":"https:\/\/pavicret.com\/fr\/producto\/pavicril-plus-ptr\/","title":{"rendered":"PaviCril Plus PTR"},"content":{"rendered":"","protected":false},"excerpt":{"rendered":"<p>R\u00e9sine de scellement \u00e0 base de solvant.<\/p>\n<p>PaviCril Plus PTR est une laque durcissante \u00e0 base de r\u00e9sine acrylique thermoplastique \u00e0 haute viscosit\u00e9, sp\u00e9cialement indiqu\u00e9e pour la protection et le scellement des rev\u00eatements en b\u00e9ton imprim\u00e9 \u00e0 l&rsquo;ext\u00e9rieur, en pr\u00e9servant leur texture originale<strong>.<\/strong><\/p>\n<p><strong>Couleur :<\/strong> Incolore brillant.<\/p>\n<p>Carafe de 25 litres.<\/p>\n","protected":false},"featured_media":6627,"template":"","meta":{"_acf_changed":false,"content-type":""},"product_brand":[25],"product_cat":[409,405,408,407],"product_tag":[],"class_list":{"0":"post-7022","1":"product","2":"type-product","3":"status-publish","4":"has-post-thumbnail","6":"product_brand-pavicret","7":"product_cat-a-base-de-solvant","8":"product_cat-complements","9":"product_cat-conservateurs","10":"product_cat-protecteurs","12":"first","13":"instock","14":"featured","15":"taxable","16":"shipping-taxable","17":"purchasable","18":"product-type-simple"},"acf":[],"_links":{"self":[{"href":"https:\/\/pavicret.com\/fr\/wp-json\/wp\/v2\/product\/7022","targetHints":{"allow":["GET"]}}],"collection":[{"href":"https:\/\/pavicret.com\/fr\/wp-json\/wp\/v2\/product"}],"about":[{"href":"https:\/\/pavicret.com\/fr\/wp-json\/wp\/v2\/types\/product"}],"wp:featuredmedia":[{"embeddable":true,"href":"https:\/\/pavicret.com\/fr\/wp-json\/wp\/v2\/media\/6627"}],"wp:attachment":[{"href":"https:\/\/pavicret.com\/fr\/wp-json\/wp\/v2\/media?parent=7022"}],"wp:term":[{"taxonomy":"product_brand","embeddable":true,"href":"https:\/\/pavicret.com\/fr\/wp-json\/wp\/v2\/product_brand?post=7022"},{"taxonomy":"product_cat","embeddable":true,"href":"https:\/\/pavicret.com\/fr\/wp-json\/wp\/v2\/product_cat?post=7022"},{"taxonomy":"product_tag","embeddable":true,"href":"https:\/\/pavicret.com\/fr\/wp-json\/wp\/v2\/product_tag?post=7022"}],"curies":[{"name":"wp","href":"https:\/\/api.w.org\/{rel}","templated":true}]}}