{"id":7020,"date":"2025-04-11T10:28:30","date_gmt":"2025-04-11T09:28:30","guid":{"rendered":"https:\/\/pavicret.com\/producto\/pavilat-s100\/"},"modified":"2025-09-18T16:05:05","modified_gmt":"2025-09-18T15:05:05","slug":"pavilat-s100","status":"publish","type":"product","link":"https:\/\/pavicret.com\/fr\/producto\/pavilat-s100\/","title":{"rendered":"PaviLat S100"},"content":{"rendered":"","protected":false},"excerpt":{"rendered":"<p><strong>Colle longue dur\u00e9e pour mortier et b\u00e9ton<\/strong><\/p>\n<p>PaviLat S-100 est une colle liquide pour b\u00e9ton et mortier, particuli\u00e8rement adapt\u00e9e comme agent de liaison entre diff\u00e9rents mat\u00e9riaux et le b\u00e9ton et comme agent de liaison pour le b\u00e9ton neuf\/ancien, le mortier avec le pl\u00e2tre et le b\u00e9ton, toute surface propre et r\u00e9sistante et le collage de cloisons avec des piliers.<\/p>\n<p><strong>Bouteilles en plastique de 8, 5 et 25 litres.<\/strong><\/p>\n<p><strong>Couleur blanc laiteux.<\/strong><\/p>\n","protected":false},"featured_media":6538,"template":"","meta":{"_acf_changed":false,"content-type":""},"product_brand":[25],"product_cat":[405,406],"product_tag":[],"class_list":{"0":"post-7020","1":"product","2":"type-product","3":"status-publish","4":"has-post-thumbnail","6":"product_brand-pavicret","7":"product_cat-complements","8":"product_cat-ponts-de-liaison","10":"first","11":"instock","12":"featured","13":"taxable","14":"shipping-taxable","15":"purchasable","16":"product-type-simple"},"acf":[],"_links":{"self":[{"href":"https:\/\/pavicret.com\/fr\/wp-json\/wp\/v2\/product\/7020","targetHints":{"allow":["GET"]}}],"collection":[{"href":"https:\/\/pavicret.com\/fr\/wp-json\/wp\/v2\/product"}],"about":[{"href":"https:\/\/pavicret.com\/fr\/wp-json\/wp\/v2\/types\/product"}],"wp:featuredmedia":[{"embeddable":true,"href":"https:\/\/pavicret.com\/fr\/wp-json\/wp\/v2\/media\/6538"}],"wp:attachment":[{"href":"https:\/\/pavicret.com\/fr\/wp-json\/wp\/v2\/media?parent=7020"}],"wp:term":[{"taxonomy":"product_brand","embeddable":true,"href":"https:\/\/pavicret.com\/fr\/wp-json\/wp\/v2\/product_brand?post=7020"},{"taxonomy":"product_cat","embeddable":true,"href":"https:\/\/pavicret.com\/fr\/wp-json\/wp\/v2\/product_cat?post=7020"},{"taxonomy":"product_tag","embeddable":true,"href":"https:\/\/pavicret.com\/fr\/wp-json\/wp\/v2\/product_tag?post=7020"}],"curies":[{"name":"wp","href":"https:\/\/api.w.org\/{rel}","templated":true}]}}