{"id":7019,"date":"2025-04-11T10:28:37","date_gmt":"2025-04-11T09:28:37","guid":{"rendered":"https:\/\/pavicret.com\/producto\/truelle-a-main-manche-en-plastique-acier-bleu-2\/"},"modified":"2025-04-11T10:28:37","modified_gmt":"2025-04-11T09:28:37","slug":"truelle-a-main-manche-en-plastique-acier-bleu-2","status":"publish","type":"product","link":"https:\/\/pavicret.com\/fr\/producto\/truelle-a-main-manche-en-plastique-acier-bleu-2\/","title":{"rendered":"Truelle \u00e0 main (manche en plastique, acier bleu)"},"content":{"rendered":"","protected":false},"excerpt":{"rendered":"<p><b>Truelle \u00e0 main (manche en bois, acier bleu)<\/b><\/p>\n<p><strong>Mesure 360 x 100<\/strong><\/p>\n<p><strong>Taille 410 x 100<\/strong><\/p>\n<p><strong>Taille 508 x 127<\/strong><\/p>\n<p><a href=\"https:\/\/pavicret.com\/fr\/contact\/\"><span style=\"color: #0000ff;\"><strong>&lt; DEMANDER LA FICHE DE DONN\u00c9ES DE S\u00c9CURIT\u00c9<\/strong><\/span><\/a><\/p>\n","protected":false},"featured_media":0,"template":"","meta":{"_acf_changed":false,"content-type":""},"product_brand":[25],"product_cat":[387],"product_tag":[],"class_list":{"0":"post-7019","1":"product","2":"type-product","3":"status-publish","5":"product_brand-pavicret","6":"product_cat-sans-categorie","8":"first","9":"outofstock","10":"taxable","11":"shipping-taxable","12":"product-type-variable"},"acf":[],"_links":{"self":[{"href":"https:\/\/pavicret.com\/fr\/wp-json\/wp\/v2\/product\/7019","targetHints":{"allow":["GET"]}}],"collection":[{"href":"https:\/\/pavicret.com\/fr\/wp-json\/wp\/v2\/product"}],"about":[{"href":"https:\/\/pavicret.com\/fr\/wp-json\/wp\/v2\/types\/product"}],"wp:attachment":[{"href":"https:\/\/pavicret.com\/fr\/wp-json\/wp\/v2\/media?parent=7019"}],"wp:term":[{"taxonomy":"product_brand","embeddable":true,"href":"https:\/\/pavicret.com\/fr\/wp-json\/wp\/v2\/product_brand?post=7019"},{"taxonomy":"product_cat","embeddable":true,"href":"https:\/\/pavicret.com\/fr\/wp-json\/wp\/v2\/product_cat?post=7019"},{"taxonomy":"product_tag","embeddable":true,"href":"https:\/\/pavicret.com\/fr\/wp-json\/wp\/v2\/product_tag?post=7019"}],"curies":[{"name":"wp","href":"https:\/\/api.w.org\/{rel}","templated":true}]}}