{"id":6986,"date":"2025-04-11T10:26:33","date_gmt":"2025-04-11T09:26:33","guid":{"rendered":"https:\/\/pavicret.com\/producto\/pavipol-pu-650\/"},"modified":"2025-04-11T10:26:33","modified_gmt":"2025-04-11T09:26:33","slug":"pavipol-pu-650","status":"publish","type":"product","link":"https:\/\/pavicret.com\/fr\/producto\/pavipol-pu-650\/","title":{"rendered":"PaviPol PU-650"},"content":{"rendered":"<p><strong><a href=\"http:\/\/pavicret.com\/wp-content\/uploads\/2018\/07\/PaviPol-650-FT-2018-01.pdf\" target=\"_blank\" rel=\"noopener noreferrer\">T\u00c9L\u00c9CHARGEZ LA FICHE TECHNIQUE<\/a><\/strong><\/p>\n<p>&nbsp;<\/p>\n<p><strong>VERNIS POLYUR\u00c9THANE  <\/strong><\/p>\n<div class=\"page\" title=\"Page 106\">\n<div class=\"section\">\n<div class=\"layoutArea\">\n<div class=\"column\">\n<p>PaviPol-650 est un vernis incolore \u00e0 base de r\u00e9sines r\u00e9ticulables avec des isocyanates \u00e0 base de solvant, avec une excellente duret\u00e9, t\u00e9nacit\u00e9, r\u00e9sistance chimique et une haute r\u00e9sistance au jaunissement. Il peut \u00eatre appliqu\u00e9 \u00e0 l&rsquo;ext\u00e9rieur ou \u00e0 l&rsquo;int\u00e9rieur. <\/p>\n<\/div>\n<\/div>\n<\/div>\n<\/div>\n<p><strong>PR\u00c9SENTATION :<\/strong><\/p>\n<div class=\"page\" title=\"Page 106\">\n<div class=\"section\">\n<div class=\"layoutArea\">\n<div class=\"column\">\n<p>Fourni en conteneurs de 4 litres pour le composant A et de 1 litre pour le composant B.<\/p>\n<p>Disponible en couleurs brillantes, satin\u00e9es et mates.<\/p>\n<\/div>\n<\/div>\n<\/div>\n<\/div>\n<p>&nbsp;<\/p>\n<p><strong>PROPRI\u00c9T\u00c9S TECHNIQUES :<\/strong><\/p>\n<p><img fetchpriority=\"high\" decoding=\"async\" class=\"wp-image-3334 size-full aligncenter\" src=\"http:\/\/pavicret.com\/wp-content\/uploads\/2018\/07\/Captura-de-pantalla-2018-07-22-a-las-18.50.23.png\" alt=\"\" width=\"628\" height=\"646\"><\/p>\n<p>&nbsp;<\/p>\n<p><strong>DEMANDE D&rsquo;EMPLOI :  <\/strong><\/p>\n<div class=\"page\" title=\"Page 106\">\n<div class=\"section\">\n<div class=\"layoutArea\">\n<div class=\"column\">\n<p>Finition compatible avec les syst\u00e8mes \u00e9poxy.<\/p>\n<p>Haute r\u00e9tention de brillance.<\/p>\n<p>Finition uniforme.<\/p>\n<\/div>\n<\/div>\n<div class=\"layoutArea\">\n<div class=\"column\">\n<p>Haute r\u00e9sistance chimique.<\/p>\n<p>Meilleure r\u00e9sistance aux rayures.<\/p>\n<p>Finition pour les syst\u00e8mes \u00e0 couches minces, autonivelants ou multicouches.<\/p>\n<\/div>\n<\/div>\n<\/div>\n<\/div>\n<p>&nbsp;<\/p>\n<p><strong>STOCKAGE :<\/strong><\/p>\n<div class=\"page\" title=\"Page 106\">\n<div class=\"section\">\n<div class=\"layoutArea\">\n<div class=\"column\">\n<p>Les conteneurs doivent \u00eatre conserv\u00e9s dans un endroit frais et sec pendant une p\u00e9riode maximale de 12 mois, \u00e0 l&rsquo;abri de l&rsquo;humidit\u00e9 et de la lumi\u00e8re directe du soleil, \u00e0 une temp\u00e9rature comprise entre 5oC et 25oC. Le produit doit rester dans son emballage d&rsquo;origine avec le nom du fabricant, la d\u00e9signation du produit, le num\u00e9ro de production et les \u00e9tiquettes.  <\/p>\n<\/div>\n<\/div>\n<\/div>\n<\/div>\n<p>&nbsp;<\/p>\n<p><strong>DEMANDE D&rsquo;EMPLOI :<\/strong><\/p>\n<div class=\"page\" title=\"Page 106\">\n<div class=\"section\">\n<div class=\"layoutArea\">\n<div class=\"column\">\n<p>Rapport de m\u00e9lange : 2 pour 1 en poids Dur\u00e9e de vie en pot : 4 heures \u00e0 20oC.<\/p>\n<div class=\"page\" title=\"Page 106\">\n<div class=\"section\">\n<div class=\"layoutArea\">\n<div class=\"column\">\n<p>Intervalle de recouvrement : Minimum : 4 heures \u00e0 20oC Maximum : 3 jours \u00e0 20oC.<\/p>\n<div class=\"page\" title=\"Page 106\">\n<div class=\"section\">\n<div class=\"layoutArea\">\n<div class=\"column\">\n<p>S\u00e9chage total 24 r. (2oC) <\/p>\n<div class=\"page\" title=\"Page 106\">\n<div class=\"section\">\n<div class=\"layoutArea\">\n<div class=\"column\">\n<p>Temp\u00e9rature d&rsquo;application : Entre 10 et 5oC. Humidit\u00e9 ambiante : moins de 90. Viscosit\u00e9 : 20 sec. Ford 4 (20oC)   <\/p>\n<div class=\"page\" title=\"Page 106\">\n<div class=\"section\">\n<div class=\"layoutArea\">\n<div class=\"column\">\n<p>La surface doit \u00eatre s\u00e8che, exempte de graisse et de contaminants.<\/p>\n<div class=\"page\" title=\"Page 106\">\n<div class=\"section\">\n<div class=\"layoutArea\">\n<div class=\"column\">\n<p>Sur le b\u00e9ton, la surface doit \u00eatre compl\u00e8tement durcie (&gt;28 jours) et exempte d&rsquo;humidit\u00e9.<\/p>\n<div class=\"page\" title=\"Page 106\">\n<div class=\"section\">\n<div class=\"layoutArea\">\n<div class=\"column\">\n<p>Le nombre de couches d\u00e9pend de l&rsquo;absorption du support ; sur les surfaces tr\u00e8s poreuses, il faut plus de couches pour \u00e9viter les diff\u00e9rences de brillance dues \u00e0 l&rsquo;absorption diff\u00e9rente du liant par le support. La temp\u00e9rature du support doit \u00eatre sup\u00e9rieure \u00e0 10oC et au moins 3o au-dessus du point de ros\u00e9e. <\/p>\n<\/div>\n<\/div>\n<\/div>\n<\/div>\n<\/div>\n<\/div>\n<\/div>\n<\/div>\n<\/div>\n<\/div>\n<\/div>\n<\/div>\n<\/div>\n<\/div>\n<\/div>\n<\/div>\n<\/div>\n<\/div>\n<\/div>\n<\/div>\n<\/div>\n<\/div>\n<\/div>\n<\/div>\n<\/div>\n<\/div>\n<\/div>\n<\/div>\n<p>&nbsp;<\/p>\n<p><strong>RECOMMANDATIONS :<\/strong><\/p>\n<div class=\"page\" title=\"Page 106\">\n<div class=\"section\">\n<div class=\"layoutArea\">\n<div class=\"column\">\n<p>V\u00e9rifier soigneusement la pr\u00e9paration du support<\/p>\n<p>Agiter le contenu du r\u00e9cipient avant utilisation.<\/p>\n<p>Ne pas laisser les r\u00e9cipients ouverts pendant une longue p\u00e9riode.appliquer avec un bon renouvellement d&rsquo;air.<\/p>\n<p>&nbsp;<\/p>\n<\/div>\n<\/div>\n<\/div>\n<\/div>\n<p><strong>S\u00c9CURIT\u00c9 :<\/strong><\/p>\n<div class=\"page\" title=\"Page 106\">\n<div class=\"section\">\n<div class=\"layoutArea\">\n<div class=\"column\">\n<p>Portez des gants lorsque vous utilisez le produit.<\/p>\n<div class=\"page\" title=\"Page 106\">\n<div class=\"section\">\n<div class=\"layoutArea\">\n<div class=\"column\">\n<p>Pour toute information concernant la manipulation, le transport, le stockage et l&rsquo;utilisation du produit en toute s\u00e9curit\u00e9, veuillez vous r\u00e9f\u00e9rer \u00e0 la fiche de donn\u00e9es de s\u00e9curit\u00e9 du produit en vigueur.<\/p>\n<\/div>\n<\/div>\n<\/div>\n<\/div>\n<\/div>\n<\/div>\n<\/div>\n<\/div>\n<p>&nbsp;<\/p>\n<p><strong><a href=\"https:\/\/pavicret.com\/fr\/contact\/\">DEMANDER LA FICHE DE DONN\u00c9ES DE S\u00c9CURIT\u00c9<\/a><\/strong><\/p>\n","protected":false},"excerpt":{"rendered":"<p><strong>Vernis polyur\u00e9thane aliphatique \u00e0 2 composants en phase solvant.<\/strong><\/p>\n<p><strong><a href=\"http:\/\/pavicret.com\/wp-content\/uploads\/2018\/07\/PaviPol-650-FT-2018-01.pdf\" target=\"_blank\" rel=\"noopener noreferrer\">T\u00c9L\u00c9CHARGEZ LA FICHE TECHNIQUE<\/a><\/strong><\/p>\n<p><strong><a href=\"https:\/\/pavicret.com\/fr\/contact\/\">DEMANDEZ LA FICHE DE S\u00c9CURIT\u00c9<\/a><\/strong><\/p>\n","protected":false},"featured_media":0,"template":"","meta":{"_acf_changed":false,"content-type":""},"product_brand":[25],"product_cat":[387],"product_tag":[],"class_list":{"0":"post-6986","1":"product","2":"type-product","3":"status-publish","5":"product_brand-pavicret","6":"product_cat-sans-categorie","8":"first","9":"instock","10":"taxable","11":"shipping-taxable","12":"purchasable","13":"product-type-simple"},"acf":[],"_links":{"self":[{"href":"https:\/\/pavicret.com\/fr\/wp-json\/wp\/v2\/product\/6986","targetHints":{"allow":["GET"]}}],"collection":[{"href":"https:\/\/pavicret.com\/fr\/wp-json\/wp\/v2\/product"}],"about":[{"href":"https:\/\/pavicret.com\/fr\/wp-json\/wp\/v2\/types\/product"}],"wp:attachment":[{"href":"https:\/\/pavicret.com\/fr\/wp-json\/wp\/v2\/media?parent=6986"}],"wp:term":[{"taxonomy":"product_brand","embeddable":true,"href":"https:\/\/pavicret.com\/fr\/wp-json\/wp\/v2\/product_brand?post=6986"},{"taxonomy":"product_cat","embeddable":true,"href":"https:\/\/pavicret.com\/fr\/wp-json\/wp\/v2\/product_cat?post=6986"},{"taxonomy":"product_tag","embeddable":true,"href":"https:\/\/pavicret.com\/fr\/wp-json\/wp\/v2\/product_tag?post=6986"}],"curies":[{"name":"wp","href":"https:\/\/api.w.org\/{rel}","templated":true}]}}