{"id":6978,"date":"2025-04-11T10:26:10","date_gmt":"2025-04-11T09:26:10","guid":{"rendered":"https:\/\/pavicret.com\/producto\/pavicret-micro-acrylic\/"},"modified":"2025-04-11T10:26:10","modified_gmt":"2025-04-11T09:26:10","slug":"pavicret-micro-acrylic","status":"publish","type":"product","link":"https:\/\/pavicret.com\/fr\/producto\/pavicret-micro-acrylic\/","title":{"rendered":"PaviCret Micro Acrylic"},"content":{"rendered":"<p><strong><a href=\"http:\/\/pavicret.com\/wp-content\/uploads\/2019\/12\/PaviCret-Micro-Acri%CC%81lic-FT-2018-02.pdf\" target=\"_blank\" rel=\"noopener noreferrer\">T\u00c9L\u00c9CHARGEZ LA FICHE TECHNIQUE<\/a><\/strong><\/p>\n<p><strong>RESINE DE M\u00c9LANGE<\/strong><\/p>\n<p><strong>Liquide synth\u00e9tique \u00e0 base de copolym\u00e8res acryliques utilis\u00e9 pour m\u00e9langer le PaviCret-Micro F et le PaviCret-Micro M.<\/strong><\/p>\n<p>La r\u00e9sine de m\u00e9lange acrylique PaviCret-Micro est un liquide synth\u00e9tique \u00e0 base de copolym\u00e8res acryliques qui est utilis\u00e9 pour m\u00e9langer le PaviCret-Micro F et le PaviCretMicro M.<\/p>\n<p>&nbsp;<\/p>\n<p><strong>SOUTIEN :<\/strong><\/p>\n<p>Le support doit \u00eatre solide, aussi mince que possible, durci et exempt de poussi\u00e8re, de peinture et d&rsquo;huile.<\/p>\n<p>&nbsp;<\/p>\n<p><strong>PR\u00c9SENTATION :<\/strong><\/p>\n<p>PaviCret-Micro Acrylic : carafes de 2l, 8l ou 25l.<\/p>\n<p>&nbsp;<\/p>\n<p><strong>CANDIDATURES :<\/strong><\/p>\n<p>Ses principales caract\u00e9ristiques sont les suivantes<\/p>\n<p>&#8211; Augmente la r\u00e9sistance m\u00e9canique.<\/p>\n<p>&#8211; Am\u00e9liore l&rsquo;adh\u00e9rence.<\/p>\n<p>&#8211; Augmente la r\u00e9sistance aux agents chimiques et naturels<span style=\"font-size: 12px;\">(CO2<\/span>, eau, etc.).<\/p>\n<p>&#8211; Augmente la coh\u00e9sion.<\/p>\n<p>&#8211; Augmente l&rsquo;imperm\u00e9abilit\u00e9.<\/p>\n<p>&#8211; Augmente la durabilit\u00e9.<\/p>\n<p>&#8211; Augmente l&rsquo;\u00e9lasticit\u00e9.<\/p>\n<p>&nbsp;<\/p>\n<p><strong>CONSOMMATION :<\/strong><\/p>\n<p>Consommation d&rsquo;environ 1 \u00e0 2 kg\/m\u00b2, en fonction des couches.<\/p>\n<p>&nbsp;<\/p>\n<p><strong>STOCKAGE :<\/strong><\/p>\n<p>La dur\u00e9e de conservation est d&rsquo;environ 12 mois, dans son emballage d&rsquo;origine, ferm\u00e9 et prot\u00e9g\u00e9 des intemp\u00e9ries et de l&rsquo;humidit\u00e9.<\/p>\n<p>&nbsp;<\/p>\n<p><strong>DEMANDE D&rsquo;EMPLOI :<\/strong><\/p>\n<p>&#8211; M\u00e9langez PaviCret-Micro Acrilic avec PaviCret-Micro F ou Pavi-Cret-Micro M selon le dosage recommand\u00e9 jusqu&rsquo;\u00e0 obtention d&rsquo;un m\u00e9lange homog\u00e8ne.<\/p>\n<p>&#8211; Laissez reposer le produit malax\u00e9 pendant cinq minutes.<\/p>\n<p>&nbsp;<\/p>\n<p><strong>RECOMMANDATIONS :<\/strong><\/p>\n<p>&#8211; Le support doit \u00eatre solide, aussi mince que possible, durci et exempt de poussi\u00e8re, de peinture et d&rsquo;huile.<\/p>\n<p>&#8211; N&rsquo;ajoutez aucun additif au mortier.<\/p>\n<p>&#8211; La temp\u00e9rature d&rsquo;application est comprise entre + 5 \u00baC et 35 \u00baC. Par temps chaud, le rev\u00eatement doit \u00eatre humidifi\u00e9 au pr\u00e9alable. <\/p>\n<p>&#8211; Conserver dans un endroit sec et \u00e0 l&rsquo;abri des intemp\u00e9ries.<\/p>\n<p>&nbsp;<\/p>\n<p><strong><a href=\"https:\/\/pavicret.com\/fr\/contact\/\">DEMANDER LA FICHE DE DONN\u00c9ES DE S\u00c9CURIT\u00c9<\/a><\/strong><\/p>\n","protected":false},"excerpt":{"rendered":"<p><strong><a href=\"https:\/\/issuu.com\/pavicret\/docs\/microcemento\" target=\"_blank\" rel=\"noopener noreferrer\">VOIR LE CATALOGUE MICROCEMENTO<\/a><\/strong><\/p>\n<p><strong>Liquide synth\u00e9tique \u00e0 base de copolym\u00e8res acryliques utilis\u00e9 pour m\u00e9langer le PaviCret-Micro F et le PaviCret-Micro M.<\/strong><\/p>\n<p>La r\u00e9sine de m\u00e9lange acrylique PaviCret-Micro est un liquide synth\u00e9tique \u00e0 base de copolym\u00e8res acryliques qui est utilis\u00e9 pour m\u00e9langer le PaviCret-Micro F et le PaviCretMicro M.<\/p>\n<p><strong>Bidons de 2, 8 et 25 litres.<\/strong><\/p>\n<p><strong><a href=\"http:\/\/pavicret.com\/wp-content\/uploads\/2019\/12\/PaviCret-Micro-Acri%CC%81lic-FT-2018-02.pdf\" target=\"_blank\" rel=\"noopener noreferrer\">T\u00c9L\u00c9CHARGEZ LA FICHE TECHNIQUE<\/a><\/strong><\/p>\n<p><strong><a href=\"https:\/\/pavicret.com\/fr\/contact\/\">DEMANDER LA FICHE DE DONN\u00c9ES DE S\u00c9CURIT\u00c9<\/a><\/strong><\/p>\n","protected":false},"featured_media":0,"template":"","meta":{"_acf_changed":false,"content-type":""},"product_brand":[25],"product_cat":[387],"product_tag":[],"class_list":{"0":"post-6978","1":"product","2":"type-product","3":"status-publish","5":"product_brand-pavicret","6":"product_cat-sans-categorie","8":"first","9":"instock","10":"taxable","11":"shipping-taxable","12":"purchasable","13":"product-type-variable"},"acf":[],"_links":{"self":[{"href":"https:\/\/pavicret.com\/fr\/wp-json\/wp\/v2\/product\/6978","targetHints":{"allow":["GET"]}}],"collection":[{"href":"https:\/\/pavicret.com\/fr\/wp-json\/wp\/v2\/product"}],"about":[{"href":"https:\/\/pavicret.com\/fr\/wp-json\/wp\/v2\/types\/product"}],"wp:attachment":[{"href":"https:\/\/pavicret.com\/fr\/wp-json\/wp\/v2\/media?parent=6978"}],"wp:term":[{"taxonomy":"product_brand","embeddable":true,"href":"https:\/\/pavicret.com\/fr\/wp-json\/wp\/v2\/product_brand?post=6978"},{"taxonomy":"product_cat","embeddable":true,"href":"https:\/\/pavicret.com\/fr\/wp-json\/wp\/v2\/product_cat?post=6978"},{"taxonomy":"product_tag","embeddable":true,"href":"https:\/\/pavicret.com\/fr\/wp-json\/wp\/v2\/product_tag?post=6978"}],"curies":[{"name":"wp","href":"https:\/\/api.w.org\/{rel}","templated":true}]}}