{"id":25111,"date":"2026-04-29T09:44:06","date_gmt":"2026-04-29T08:44:06","guid":{"rendered":"https:\/\/pavicret.com\/producto\/refordur-v12-ar\/"},"modified":"2026-04-29T09:44:43","modified_gmt":"2026-04-29T08:44:43","slug":"refordur-v12-ar","status":"publish","type":"product","link":"https:\/\/pavicret.com\/fr\/producto\/refordur-v12-ar\/","title":{"rendered":"Refordur V12 AR"},"content":{"rendered":"","protected":false},"excerpt":{"rendered":"<p>Son fibras de vidrio especialmente estudiadas para el refuerzo de materiales de construcci\u00f3n a base de cemento.<\/p>\n<p>Ofrecen una alta resistencia a la tracci\u00f3n, alto m\u00f3dulo de elasticidad y excelente actitud en el mortero u hormig\u00f3n.<\/p>\n","protected":false},"featured_media":3313,"template":"","meta":{"_acf_changed":false},"product_brand":[25],"product_cat":[39,326],"product_tag":[],"class_list":{"0":"post-25111","1":"product","2":"type-product","3":"status-publish","4":"has-post-thumbnail","6":"product_brand-pavicret","7":"product_cat-fibras","8":"product_cat-fibras-de-vidrio","10":"first","11":"instock","12":"featured","13":"taxable","14":"shipping-taxable","15":"purchasable","16":"product-type-simple"},"acf":[],"_links":{"self":[{"href":"https:\/\/pavicret.com\/fr\/wp-json\/wp\/v2\/product\/25111","targetHints":{"allow":["GET"]}}],"collection":[{"href":"https:\/\/pavicret.com\/fr\/wp-json\/wp\/v2\/product"}],"about":[{"href":"https:\/\/pavicret.com\/fr\/wp-json\/wp\/v2\/types\/product"}],"wp:featuredmedia":[{"embeddable":true,"href":"https:\/\/pavicret.com\/fr\/wp-json\/wp\/v2\/media\/3313"}],"wp:attachment":[{"href":"https:\/\/pavicret.com\/fr\/wp-json\/wp\/v2\/media?parent=25111"}],"wp:term":[{"taxonomy":"product_brand","embeddable":true,"href":"https:\/\/pavicret.com\/fr\/wp-json\/wp\/v2\/product_brand?post=25111"},{"taxonomy":"product_cat","embeddable":true,"href":"https:\/\/pavicret.com\/fr\/wp-json\/wp\/v2\/product_cat?post=25111"},{"taxonomy":"product_tag","embeddable":true,"href":"https:\/\/pavicret.com\/fr\/wp-json\/wp\/v2\/product_tag?post=25111"}],"curies":[{"name":"wp","href":"https:\/\/api.w.org\/{rel}","templated":true}]}}