{"id":6952,"date":"2025-04-16T16:21:16","date_gmt":"2025-04-16T15:21:16","guid":{"rendered":"https:\/\/pavicret.com\/catalogues\/"},"modified":"2025-07-29T16:11:43","modified_gmt":"2025-07-29T15:11:43","slug":"catalogues","status":"publish","type":"page","link":"https:\/\/pavicret.com\/fr\/catalogues\/","title":{"rendered":"Catalogues"},"content":{"rendered":"\t\t<div data-elementor-type=\"wp-page\" data-elementor-id=\"6952\" class=\"elementor elementor-6952 elementor-2166\" data-elementor-post-type=\"page\">\n\t\t\t\t<div class=\"elementor-element elementor-element-10efb96 e-flex e-con-boxed e-con e-parent\" data-id=\"10efb96\" data-element_type=\"container\" data-e-type=\"container\" data-settings=\"{&quot;background_background&quot;:&quot;classic&quot;}\">\n\t\t\t\t\t<div class=\"e-con-inner\">\n\t\t\t\t<div class=\"elementor-element elementor-element-5576cca elementor-widget elementor-widget-heading\" data-id=\"5576cca\" data-element_type=\"widget\" data-e-type=\"widget\" data-widget_type=\"heading.default\">\n\t\t\t\t<div class=\"elementor-widget-container\">\n\t\t\t\t\t<h2 class=\"elementor-heading-title elementor-size-default\">Catalogues<\/h2>\t\t\t\t<\/div>\n\t\t\t\t<\/div>\n\t\t<div class=\"elementor-element elementor-element-1f983fb e-con-full e-flex e-con e-child\" data-id=\"1f983fb\" data-element_type=\"container\" data-e-type=\"container\">\n\t\t<div class=\"elementor-element elementor-element-2d29f97 e-con-full e-flex e-con e-child\" data-id=\"2d29f97\" data-element_type=\"container\" data-e-type=\"container\">\n\t\t\t\t<div class=\"elementor-element elementor-element-7b9677b elementor-widget elementor-widget-image\" data-id=\"7b9677b\" data-element_type=\"widget\" data-e-type=\"widget\" data-widget_type=\"image.default\">\n\t\t\t\t<div class=\"elementor-widget-container\">\n\t\t\t\t\t\t\t\t\t\t\t\t\t\t\t\t<a href=\"http:\/\/pavicret.com\/wp-content\/uploads\/2025\/04\/Impreso.pdf\" target=\"_blank\">\n\t\t\t\t\t\t\t<img fetchpriority=\"high\" decoding=\"async\" width=\"724\" height=\"1024\" src=\"https:\/\/pavicret.com\/wp-content\/uploads\/2025\/04\/impreso-pavicret-724x1024.avif\" class=\"elementor-animation-grow attachment-large size-large wp-image-6498\" alt=\"\" srcset=\"https:\/\/pavicret.com\/wp-content\/uploads\/2025\/04\/impreso-pavicret-724x1024.avif 724w, https:\/\/pavicret.com\/wp-content\/uploads\/2025\/04\/impreso-pavicret-212x300.avif 212w, https:\/\/pavicret.com\/wp-content\/uploads\/2025\/04\/impreso-pavicret-768x1086.avif 768w, https:\/\/pavicret.com\/wp-content\/uploads\/2025\/04\/impreso-pavicret-600x849.avif 600w, https:\/\/pavicret.com\/wp-content\/uploads\/2025\/04\/impreso-pavicret.avif 794w\" sizes=\"(max-width: 724px) 100vw, 724px\" \/>\t\t\t\t\t\t\t\t<\/a>\n\t\t\t\t\t\t\t\t\t\t\t\t\t\t\t<\/div>\n\t\t\t\t<\/div>\n\t\t\t\t<div class=\"elementor-element elementor-element-01cc8e7 elementor-widget elementor-widget-heading\" data-id=\"01cc8e7\" data-element_type=\"widget\" data-e-type=\"widget\" data-widget_type=\"heading.default\">\n\t\t\t\t<div class=\"elementor-widget-container\">\n\t\t\t\t\t<h5 class=\"elementor-heading-title elementor-size-default\"><a href=\"http:\/\/pavicret.com\/wp-content\/uploads\/2025\/04\/Impreso.pdf\" target=\"_blank\">Pav\u00e9s imprim\u00e9s<\/a><\/h5>\t\t\t\t<\/div>\n\t\t\t\t<\/div>\n\t\t\t\t<\/div>\n\t\t<div class=\"elementor-element elementor-element-29a7da9 e-con-full e-flex e-con e-child\" data-id=\"29a7da9\" data-element_type=\"container\" data-e-type=\"container\">\n\t\t\t\t<div class=\"elementor-element elementor-element-8b160ee elementor-widget elementor-widget-image\" data-id=\"8b160ee\" data-element_type=\"widget\" data-e-type=\"widget\" data-widget_type=\"image.default\">\n\t\t\t\t<div class=\"elementor-widget-container\">\n\t\t\t\t\t\t\t\t\t\t\t\t\t\t\t\t<a href=\"http:\/\/pavicret.com\/wp-content\/uploads\/2025\/04\/Revestimientos-verticales.pdf\" target=\"_blank\">\n\t\t\t\t\t\t\t<img decoding=\"async\" width=\"724\" height=\"1024\" src=\"https:\/\/pavicret.com\/wp-content\/uploads\/2025\/04\/revestimientos-verticales-724x1024.avif\" class=\"elementor-animation-grow attachment-large size-large wp-image-6505\" alt=\"\" srcset=\"https:\/\/pavicret.com\/wp-content\/uploads\/2025\/04\/revestimientos-verticales-724x1024.avif 724w, https:\/\/pavicret.com\/wp-content\/uploads\/2025\/04\/revestimientos-verticales-212x300.avif 212w, https:\/\/pavicret.com\/wp-content\/uploads\/2025\/04\/revestimientos-verticales-768x1086.avif 768w, https:\/\/pavicret.com\/wp-content\/uploads\/2025\/04\/revestimientos-verticales-600x849.avif 600w, https:\/\/pavicret.com\/wp-content\/uploads\/2025\/04\/revestimientos-verticales.avif 794w\" sizes=\"(max-width: 724px) 100vw, 724px\" \/>\t\t\t\t\t\t\t\t<\/a>\n\t\t\t\t\t\t\t\t\t\t\t\t\t\t\t<\/div>\n\t\t\t\t<\/div>\n\t\t\t\t<div class=\"elementor-element elementor-element-5c1cd1f elementor-widget elementor-widget-heading\" data-id=\"5c1cd1f\" data-element_type=\"widget\" data-e-type=\"widget\" data-widget_type=\"heading.default\">\n\t\t\t\t<div class=\"elementor-widget-container\">\n\t\t\t\t\t<h5 class=\"elementor-heading-title elementor-size-default\"><a href=\"http:\/\/pavicret.com\/wp-content\/uploads\/2025\/04\/Revestimientos-verticales.pdf\" target=\"_blank\">Rev\u00eatement vertical<\/a><\/h5>\t\t\t\t<\/div>\n\t\t\t\t<\/div>\n\t\t\t\t<\/div>\n\t\t<div class=\"elementor-element elementor-element-fc66c22 e-con-full e-flex e-con e-child\" data-id=\"fc66c22\" data-element_type=\"container\" data-e-type=\"container\">\n\t\t\t\t<div class=\"elementor-element elementor-element-ce83fab elementor-widget elementor-widget-image\" data-id=\"ce83fab\" data-element_type=\"widget\" data-e-type=\"widget\" data-widget_type=\"image.default\">\n\t\t\t\t<div class=\"elementor-widget-container\">\n\t\t\t\t\t\t\t\t\t\t\t\t\t\t\t\t<a href=\"http:\/\/pavicret.com\/wp-content\/uploads\/2025\/04\/Refuerzos.pdf\" target=\"_blank\">\n\t\t\t\t\t\t\t<img decoding=\"async\" width=\"724\" height=\"1024\" src=\"https:\/\/pavicret.com\/wp-content\/uploads\/2025\/04\/refuerzos-724x1024.avif\" class=\"elementor-animation-grow attachment-large size-large wp-image-6503\" alt=\"\" srcset=\"https:\/\/pavicret.com\/wp-content\/uploads\/2025\/04\/refuerzos-724x1024.avif 724w, https:\/\/pavicret.com\/wp-content\/uploads\/2025\/04\/refuerzos-212x300.avif 212w, https:\/\/pavicret.com\/wp-content\/uploads\/2025\/04\/refuerzos-768x1086.avif 768w, https:\/\/pavicret.com\/wp-content\/uploads\/2025\/04\/refuerzos-600x849.avif 600w, https:\/\/pavicret.com\/wp-content\/uploads\/2025\/04\/refuerzos.avif 794w\" sizes=\"(max-width: 724px) 100vw, 724px\" \/>\t\t\t\t\t\t\t\t<\/a>\n\t\t\t\t\t\t\t\t\t\t\t\t\t\t\t<\/div>\n\t\t\t\t<\/div>\n\t\t\t\t<div class=\"elementor-element elementor-element-b016942 elementor-widget elementor-widget-heading\" data-id=\"b016942\" data-element_type=\"widget\" data-e-type=\"widget\" data-widget_type=\"heading.default\">\n\t\t\t\t<div class=\"elementor-widget-container\">\n\t\t\t\t\t<h5 class=\"elementor-heading-title elementor-size-default\"><a href=\"http:\/\/pavicret.com\/wp-content\/uploads\/2025\/04\/Refuerzos.pdf\" target=\"_blank\">Renforcement des chauss\u00e9es<\/a><\/h5>\t\t\t\t<\/div>\n\t\t\t\t<\/div>\n\t\t\t\t<\/div>\n\t\t<div class=\"elementor-element elementor-element-f7065d1 e-con-full e-flex e-con e-child\" data-id=\"f7065d1\" data-element_type=\"container\" data-e-type=\"container\">\n\t\t\t\t<div class=\"elementor-element elementor-element-21aac21 elementor-widget elementor-widget-image\" data-id=\"21aac21\" data-element_type=\"widget\" data-e-type=\"widget\" data-widget_type=\"image.default\">\n\t\t\t\t<div class=\"elementor-widget-container\">\n\t\t\t\t\t\t\t\t\t\t\t\t\t\t\t\t<a href=\"http:\/\/pavicret.com\/wp-content\/uploads\/2025\/04\/Lacas-curado.pdf\">\n\t\t\t\t\t\t\t<img loading=\"lazy\" decoding=\"async\" width=\"724\" height=\"1024\" src=\"https:\/\/pavicret.com\/wp-content\/uploads\/2025\/04\/lacas-curado-724x1024.avif\" class=\"elementor-animation-grow attachment-large size-large wp-image-6500\" alt=\"\" srcset=\"https:\/\/pavicret.com\/wp-content\/uploads\/2025\/04\/lacas-curado-724x1024.avif 724w, https:\/\/pavicret.com\/wp-content\/uploads\/2025\/04\/lacas-curado-212x300.avif 212w, https:\/\/pavicret.com\/wp-content\/uploads\/2025\/04\/lacas-curado-768x1086.avif 768w, https:\/\/pavicret.com\/wp-content\/uploads\/2025\/04\/lacas-curado-600x849.avif 600w, https:\/\/pavicret.com\/wp-content\/uploads\/2025\/04\/lacas-curado.avif 794w\" sizes=\"(max-width: 724px) 100vw, 724px\" \/>\t\t\t\t\t\t\t\t<\/a>\n\t\t\t\t\t\t\t\t\t\t\t\t\t\t\t<\/div>\n\t\t\t\t<\/div>\n\t\t\t\t<div class=\"elementor-element elementor-element-9559a2f elementor-widget elementor-widget-heading\" data-id=\"9559a2f\" data-element_type=\"widget\" data-e-type=\"widget\" data-widget_type=\"heading.default\">\n\t\t\t\t<div class=\"elementor-widget-container\">\n\t\t\t\t\t<h5 class=\"elementor-heading-title elementor-size-default\"><a href=\"http:\/\/pavicret.com\/wp-content\/uploads\/2025\/04\/Lacas-curado.pdf\">Vernis de s\u00e9chage<\/a><\/h5>\t\t\t\t<\/div>\n\t\t\t\t<\/div>\n\t\t\t\t<\/div>\n\t\t\t\t<\/div>\n\t\t\t\t\t<\/div>\n\t\t\t\t<\/div>\n\t\t<div class=\"elementor-element elementor-element-8383133 e-flex e-con-boxed e-con e-parent\" data-id=\"8383133\" data-element_type=\"container\" data-e-type=\"container\" data-settings=\"{&quot;background_background&quot;:&quot;classic&quot;}\">\n\t\t\t\t\t<div class=\"e-con-inner\">\n\t\t<div class=\"elementor-element elementor-element-387e726 e-con-full e-flex e-con e-child\" data-id=\"387e726\" data-element_type=\"container\" data-e-type=\"container\">\n\t\t<div class=\"elementor-element elementor-element-4bbfc1f e-con-full e-flex e-con e-child\" data-id=\"4bbfc1f\" data-element_type=\"container\" data-e-type=\"container\">\n\t\t\t\t<div class=\"elementor-element elementor-element-9e4d65d elementor-widget elementor-widget-image\" data-id=\"9e4d65d\" data-element_type=\"widget\" data-e-type=\"widget\" data-widget_type=\"image.default\">\n\t\t\t\t<div class=\"elementor-widget-container\">\n\t\t\t\t\t\t\t\t\t\t\t\t\t\t\t\t<a href=\"http:\/\/pavicret.com\/wp-content\/uploads\/2025\/04\/Puentes-de-Union.pdf\">\n\t\t\t\t\t\t\t<img loading=\"lazy\" decoding=\"async\" width=\"724\" height=\"1024\" src=\"https:\/\/pavicret.com\/wp-content\/uploads\/2025\/04\/Puentes-de-Union-724x1024.avif\" class=\"elementor-animation-grow attachment-large size-large wp-image-6502\" alt=\"\" srcset=\"https:\/\/pavicret.com\/wp-content\/uploads\/2025\/04\/Puentes-de-Union-724x1024.avif 724w, https:\/\/pavicret.com\/wp-content\/uploads\/2025\/04\/Puentes-de-Union-212x300.avif 212w, https:\/\/pavicret.com\/wp-content\/uploads\/2025\/04\/Puentes-de-Union-768x1086.avif 768w, https:\/\/pavicret.com\/wp-content\/uploads\/2025\/04\/Puentes-de-Union-600x849.avif 600w, https:\/\/pavicret.com\/wp-content\/uploads\/2025\/04\/Puentes-de-Union.avif 794w\" sizes=\"(max-width: 724px) 100vw, 724px\" \/>\t\t\t\t\t\t\t\t<\/a>\n\t\t\t\t\t\t\t\t\t\t\t\t\t\t\t<\/div>\n\t\t\t\t<\/div>\n\t\t\t\t<div class=\"elementor-element elementor-element-fbb4385 elementor-widget elementor-widget-heading\" data-id=\"fbb4385\" data-element_type=\"widget\" data-e-type=\"widget\" data-widget_type=\"heading.default\">\n\t\t\t\t<div class=\"elementor-widget-container\">\n\t\t\t\t\t<h5 class=\"elementor-heading-title elementor-size-default\"><a href=\"http:\/\/pavicret.com\/wp-content\/uploads\/2025\/04\/Puentes-de-Union.pdf\">Ponts de liaison<\/a><\/h5>\t\t\t\t<\/div>\n\t\t\t\t<\/div>\n\t\t\t\t<\/div>\n\t\t<div class=\"elementor-element elementor-element-74f3a02 e-con-full e-flex e-con e-child\" data-id=\"74f3a02\" data-element_type=\"container\" data-e-type=\"container\">\n\t\t\t\t<div class=\"elementor-element elementor-element-8492621 elementor-widget elementor-widget-image\" data-id=\"8492621\" data-element_type=\"widget\" data-e-type=\"widget\" data-widget_type=\"image.default\">\n\t\t\t\t<div class=\"elementor-widget-container\">\n\t\t\t\t\t\t\t\t\t\t\t\t\t\t\t\t<a href=\"http:\/\/pavicret.com\/wp-content\/uploads\/2025\/04\/Resinas-epoxi.pdf\" target=\"_blank\">\n\t\t\t\t\t\t\t<img loading=\"lazy\" decoding=\"async\" width=\"724\" height=\"1024\" src=\"https:\/\/pavicret.com\/wp-content\/uploads\/2025\/04\/resinas-epoxi-724x1024.avif\" class=\"elementor-animation-grow attachment-large size-large wp-image-6504\" alt=\"\" srcset=\"https:\/\/pavicret.com\/wp-content\/uploads\/2025\/04\/resinas-epoxi-724x1024.avif 724w, https:\/\/pavicret.com\/wp-content\/uploads\/2025\/04\/resinas-epoxi-212x300.avif 212w, https:\/\/pavicret.com\/wp-content\/uploads\/2025\/04\/resinas-epoxi-768x1086.avif 768w, https:\/\/pavicret.com\/wp-content\/uploads\/2025\/04\/resinas-epoxi-600x849.avif 600w, https:\/\/pavicret.com\/wp-content\/uploads\/2025\/04\/resinas-epoxi.avif 794w\" sizes=\"(max-width: 724px) 100vw, 724px\" \/>\t\t\t\t\t\t\t\t<\/a>\n\t\t\t\t\t\t\t\t\t\t\t\t\t\t\t<\/div>\n\t\t\t\t<\/div>\n\t\t\t\t<div class=\"elementor-element elementor-element-13c8cdc elementor-widget elementor-widget-heading\" data-id=\"13c8cdc\" data-element_type=\"widget\" data-e-type=\"widget\" data-widget_type=\"heading.default\">\n\t\t\t\t<div class=\"elementor-widget-container\">\n\t\t\t\t\t<h5 class=\"elementor-heading-title elementor-size-default\"><a href=\"http:\/\/pavicret.com\/wp-content\/uploads\/2025\/04\/Resinas-epoxi.pdf\" target=\"_blank\">R\u00e9sines \u00e9poxy<\/a><\/h5>\t\t\t\t<\/div>\n\t\t\t\t<\/div>\n\t\t\t\t<\/div>\n\t\t<div class=\"elementor-element elementor-element-42daa9a e-con-full e-flex e-con e-child\" data-id=\"42daa9a\" data-element_type=\"container\" data-e-type=\"container\">\n\t\t\t\t<div class=\"elementor-element elementor-element-11a1de8 elementor-widget elementor-widget-image\" data-id=\"11a1de8\" data-element_type=\"widget\" data-e-type=\"widget\" data-widget_type=\"image.default\">\n\t\t\t\t<div class=\"elementor-widget-container\">\n\t\t\t\t\t\t\t\t\t\t\t\t\t\t\t\t<a href=\"http:\/\/pavicret.com\/wp-content\/uploads\/2025\/04\/Catalogo-Moldes.pdf\">\n\t\t\t\t\t\t\t<img loading=\"lazy\" decoding=\"async\" width=\"724\" height=\"1024\" src=\"https:\/\/pavicret.com\/wp-content\/uploads\/2025\/04\/Moldes-724x1024.avif\" class=\"elementor-animation-grow attachment-large size-large wp-image-6501\" alt=\"\" srcset=\"https:\/\/pavicret.com\/wp-content\/uploads\/2025\/04\/Moldes-724x1024.avif 724w, https:\/\/pavicret.com\/wp-content\/uploads\/2025\/04\/Moldes-212x300.avif 212w, https:\/\/pavicret.com\/wp-content\/uploads\/2025\/04\/Moldes-768x1086.avif 768w, https:\/\/pavicret.com\/wp-content\/uploads\/2025\/04\/Moldes-600x849.avif 600w, https:\/\/pavicret.com\/wp-content\/uploads\/2025\/04\/Moldes.avif 794w\" sizes=\"(max-width: 724px) 100vw, 724px\" \/>\t\t\t\t\t\t\t\t<\/a>\n\t\t\t\t\t\t\t\t\t\t\t\t\t\t\t<\/div>\n\t\t\t\t<\/div>\n\t\t\t\t<div class=\"elementor-element elementor-element-55c31e0 elementor-widget elementor-widget-heading\" data-id=\"55c31e0\" data-element_type=\"widget\" data-e-type=\"widget\" data-widget_type=\"heading.default\">\n\t\t\t\t<div class=\"elementor-widget-container\">\n\t\t\t\t\t<h5 class=\"elementor-heading-title elementor-size-default\"><a href=\"http:\/\/pavicret.com\/wp-content\/uploads\/2025\/04\/Catalogo-Moldes.pdf\">Moules<\/a><\/h5>\t\t\t\t<\/div>\n\t\t\t\t<\/div>\n\t\t\t\t<\/div>\n\t\t<div class=\"elementor-element elementor-element-8742f98 e-con-full e-flex e-con e-child\" data-id=\"8742f98\" data-element_type=\"container\" data-e-type=\"container\">\n\t\t\t\t<div class=\"elementor-element elementor-element-a35ab0e elementor-widget elementor-widget-image\" data-id=\"a35ab0e\" data-element_type=\"widget\" data-e-type=\"widget\" data-widget_type=\"image.default\">\n\t\t\t\t<div class=\"elementor-widget-container\">\n\t\t\t\t\t\t\t\t\t\t\t\t\t\t\t\t<a href=\"http:\/\/pavicret.com\/wp-content\/uploads\/2025\/05\/herramientas-consumibles.pdf\">\n\t\t\t\t\t\t\t<img loading=\"lazy\" decoding=\"async\" width=\"724\" height=\"1024\" src=\"https:\/\/pavicret.com\/wp-content\/uploads\/2025\/04\/herramientas-consumibles-724x1024.avif\" class=\"elementor-animation-grow attachment-large size-large wp-image-6499\" alt=\"\" srcset=\"https:\/\/pavicret.com\/wp-content\/uploads\/2025\/04\/herramientas-consumibles-724x1024.avif 724w, https:\/\/pavicret.com\/wp-content\/uploads\/2025\/04\/herramientas-consumibles-212x300.avif 212w, https:\/\/pavicret.com\/wp-content\/uploads\/2025\/04\/herramientas-consumibles-768x1086.avif 768w, https:\/\/pavicret.com\/wp-content\/uploads\/2025\/04\/herramientas-consumibles-600x849.avif 600w, https:\/\/pavicret.com\/wp-content\/uploads\/2025\/04\/herramientas-consumibles.avif 794w\" sizes=\"(max-width: 724px) 100vw, 724px\" \/>\t\t\t\t\t\t\t\t<\/a>\n\t\t\t\t\t\t\t\t\t\t\t\t\t\t\t<\/div>\n\t\t\t\t<\/div>\n\t\t\t\t<div class=\"elementor-element elementor-element-38eef83 elementor-widget elementor-widget-heading\" data-id=\"38eef83\" data-element_type=\"widget\" data-e-type=\"widget\" data-widget_type=\"heading.default\">\n\t\t\t\t<div class=\"elementor-widget-container\">\n\t\t\t\t\t<h5 class=\"elementor-heading-title elementor-size-default\"><a href=\"http:\/\/pavicret.com\/wp-content\/uploads\/2025\/04\/herramientas-consumibles.avif\">Outils et consommables<\/a><\/h5>\t\t\t\t<\/div>\n\t\t\t\t<\/div>\n\t\t\t\t<\/div>\n\t\t\t\t<\/div>\n\t\t\t\t\t<\/div>\n\t\t\t\t<\/div>\n\t\t\t\t<\/div>\n\t\t","protected":false},"excerpt":{"rendered":"<p>Pav\u00e9s imprim\u00e9s Rev\u00eatement vertical Renforcement des chauss\u00e9es Vernis de s\u00e9chage Ponts de liaison R\u00e9sines \u00e9poxy Moules Outils et consommables<\/p>\n","protected":false},"author":1,"featured_media":0,"parent":0,"menu_order":0,"comment_status":"closed","ping_status":"closed","template":"","meta":{"_acf_changed":false,"content-type":"","footnotes":""},"class_list":["post-6952","page","type-page","status-publish","hentry"],"acf":[],"_links":{"self":[{"href":"https:\/\/pavicret.com\/fr\/wp-json\/wp\/v2\/pages\/6952","targetHints":{"allow":["GET"]}}],"collection":[{"href":"https:\/\/pavicret.com\/fr\/wp-json\/wp\/v2\/pages"}],"about":[{"href":"https:\/\/pavicret.com\/fr\/wp-json\/wp\/v2\/types\/page"}],"author":[{"embeddable":true,"href":"https:\/\/pavicret.com\/fr\/wp-json\/wp\/v2\/users\/1"}],"replies":[{"embeddable":true,"href":"https:\/\/pavicret.com\/fr\/wp-json\/wp\/v2\/comments?post=6952"}],"version-history":[{"count":2,"href":"https:\/\/pavicret.com\/fr\/wp-json\/wp\/v2\/pages\/6952\/revisions"}],"predecessor-version":[{"id":6955,"href":"https:\/\/pavicret.com\/fr\/wp-json\/wp\/v2\/pages\/6952\/revisions\/6955"}],"wp:attachment":[{"href":"https:\/\/pavicret.com\/fr\/wp-json\/wp\/v2\/media?parent=6952"}],"curies":[{"name":"wp","href":"https:\/\/api.w.org\/{rel}","templated":true}]}}