{"id":6941,"date":"2025-04-17T07:34:46","date_gmt":"2025-04-17T06:34:46","guid":{"rendered":"https:\/\/pavicret.com\/avis-juridique\/"},"modified":"2025-08-04T15:22:00","modified_gmt":"2025-08-04T14:22:00","slug":"avis-juridique","status":"publish","type":"page","link":"https:\/\/pavicret.com\/fr\/avis-juridique\/","title":{"rendered":"Avis juridique"},"content":{"rendered":"\t\t<div data-elementor-type=\"wp-page\" data-elementor-id=\"6941\" class=\"elementor elementor-6941 elementor-2253\" data-elementor-post-type=\"page\">\n\t\t\t\t<div class=\"elementor-element elementor-element-4b9eb99 e-flex e-con-boxed e-con e-parent\" data-id=\"4b9eb99\" data-element_type=\"container\" data-e-type=\"container\">\n\t\t\t\t\t<div class=\"e-con-inner\">\n\t\t\t\t<div class=\"elementor-element elementor-element-43c3fce elementor-widget elementor-widget-heading\" data-id=\"43c3fce\" data-element_type=\"widget\" data-e-type=\"widget\" data-widget_type=\"heading.default\">\n\t\t\t\t<div class=\"elementor-widget-container\">\n\t\t\t\t\t<h2 class=\"elementor-heading-title elementor-size-default\">Avis juridique<\/h2>\t\t\t\t<\/div>\n\t\t\t\t<\/div>\n\t\t\t\t<div class=\"elementor-element elementor-element-1a4a4af elementor-widget elementor-widget-text-editor\" data-id=\"1a4a4af\" data-element_type=\"widget\" data-e-type=\"widget\" data-widget_type=\"text-editor.default\">\n\t\t\t\t<div class=\"elementor-widget-container\">\n\t\t\t\t\t\t\t\t\t<p><strong>1) Informations g\u00e9n\u00e9rales :<br><\/strong><br><strong>Propri\u00e9taire :<\/strong> PAVICRET, S.L.<br> CIF<strong>:<\/strong> B-98.650.153<br><strong>Adresse :<\/strong> V Centenario, 26 &#8211; 46900 Torrent (Valencia)<br><strong>E-mail :<\/strong> info@deepskyblue-seal-628704.hostingersite.com<br><strong>Website :<\/strong> www.pavicret.com<\/p><p><strong>2) Objet du site :<\/strong><br>Fournir des informations sur les produits et services de Pavicret dans le domaine de la construction.<\/p><p><strong>3. Conditions d&rsquo;utilisation :<\/strong><br>L&rsquo;acc\u00e8s au site implique l&rsquo;acceptation des pr\u00e9sentes conditions. L&rsquo;utilisateur s&rsquo;engage \u00e0 utiliser le site de mani\u00e8re responsable et conform\u00e9ment \u00e0 la loi. <\/p><p><strong>4. Propri\u00e9t\u00e9 intellectuelle :<\/strong><br>Tous les contenus du site Web sont la propri\u00e9t\u00e9 de PAVICRET, S.L. ou sont utilis\u00e9s avec les licences correspondantes. Il est interdit de les reproduire ou de les distribuer sans autorisation pr\u00e9alable. <\/p><p><strong>5. Responsabilit\u00e9 :<\/strong><br>PAVICRET, S.L. d\u00e9cline toute responsabilit\u00e9 en cas d&rsquo;erreurs de contenu, d&rsquo;interruptions techniques ou de liens externes.<\/p><p><strong>6. Liens avec des tiers :<\/strong><br>Le site peut contenir des liens vers des sites externes. PAVICRET, S.L. n&rsquo;est pas responsable de leur contenu ou de leur politique. <\/p><p><strong>7. L\u00e9gislation et juridiction :<\/strong><br>Le pr\u00e9sent avis est r\u00e9gi par la l\u00e9gislation espagnole. Les parties se soumettent aux tribunaux de Valence, sauf disposition contraire de la loi. <\/p><p> <\/p>\t\t\t\t\t\t\t\t<\/div>\n\t\t\t\t<\/div>\n\t\t\t\t\t<\/div>\n\t\t\t\t<\/div>\n\t\t\t\t<\/div>\n\t\t","protected":false},"excerpt":{"rendered":"<p>1) Informations g\u00e9n\u00e9rales :Propri\u00e9taire : PAVICRET, S.L. CIF: B-98.650.153Adresse : V Centenario, 26 &#8211; 46900 Torrent (Valencia)E-mail : info@deepskyblue-seal-628704.hostingersite.comWebsite : www.pavicret.com 2) Objet du site :Fournir des informations sur les produits et services de Pavicret dans le domaine de la construction. 3. Conditions d&rsquo;utilisation :L&rsquo;acc\u00e8s au site implique l&rsquo;acceptation des pr\u00e9sentes conditions. L&rsquo;utilisateur s&rsquo;engage \u00e0 [&hellip;]<\/p>\n","protected":false},"author":1,"featured_media":0,"parent":0,"menu_order":0,"comment_status":"closed","ping_status":"closed","template":"","meta":{"_acf_changed":false,"content-type":"","footnotes":""},"class_list":["post-6941","page","type-page","status-publish","hentry"],"acf":[],"_links":{"self":[{"href":"https:\/\/pavicret.com\/fr\/wp-json\/wp\/v2\/pages\/6941","targetHints":{"allow":["GET"]}}],"collection":[{"href":"https:\/\/pavicret.com\/fr\/wp-json\/wp\/v2\/pages"}],"about":[{"href":"https:\/\/pavicret.com\/fr\/wp-json\/wp\/v2\/types\/page"}],"author":[{"embeddable":true,"href":"https:\/\/pavicret.com\/fr\/wp-json\/wp\/v2\/users\/1"}],"replies":[{"embeddable":true,"href":"https:\/\/pavicret.com\/fr\/wp-json\/wp\/v2\/comments?post=6941"}],"version-history":[{"count":7,"href":"https:\/\/pavicret.com\/fr\/wp-json\/wp\/v2\/pages\/6941\/revisions"}],"predecessor-version":[{"id":7442,"href":"https:\/\/pavicret.com\/fr\/wp-json\/wp\/v2\/pages\/6941\/revisions\/7442"}],"wp:attachment":[{"href":"https:\/\/pavicret.com\/fr\/wp-json\/wp\/v2\/media?parent=6941"}],"curies":[{"name":"wp","href":"https:\/\/api.w.org\/{rel}","templated":true}]}}