{"id":6906,"date":"2025-04-23T11:27:04","date_gmt":"2025-04-23T10:27:04","guid":{"rendered":"https:\/\/pavicret.com\/politique-en-matiere-de-cookies\/"},"modified":"2025-08-04T15:29:02","modified_gmt":"2025-08-04T14:29:02","slug":"politique-en-matiere-de-cookies","status":"publish","type":"page","link":"https:\/\/pavicret.com\/fr\/politique-en-matiere-de-cookies\/","title":{"rendered":"Politique en mati\u00e8re de cookies"},"content":{"rendered":"\t\t<div data-elementor-type=\"wp-page\" data-elementor-id=\"6906\" class=\"elementor elementor-6906 elementor-2849\" data-elementor-post-type=\"page\">\n\t\t\t\t<div class=\"elementor-element elementor-element-e4ee32f e-flex e-con-boxed e-con e-parent\" data-id=\"e4ee32f\" data-element_type=\"container\" data-e-type=\"container\">\n\t\t\t\t\t<div class=\"e-con-inner\">\n\t\t\t\t<div class=\"elementor-element elementor-element-2e0f007 elementor-widget elementor-widget-text-editor\" data-id=\"2e0f007\" data-element_type=\"widget\" data-e-type=\"widget\" data-widget_type=\"text-editor.default\">\n\t\t\t\t<div class=\"elementor-widget-container\">\n\t\t\t\t\t\t\t\t\t<p><style>\n    a.cky-banner-element {<br \/>        padding: 8px 30px;<br \/>        background: #F8F9FA;<br \/>        color: #858A8F;<br \/>        border: 1px solid #DEE2E6;<br \/>        box-sizing: border-box;<br \/>        border-radius: 2px;<br \/>        cursor: pointer;<br \/>}<br \/><\/style><\/p><h1 class=\"cookie-policy-h1\">Politique en mati\u00e8re de cookies<\/h1><div class=\"n4sEPd\"><div class=\"FFpbKc\"><div class=\"xMmqsf\"><div class=\"nidPne\"><div data-show-delay-ms=\"250\" data-append-to-body=\"true\" data-propagate-tooltip-mouseover-events=\"true\" data-anchor-corner=\"bottom-left\" data-enable-skip-handler=\"true\" data-popup-corner=\"top-left\"><div class=\"dig2sb\"><div class=\"scLCMd\"><div id=\"itamenu\"><div class=\"goog-container goog-container-vertical\" tabindex=\"-1\"><p>POLITIQUE EN MATI\u00c8RE DE COOKIES \u2013 PAVICRET, S.L.<\/p><p>Date d&rsquo;entr\u00e9e en vigueur : 23 avril 2025<br>Derni\u00e8re mise \u00e0 jour : 21 juillet 2025<\/p><p>Ce site web utilise des cookies pour am\u00e9liorer l&rsquo;exp\u00e9rience utilisateur, analyser la navigation et proposer un contenu personnalis\u00e9. Les cookies utilis\u00e9s sont d\u00e9crits ci-dessous : <\/p><p><strong>1. Types de cookies utilis\u00e9s :<\/strong><br>&#8211; N\u00e9cessaires : fonctionnement de base du site.<br>&#8211; Analytiques : collecte de donn\u00e9es de navigation.<br>&#8211; Publicitaires : personnalisation des publicit\u00e9s.<br>&#8211; Performances : am\u00e9lioration de l&rsquo;exp\u00e9rience utilisateur.<br>&#8211; Fonctionnels : fonctionnalit\u00e9s suppl\u00e9mentaires.<\/p><p><strong>2. Cookies utilis\u00e9s :<\/strong><br>(sbjs.migrations) .pavicret.com &#8211; Source de la visite &#8211; Session &#8211; Analytique<br>(sbjs.current.add) .pavicret.com &#8211; Suivi des actions &#8211; Session &#8211; Analytique<br>(sbjs.first.add) .pavicret.com &#8211; Source initiale &#8211; Session &#8211; Analytique<br>(sbjs.udata) .pavicret.com &#8211; Donn\u00e9es de campagne &#8211; Session &#8211; Analytique<br>(sbjs.session) .pavicret.com &#8211; Session utilisateur &#8211; 1 heure &#8211; Analytique<br>(CLID) www.clarity.ms &#8211; Interaction avec le site &#8211; 1 an &#8211; Analytique<br>(_clck) .pavicret.com &#8211; ID de usuario Clarity &#8211; 1 a\u00f1o &#8211; Anal\u00edtica<br>(_clsk) .pavicret.com &#8211; Enregistrement de session &#8211; 1 jour &#8211; Analytique<br>(SM) .c.clarity.ms &#8211; Synchronisation ID &#8211; Session &#8211; Analytique<br>(MUID) .bing.com \/ .clarity.ms &#8211; Publicit\u00e9 &#8211; 1 an 24 jours &#8211; Publicitaire<br>(MR) .bing.com \/ .clarity.ms &#8211; Publicit\u00e9 &#8211; 7 jours &#8211; Publicitaire<br>(ANONCHK) .c.clarity.ms &#8211; V\u00e9rification des clics &#8211; 10 minutes &#8211; Publicitaire<br>(SRM_B) .c.bing.com &#8211; ID campagnes &#8211; 1 an 24 jours &#8211; Rendement<br>(elementor) pavicret.com &#8211; Gestion de contenu &#8211; Persistant &#8211; N\u00e9cessaire<br>(wpEmojiSettingsSupports) pavicret.com &#8211; Compatibilit\u00e9 emojis &#8211; Session &#8211; N\u00e9cessaire<br>(cookieyes-consent) pavicret.com &#8211; Pr\u00e9f\u00e9rences en mati\u00e8re de cookies &#8211; 1 an &#8211; N\u00e9cessaire<\/p><p><strong>3. Gestion des cookies :<\/strong><br>Vous pouvez configurer ou refuser les cookies \u00e0 partir de la banni\u00e8re ou de l&rsquo;ic\u00f4ne des param\u00e8tres sur le site web. Vous pouvez \u00e9galement les g\u00e9rer \u00e0 partir des param\u00e8tres de votre navigateur. <\/p><p><strong>4. Modifications de la politique :<\/strong><br>PAVICRET, S.L. se r\u00e9serve le droit de modifier cette politique afin de l&rsquo;adapter aux futures \u00e9volutions techniques ou juridiques.<\/p><\/div><\/div><\/div><\/div><\/div><\/div><\/div><\/div><\/div>\t\t\t\t\t\t\t\t<\/div>\n\t\t\t\t<\/div>\n\t\t\t\t\t<\/div>\n\t\t\t\t<\/div>\n\t\t\t\t<\/div>\n\t\t","protected":false},"excerpt":{"rendered":"<p>Politique en mati\u00e8re de cookies POLITIQUE EN MATI\u00c8RE DE COOKIES \u2013 PAVICRET, S.L. Date d&rsquo;entr\u00e9e en vigueur : 23 avril 2025Derni\u00e8re mise \u00e0 jour : 21 juillet 2025 Ce site web utilise des cookies pour am\u00e9liorer l&rsquo;exp\u00e9rience utilisateur, analyser la navigation et proposer un contenu personnalis\u00e9. Les cookies utilis\u00e9s sont d\u00e9crits ci-dessous : 1. Types [&hellip;]<\/p>\n","protected":false},"author":1,"featured_media":0,"parent":0,"menu_order":0,"comment_status":"closed","ping_status":"closed","template":"","meta":{"_acf_changed":false,"content-type":"","footnotes":""},"class_list":["post-6906","page","type-page","status-publish","hentry"],"acf":[],"_links":{"self":[{"href":"https:\/\/pavicret.com\/fr\/wp-json\/wp\/v2\/pages\/6906","targetHints":{"allow":["GET"]}}],"collection":[{"href":"https:\/\/pavicret.com\/fr\/wp-json\/wp\/v2\/pages"}],"about":[{"href":"https:\/\/pavicret.com\/fr\/wp-json\/wp\/v2\/types\/page"}],"author":[{"embeddable":true,"href":"https:\/\/pavicret.com\/fr\/wp-json\/wp\/v2\/users\/1"}],"replies":[{"embeddable":true,"href":"https:\/\/pavicret.com\/fr\/wp-json\/wp\/v2\/comments?post=6906"}],"version-history":[{"count":3,"href":"https:\/\/pavicret.com\/fr\/wp-json\/wp\/v2\/pages\/6906\/revisions"}],"predecessor-version":[{"id":7444,"href":"https:\/\/pavicret.com\/fr\/wp-json\/wp\/v2\/pages\/6906\/revisions\/7444"}],"wp:attachment":[{"href":"https:\/\/pavicret.com\/fr\/wp-json\/wp\/v2\/media?parent=6906"}],"curies":[{"name":"wp","href":"https:\/\/api.w.org\/{rel}","templated":true}]}}