{"id":6868,"date":"2025-07-11T16:59:44","date_gmt":"2025-07-11T15:59:44","guid":{"rendered":"https:\/\/pavicret.com\/terra-mitica\/"},"modified":"2025-10-06T09:21:13","modified_gmt":"2025-10-06T08:21:13","slug":"terra-mitica","status":"publish","type":"page","link":"https:\/\/pavicret.com\/fr\/points-forts-du-projet-2\/terra-mitica\/","title":{"rendered":"Terra Mitica"},"content":{"rendered":"\t\t<div data-elementor-type=\"wp-page\" data-elementor-id=\"6868\" class=\"elementor elementor-6868 elementor-6388\" data-elementor-post-type=\"page\">\n\t\t\t\t<div data-dce-background-image-url=\"http:\/\/pavicret.com\/wp-content\/uploads\/2025\/07\/Terra-mitica-impreso-vertical-tematico.avif\" class=\"elementor-element elementor-element-7d21aa2b e-con-full e-flex e-con e-parent\" data-id=\"7d21aa2b\" data-element_type=\"container\" data-e-type=\"container\" data-settings=\"{&quot;background_background&quot;:&quot;classic&quot;}\">\n\t\t\t\t<div class=\"elementor-element elementor-element-691a7d77 elementor-widget elementor-widget-heading\" data-id=\"691a7d77\" data-element_type=\"widget\" data-e-type=\"widget\" data-widget_type=\"heading.default\">\n\t\t\t\t<div class=\"elementor-widget-container\">\n\t\t\t\t\t<h2 class=\"elementor-heading-title elementor-size-default\">Imprim\u00e9 Vertical Th\u00e9matique : <br>Les murs de terra m\u00edtica<\/h2>\t\t\t\t<\/div>\n\t\t\t\t<\/div>\n\t\t\t\t<\/div>\n\t\t<div class=\"elementor-element elementor-element-4beff4bf e-con-full e-flex e-con e-child\" data-id=\"4beff4bf\" data-element_type=\"container\" data-e-type=\"container\">\n\t\t\t\t<div class=\"elementor-element elementor-element-150b9b2d elementor-widget elementor-widget-heading\" data-id=\"150b9b2d\" data-element_type=\"widget\" data-e-type=\"widget\" data-widget_type=\"heading.default\">\n\t\t\t\t<div class=\"elementor-widget-container\">\n\t\t\t\t\t<h2 class=\"elementor-heading-title elementor-size-default\">Pavicret Impreso Vertical en Terra M\u00edtica : D\u00e9coration th\u00e9matique qui transforme les murs en sc\u00e9nographie.\n<\/h2>\t\t\t\t<\/div>\n\t\t\t\t<\/div>\n\t\t\t\t<div class=\"elementor-element elementor-element-6b78d5da elementor-widget__width-initial elementor-widget elementor-widget-text-editor\" data-id=\"6b78d5da\" data-element_type=\"widget\" data-e-type=\"widget\" data-widget_type=\"text-editor.default\">\n\t\t\t\t<div class=\"elementor-widget-container\">\n\t\t\t\t\t\t\t\t\t<p>Lorsqu&rsquo;il s&rsquo;agit de cr\u00e9er des espaces th\u00e9matiques qui combinent impact visuel, durabilit\u00e9 et fonctionnalit\u00e9, le rev\u00eatement vertical est tr\u00e8s important. C&rsquo;est pourquoi l&#8217;embl\u00e9matique parc d&rsquo;attractions Terra Mitica a fait appel au syst\u00e8me Themed Vertical Printed de Pavicret pour la r\u00e9alisation d&rsquo;une partie de ses d\u00e9cors, murs et structures ext\u00e9rieures.<br>Gr\u00e2ce \u00e0 ce syst\u00e8me, il a \u00e9t\u00e9 possible de cr\u00e9er des surfaces verticales imitant des mat\u00e9riaux naturels tels que la pierre, le bois ou la brique, avec une finition r\u00e9aliste et une r\u00e9sistance parfaite pour les ext\u00e9rieurs. Le r\u00e9sultat est une sc\u00e9nographie coh\u00e9rente et immersive, pr\u00eate \u00e0 affronter le temps et les milliers de visiteurs quotidiens.  <\/p>\t\t\t\t\t\t\t\t<\/div>\n\t\t\t\t<\/div>\n\t\t<div class=\"elementor-element elementor-element-4b4d794c e-flex e-con-boxed e-con e-child\" data-id=\"4b4d794c\" data-element_type=\"container\" data-e-type=\"container\">\n\t\t\t\t\t<div class=\"e-con-inner\">\n\t\t\t\t<div class=\"elementor-element elementor-element-2ce1832c elementor-widget elementor-widget-video\" data-id=\"2ce1832c\" data-element_type=\"widget\" data-e-type=\"widget\" data-settings=\"{&quot;youtube_url&quot;:&quot;https:\\\/\\\/youtu.be\\\/UyTESCku_lo&quot;,&quot;autoplay&quot;:&quot;yes&quot;,&quot;mute&quot;:&quot;yes&quot;,&quot;loop&quot;:&quot;yes&quot;,&quot;enabled_visibility&quot;:&quot;yes&quot;,&quot;video_type&quot;:&quot;youtube&quot;,&quot;dce_visibility_selected&quot;:&quot;yes&quot;}\" data-widget_type=\"video.default\">\n\t\t\t\t<div class=\"elementor-widget-container\">\n\t\t\t\t\t\t\t<div class=\"elementor-wrapper elementor-open-inline\">\n\t\t\t<div class=\"elementor-video\"><\/div>\t\t<\/div>\n\t\t\t\t\t\t<\/div>\n\t\t\t\t<\/div>\n\t\t<!-- dce invisible element 2e5c6815 -->\t\t\t<\/div>\n\t\t\t\t<\/div>\n\t\t\t\t<\/div>\n\t\t<div class=\"elementor-element elementor-element-243ef2d e-flex e-con-boxed e-con e-parent\" data-id=\"243ef2d\" data-element_type=\"container\" data-e-type=\"container\" data-settings=\"{&quot;background_background&quot;:&quot;classic&quot;}\">\n\t\t\t\t\t<div class=\"e-con-inner\">\n\t\t<div class=\"elementor-element elementor-element-618959fd e-con-full e-flex e-con e-child\" data-id=\"618959fd\" data-element_type=\"container\" data-e-type=\"container\">\n\t\t\t\t<div class=\"elementor-element elementor-element-6b4b074d elementor-widget elementor-widget-heading\" data-id=\"6b4b074d\" data-element_type=\"widget\" data-e-type=\"widget\" data-widget_type=\"heading.default\">\n\t\t\t\t<div class=\"elementor-widget-container\">\n\t\t\t\t\t<h2 class=\"elementor-heading-title elementor-size-default\">Contactez-nous ou visitez l'un de nos magasins<\/h2>\t\t\t\t<\/div>\n\t\t\t\t<\/div>\n\t\t\t\t<\/div>\n\t\t<div class=\"elementor-element elementor-element-1edfb803 e-con-full e-flex e-con e-child\" data-id=\"1edfb803\" data-element_type=\"container\" data-e-type=\"container\">\n\t\t\t\t<div class=\"elementor-element elementor-element-3f7192ce elementor-widget elementor-widget-button\" data-id=\"3f7192ce\" data-element_type=\"widget\" data-e-type=\"widget\" data-widget_type=\"button.default\">\n\t\t\t\t<div class=\"elementor-widget-container\">\n\t\t\t\t\t\t\t\t\t<div class=\"elementor-button-wrapper\">\n\t\t\t\t\t<a class=\"elementor-button elementor-button-link elementor-size-sm elementor-animation-shrink\" href=\"https:\/\/pavicret.com\/fr\/contact\/\" id=\"btn-contacto-terra\">\n\t\t\t\t\t\t<span class=\"elementor-button-content-wrapper\">\n\t\t\t\t\t\t<span class=\"elementor-button-icon\">\n\t\t\t\t<svg aria-hidden=\"true\" class=\"e-font-icon-svg e-far-envelope\" viewBox=\"0 0 512 512\" xmlns=\"http:\/\/www.w3.org\/2000\/svg\"><path d=\"M464 64H48C21.49 64 0 85.49 0 112v288c0 26.51 21.49 48 48 48h416c26.51 0 48-21.49 48-48V112c0-26.51-21.49-48-48-48zm0 48v40.805c-22.422 18.259-58.168 46.651-134.587 106.49-16.841 13.247-50.201 45.072-73.413 44.701-23.208.375-56.579-31.459-73.413-44.701C106.18 199.465 70.425 171.067 48 152.805V112h416zM48 400V214.398c22.914 18.251 55.409 43.862 104.938 82.646 21.857 17.205 60.134 55.186 103.062 54.955 42.717.231 80.509-37.199 103.053-54.947 49.528-38.783 82.032-64.401 104.947-82.653V400H48z\"><\/path><\/svg>\t\t\t<\/span>\n\t\t\t\t\t\t\t\t\t<span class=\"elementor-button-text\">Contactez nous<\/span>\n\t\t\t\t\t<\/span>\n\t\t\t\t\t<\/a>\n\t\t\t\t<\/div>\n\t\t\t\t\t\t\t\t<\/div>\n\t\t\t\t<\/div>\n\t\t\t\t<div class=\"elementor-element elementor-element-7de002e0 elementor-widget elementor-widget-button\" data-id=\"7de002e0\" data-element_type=\"widget\" data-e-type=\"widget\" data-widget_type=\"button.default\">\n\t\t\t\t<div class=\"elementor-widget-container\">\n\t\t\t\t\t\t\t\t\t<div class=\"elementor-button-wrapper\">\n\t\t\t\t\t<a class=\"elementor-button elementor-button-link elementor-size-sm elementor-animation-shrink\" href=\"https:\/\/pavicret.com\/fr\/contact\/#delegaciones\" id=\"btn-tienda-terra\">\n\t\t\t\t\t\t<span class=\"elementor-button-content-wrapper\">\n\t\t\t\t\t\t<span class=\"elementor-button-icon\">\n\t\t\t\t<svg aria-hidden=\"true\" class=\"e-font-icon-svg e-fas-store-alt\" viewBox=\"0 0 640 512\" xmlns=\"http:\/\/www.w3.org\/2000\/svg\"><path d=\"M320 384H128V224H64v256c0 17.7 14.3 32 32 32h256c17.7 0 32-14.3 32-32V224h-64v160zm314.6-241.8l-85.3-128c-6-8.9-16-14.2-26.7-14.2H117.4c-10.7 0-20.7 5.3-26.6 14.2l-85.3 128c-14.2 21.3 1 49.8 26.6 49.8H608c25.5 0 40.7-28.5 26.6-49.8zM512 496c0 8.8 7.2 16 16 16h32c8.8 0 16-7.2 16-16V224h-64v272z\"><\/path><\/svg>\t\t\t<\/span>\n\t\t\t\t\t\t\t\t\t<span class=\"elementor-button-text\">Trouvez le magasin le plus proche de chez vous<\/span>\n\t\t\t\t\t<\/span>\n\t\t\t\t\t<\/a>\n\t\t\t\t<\/div>\n\t\t\t\t\t\t\t\t<\/div>\n\t\t\t\t<\/div>\n\t\t\t\t<\/div>\n\t\t\t\t\t<\/div>\n\t\t\t\t<\/div>\n\t\t<div class=\"elementor-element elementor-element-72926a8 e-flex e-con-boxed e-con e-parent\" data-id=\"72926a8\" data-element_type=\"container\" data-e-type=\"container\">\n\t\t\t\t\t<div class=\"e-con-inner\">\n\t\t<!-- dce invisible element a911d46 --><div data-dce-background-image-url=\"http:\/\/pavicret.com\/wp-content\/uploads\/2025\/07\/atracciones-terra-mitica-templo-kinetos-1-1.avif\" class=\"elementor-element elementor-element-53b1c64f e-con-full e-flex elementor-invisible e-con e-child\" data-id=\"53b1c64f\" data-element_type=\"container\" data-e-type=\"container\" data-settings=\"{&quot;background_background&quot;:&quot;classic&quot;,&quot;animation&quot;:&quot;fadeIn&quot;}\">\n\t\t\t\t<\/div>\n\t\t<div class=\"elementor-element elementor-element-2cc14c14 e-con-full animated-slow e-flex e-con e-child\" data-id=\"2cc14c14\" data-element_type=\"container\" data-e-type=\"container\" data-settings=\"{&quot;animation&quot;:&quot;none&quot;,&quot;animation_mobile&quot;:&quot;none&quot;}\">\n\t\t\t\t<div class=\"dce-visibility-event elementor-element elementor-element-aacb479 elementor-hidden-mobile elementor-widget elementor-widget-heading\" data-id=\"aacb479\" data-element_type=\"widget\" data-e-type=\"widget\" data-settings=\"{&quot;enabled_visibility&quot;:&quot;yes&quot;,&quot;dce_visibility_selected&quot;:&quot;hide&quot;,&quot;_animation&quot;:&quot;none&quot;}\" data-widget_type=\"heading.default\">\n\t\t\t\t<div class=\"elementor-widget-container\">\n\t\t\t\t\t<h3 class=\"elementor-heading-title elementor-size-default\">Qu'est-ce que la th\u00e9matique verticale imprim\u00e9e Pavicret ?<\/h3>\t\t\t\t<\/div>\n\t\t\t\t<\/div>\n\t\t\t\t<div class=\"elementor-element elementor-element-5b25e2a8 elementor-widget__width-initial elementor-widget elementor-widget-text-editor\" data-id=\"5b25e2a8\" data-element_type=\"widget\" data-e-type=\"widget\" data-widget_type=\"text-editor.default\">\n\t\t\t\t<div class=\"elementor-widget-container\">\n\t\t\t\t\t\t\t\t\t<p><b>Pavicret Imprim\u00e9 Vertical Th\u00e9matique<\/b><span style=\"font-weight: 400;\"> est un syst\u00e8me d\u00e9coratif con\u00e7u pour recouvrir les surfaces verticales d&rsquo;un mortier moul\u00e9 et pigment\u00e9 qui simule avec une grande pr\u00e9cision des mat\u00e9riaux naturels ou historiques.<\/span><\/p><p><span style=\"font-weight: 400;\">Il s&rsquo;applique sur des supports verticaux tels que les murs en parpaings, le b\u00e9ton, la brique ou les panneaux structurels, s&rsquo;adaptant \u00e0 toute forme ou volume, ce qui le rend id\u00e9al pour les projets cr\u00e9atifs et personnalis\u00e9s.<\/span><\/p><p><span style=\"font-weight: 400;\">Ses principaux avantages :<\/span><\/p><ul><li style=\"font-weight: 400;\" aria-level=\"1\"><span style=\"font-weight: 400;\">Grande diversit\u00e9 de textures et de couleurs<\/span><\/li><li style=\"font-weight: 400;\" aria-level=\"1\"><span style=\"font-weight: 400;\">Finition r\u00e9sistante \u00e0 l&rsquo;ext\u00e9rieur : pluie, soleil, usure.<\/span><\/li><li style=\"font-weight: 400;\" aria-level=\"1\"><span style=\"font-weight: 400;\">Valeur esth\u00e9tique et immersive \u00e9lev\u00e9e<\/span><\/li><li style=\"font-weight: 400;\" aria-level=\"1\"><span style=\"font-weight: 400;\">Entretien facile et longue dur\u00e9e de vie<\/span><\/li><li style=\"font-weight: 400;\" aria-level=\"1\"><span style=\"font-weight: 400;\">Personnalisation compl\u00e8te selon la conception du client ou de l&rsquo;architecte<\/span><\/li><\/ul><p><span style=\"font-weight: 400;\">Le d\u00e9fi : des d\u00e9cors ext\u00e9rieurs th\u00e9matiques forts et convaincants<\/span><\/p><p><span style=\"font-weight: 400;\">Dans un parc comme <\/span><b>Terra Mitica<\/b><span style=\"font-weight: 400;\">L&rsquo;ambiance est un \u00e9l\u00e9ment essentiel de l&rsquo;exp\u00e9rience du visiteur. Le rev\u00eatement vertical ne doit pas seulement avoir l&rsquo;air r\u00e9el, il doit aussi r\u00e9sister : <\/span><\/p><ul><li style=\"font-weight: 400;\" aria-level=\"1\"><span style=\"font-weight: 400;\">Changements thermiques et exposition continue au soleil<\/span><\/li><li style=\"font-weight: 400;\" aria-level=\"1\"><span style=\"font-weight: 400;\">Humidit\u00e9 et conditions m\u00e9t\u00e9orologiques d\u00e9favorables<\/span><\/li><li style=\"font-weight: 400;\" aria-level=\"1\"><span style=\"font-weight: 400;\">Les chocs accidentels et l&rsquo;usure<\/span><\/li><li style=\"font-weight: 400;\" aria-level=\"1\"><span style=\"font-weight: 400;\">Exigences techniques en mati\u00e8re de s\u00e9curit\u00e9 et de durabilit\u00e9<\/span><\/li><\/ul><p> <\/p><p><b>Pavicret Imprim\u00e9 Vertical Th\u00e9matique<\/b><span style=\"font-weight: 400;\">  a permis de donner forme \u00e0 des sc\u00e9nographies inspir\u00e9es de l&rsquo;antiquit\u00e9 classique, avec des reliefs et des finitions naturelles qui s&rsquo;int\u00e8grent parfaitement \u00e0 l&rsquo;environnement de chaque zone th\u00e9matique. Un syst\u00e8me qui non seulement d\u00e9core, mais aussi   <\/span><b>construit une identit\u00e9 visuelle<\/b><span style=\"font-weight: 400;\">.<\/span><\/p><p><span style=\"font-weight: 400;\">Une finition qui raconte des histoires et r\u00e9siste \u00e0 l&rsquo;\u00e9preuve du temps<\/span><\/p><p><span style=\"font-weight: 400;\">La participation de Pavicret \u00e0 <\/span><b>Terra Mitica<\/b><span style=\"font-weight: 400;\"> renforce la valeur de nos syst\u00e8mes imprim\u00e9s en tant qu&rsquo;outil cr\u00e9atif pour les architectes, les designers et les promoteurs qui recherchent des solutions d\u00e9coratives avec un haut niveau de personnalisation et de fiabilit\u00e9 technique.<\/span><\/p><p><span style=\"font-weight: 400;\">Que ce soit dans les parcs \u00e0 th\u00e8me, les jardins, les h\u00f4tels ou les espaces publics, les imprim\u00e9s verticaux \u00e0 th\u00e8me sont tr\u00e8s appr\u00e9ci\u00e9s. <\/span><b>Impression verticale \u00e0 th\u00e8me<\/b><span style=\"font-weight: 400;\"> vous permet de transformer de simples murs en \u00e9l\u00e9ments <\/span><b>\u00e9l\u00e9ments narratifs et d\u00e9coratifs \u00e0 fort impact visuel.<\/b><span style=\"font-weight: 400;\">.<\/span><\/p>\t\t\t\t\t\t\t\t<\/div>\n\t\t\t\t<\/div>\n\t\t\t\t<div class=\"elementor-element elementor-element-9289416 elementor-widget elementor-widget-heading\" data-id=\"9289416\" data-element_type=\"widget\" data-e-type=\"widget\" data-widget_type=\"heading.default\">\n\t\t\t\t<div class=\"elementor-widget-container\">\n\t\t\t\t\t<h3 class=\"elementor-heading-title elementor-size-default\">Vous souhaitez cr\u00e9er des espaces uniques avec des rev\u00eatements de sol et de mur \u00e0 th\u00e8me ?<\/h3>\t\t\t\t<\/div>\n\t\t\t\t<\/div>\n\t\t\t\t<div class=\"elementor-element elementor-element-788c7bdc elementor-widget__width-initial elementor-widget elementor-widget-text-editor\" data-id=\"788c7bdc\" data-element_type=\"widget\" data-e-type=\"widget\" data-widget_type=\"text-editor.default\">\n\t\t\t\t<div class=\"elementor-widget-container\">\n\t\t\t\t\t\t\t\t\t<p><span style=\"font-weight: 400;\">Chez Pavicret, nous vous aidons \u00e0 trouver la solution la plus adapt\u00e9e \u00e0 votre projet. Nous vous conseillons de la conception \u00e0 la r\u00e9alisation. <\/span><\/p>\t\t\t\t\t\t\t\t<\/div>\n\t\t\t\t<\/div>\n\t\t\t\t<\/div>\n\t\t\t\t\t<\/div>\n\t\t\t\t<\/div>\n\t\t<div class=\"elementor-element elementor-element-688784e3 e-flex e-con-boxed e-con e-parent\" data-id=\"688784e3\" data-element_type=\"container\" data-e-type=\"container\" data-settings=\"{&quot;background_background&quot;:&quot;classic&quot;}\">\n\t\t\t\t\t<div class=\"e-con-inner\">\n\t\t<div class=\"elementor-element elementor-element-714c3f49 e-con-full e-flex e-con e-child\" data-id=\"714c3f49\" data-element_type=\"container\" data-e-type=\"container\">\n\t\t\t\t<div class=\"elementor-element elementor-element-21a46227 elementor-widget elementor-widget-heading\" data-id=\"21a46227\" data-element_type=\"widget\" data-e-type=\"widget\" data-widget_type=\"heading.default\">\n\t\t\t\t<div class=\"elementor-widget-container\">\n\t\t\t\t\t<h2 class=\"elementor-heading-title elementor-size-default\">Contactez-nous ou visitez l'un de nos magasins<\/h2>\t\t\t\t<\/div>\n\t\t\t\t<\/div>\n\t\t\t\t<\/div>\n\t\t<div class=\"elementor-element elementor-element-7b801efa e-con-full e-flex e-con e-child\" data-id=\"7b801efa\" data-element_type=\"container\" data-e-type=\"container\">\n\t\t\t\t<div class=\"elementor-element elementor-element-7ca61c15 elementor-widget elementor-widget-button\" data-id=\"7ca61c15\" data-element_type=\"widget\" data-e-type=\"widget\" data-widget_type=\"button.default\">\n\t\t\t\t<div class=\"elementor-widget-container\">\n\t\t\t\t\t\t\t\t\t<div class=\"elementor-button-wrapper\">\n\t\t\t\t\t<a class=\"elementor-button elementor-button-link elementor-size-sm elementor-animation-shrink\" href=\"https:\/\/pavicret.com\/fr\/contact\/\" id=\"btn-contacto-terra2\">\n\t\t\t\t\t\t<span class=\"elementor-button-content-wrapper\">\n\t\t\t\t\t\t<span class=\"elementor-button-icon\">\n\t\t\t\t<svg aria-hidden=\"true\" class=\"e-font-icon-svg e-far-envelope\" viewBox=\"0 0 512 512\" xmlns=\"http:\/\/www.w3.org\/2000\/svg\"><path d=\"M464 64H48C21.49 64 0 85.49 0 112v288c0 26.51 21.49 48 48 48h416c26.51 0 48-21.49 48-48V112c0-26.51-21.49-48-48-48zm0 48v40.805c-22.422 18.259-58.168 46.651-134.587 106.49-16.841 13.247-50.201 45.072-73.413 44.701-23.208.375-56.579-31.459-73.413-44.701C106.18 199.465 70.425 171.067 48 152.805V112h416zM48 400V214.398c22.914 18.251 55.409 43.862 104.938 82.646 21.857 17.205 60.134 55.186 103.062 54.955 42.717.231 80.509-37.199 103.053-54.947 49.528-38.783 82.032-64.401 104.947-82.653V400H48z\"><\/path><\/svg>\t\t\t<\/span>\n\t\t\t\t\t\t\t\t\t<span class=\"elementor-button-text\">Contactez nous<\/span>\n\t\t\t\t\t<\/span>\n\t\t\t\t\t<\/a>\n\t\t\t\t<\/div>\n\t\t\t\t\t\t\t\t<\/div>\n\t\t\t\t<\/div>\n\t\t\t\t<div class=\"elementor-element elementor-element-609939c4 elementor-widget elementor-widget-button\" data-id=\"609939c4\" data-element_type=\"widget\" data-e-type=\"widget\" data-widget_type=\"button.default\">\n\t\t\t\t<div class=\"elementor-widget-container\">\n\t\t\t\t\t\t\t\t\t<div class=\"elementor-button-wrapper\">\n\t\t\t\t\t<a class=\"elementor-button elementor-button-link elementor-size-sm elementor-animation-shrink\" href=\"https:\/\/pavicret.com\/fr\/contact\/#delegaciones\" id=\"btn-tienda-terra2\">\n\t\t\t\t\t\t<span class=\"elementor-button-content-wrapper\">\n\t\t\t\t\t\t<span class=\"elementor-button-icon\">\n\t\t\t\t<svg aria-hidden=\"true\" class=\"e-font-icon-svg e-fas-store-alt\" viewBox=\"0 0 640 512\" xmlns=\"http:\/\/www.w3.org\/2000\/svg\"><path d=\"M320 384H128V224H64v256c0 17.7 14.3 32 32 32h256c17.7 0 32-14.3 32-32V224h-64v160zm314.6-241.8l-85.3-128c-6-8.9-16-14.2-26.7-14.2H117.4c-10.7 0-20.7 5.3-26.6 14.2l-85.3 128c-14.2 21.3 1 49.8 26.6 49.8H608c25.5 0 40.7-28.5 26.6-49.8zM512 496c0 8.8 7.2 16 16 16h32c8.8 0 16-7.2 16-16V224h-64v272z\"><\/path><\/svg>\t\t\t<\/span>\n\t\t\t\t\t\t\t\t\t<span class=\"elementor-button-text\">Trouvez le magasin le plus proche de chez vous<\/span>\n\t\t\t\t\t<\/span>\n\t\t\t\t\t<\/a>\n\t\t\t\t<\/div>\n\t\t\t\t\t\t\t\t<\/div>\n\t\t\t\t<\/div>\n\t\t\t\t<\/div>\n\t\t\t\t\t<\/div>\n\t\t\t\t<\/div>\n\t\t<div class=\"elementor-element elementor-element-3b1a1a34 e-flex e-con-boxed e-con e-parent\" data-id=\"3b1a1a34\" data-element_type=\"container\" data-e-type=\"container\">\n\t\t\t\t\t<div class=\"e-con-inner\">\n\t\t\t\t<div class=\"elementor-element elementor-element-3f851ce5 elementor-widget elementor-widget-heading\" data-id=\"3f851ce5\" data-element_type=\"widget\" data-e-type=\"widget\" data-widget_type=\"heading.default\">\n\t\t\t\t<div class=\"elementor-widget-container\">\n\t\t\t\t\t<h2 class=\"elementor-heading-title elementor-size-default\">Pavicret, partenaire des grands projets<\/h2>\t\t\t\t<\/div>\n\t\t\t\t<\/div>\n\t\t\t\t<div class=\"elementor-element elementor-element-6d9f42f9 elementor-widget__width-initial elementor-widget elementor-widget-text-editor\" data-id=\"6d9f42f9\" data-element_type=\"widget\" data-e-type=\"widget\" data-widget_type=\"text-editor.default\">\n\t\t\t\t<div class=\"elementor-widget-container\">\n\t\t\t\t\t\t\t\t\t<p>La participation de Pavicret \u00e0 Terra M\u00edtica r\u00e9affirme sa position de fournisseur de r\u00e9f\u00e9rence de solutions avanc\u00e9es pour le secteur de la construction. Parier sur Pavicret, c&rsquo;est parier sur une plus grande qualit\u00e9, une plus grande rapidit\u00e9 d&rsquo;ex\u00e9cution et de meilleures performances techniques dans tous les types de projets. <\/p>\t\t\t\t\t\t\t\t<\/div>\n\t\t\t\t<\/div>\n\t\t\t\t\t<\/div>\n\t\t\t\t<\/div>\n\t\t\t\t<\/div>\n\t\t","protected":false},"excerpt":{"rendered":"<p>Imprim\u00e9 Vertical Th\u00e9matique : Les murs de terra m\u00edtica Pavicret Impreso Vertical en Terra M\u00edtica : D\u00e9coration th\u00e9matique qui transforme les murs en sc\u00e9nographie. Lorsqu&rsquo;il s&rsquo;agit de cr\u00e9er des espaces th\u00e9matiques qui combinent impact visuel, durabilit\u00e9 et fonctionnalit\u00e9, le rev\u00eatement vertical est tr\u00e8s important. C&rsquo;est pourquoi l&#8217;embl\u00e9matique parc d&rsquo;attractions Terra Mitica a fait appel au [&hellip;]<\/p>\n","protected":false},"author":1,"featured_media":0,"parent":9590,"menu_order":0,"comment_status":"closed","ping_status":"closed","template":"","meta":{"_acf_changed":false,"content-type":"","footnotes":""},"class_list":["post-6868","page","type-page","status-publish","hentry"],"acf":[],"_links":{"self":[{"href":"https:\/\/pavicret.com\/fr\/wp-json\/wp\/v2\/pages\/6868","targetHints":{"allow":["GET"]}}],"collection":[{"href":"https:\/\/pavicret.com\/fr\/wp-json\/wp\/v2\/pages"}],"about":[{"href":"https:\/\/pavicret.com\/fr\/wp-json\/wp\/v2\/types\/page"}],"author":[{"embeddable":true,"href":"https:\/\/pavicret.com\/fr\/wp-json\/wp\/v2\/users\/1"}],"replies":[{"embeddable":true,"href":"https:\/\/pavicret.com\/fr\/wp-json\/wp\/v2\/comments?post=6868"}],"version-history":[{"count":6,"href":"https:\/\/pavicret.com\/fr\/wp-json\/wp\/v2\/pages\/6868\/revisions"}],"predecessor-version":[{"id":7589,"href":"https:\/\/pavicret.com\/fr\/wp-json\/wp\/v2\/pages\/6868\/revisions\/7589"}],"up":[{"embeddable":true,"href":"https:\/\/pavicret.com\/fr\/wp-json\/wp\/v2\/pages\/9590"}],"wp:attachment":[{"href":"https:\/\/pavicret.com\/fr\/wp-json\/wp\/v2\/media?parent=6868"}],"curies":[{"name":"wp","href":"https:\/\/api.w.org\/{rel}","templated":true}]}}