{"id":6851,"date":"2025-07-28T10:00:14","date_gmt":"2025-07-28T09:00:14","guid":{"rendered":"https:\/\/pavicret.com\/amazon\/"},"modified":"2025-10-06T09:21:13","modified_gmt":"2025-10-06T08:21:13","slug":"amazon","status":"publish","type":"page","link":"https:\/\/pavicret.com\/fr\/points-forts-du-projet-2\/amazon\/","title":{"rendered":"Amazon"},"content":{"rendered":"\t\t<div data-elementor-type=\"wp-page\" data-elementor-id=\"6851\" class=\"elementor elementor-6851 elementor-6762\" data-elementor-post-type=\"page\">\n\t\t\t\t<div data-dce-background-image-url=\"http:\/\/pavicret.com\/wp-content\/uploads\/2025\/07\/Amazon.avif\" class=\"elementor-element elementor-element-6fbed01e e-con-full e-flex e-con e-parent\" data-id=\"6fbed01e\" data-element_type=\"container\" data-e-type=\"container\" data-settings=\"{&quot;background_background&quot;:&quot;classic&quot;}\">\n\t\t\t\t<div class=\"elementor-element elementor-element-5fd481f0 elementor-widget elementor-widget-heading\" data-id=\"5fd481f0\" data-element_type=\"widget\" data-e-type=\"widget\" data-widget_type=\"heading.default\">\n\t\t\t\t<div class=\"elementor-widget-container\">\n\t\t\t\t\t<h2 class=\"elementor-heading-title elementor-size-default\">Pavicret ACG : <br>La solution pour les plateformes logistiques d'Amazon<br><\/h2>\t\t\t\t<\/div>\n\t\t\t\t<\/div>\n\t\t\t\t<\/div>\n\t\t<div class=\"elementor-element elementor-element-6dbfb044 e-con-full e-flex e-con e-child\" data-id=\"6dbfb044\" data-element_type=\"container\" data-e-type=\"container\">\n\t\t\t\t<div class=\"elementor-element elementor-element-9a2ef73 elementor-widget elementor-widget-heading\" data-id=\"9a2ef73\" data-element_type=\"widget\" data-e-type=\"widget\" data-widget_type=\"heading.default\">\n\t\t\t\t<div class=\"elementor-widget-container\">\n\t\t\t\t\t<h2 class=\"elementor-heading-title elementor-size-default\">Pavicret ACG sur Amazon : Solidit\u00e9 et durabilit\u00e9 pour une logistique performante\n<\/h2>\t\t\t\t<\/div>\n\t\t\t\t<\/div>\n\t\t\t\t<div class=\"elementor-element elementor-element-4620035 elementor-widget__width-initial elementor-widget elementor-widget-text-editor\" data-id=\"4620035\" data-element_type=\"widget\" data-e-type=\"widget\" data-widget_type=\"text-editor.default\">\n\t\t\t\t<div class=\"elementor-widget-container\">\n\t\t\t\t\t\t\t\t\t<p data-start=\"1857\" data-end=\"2199\">Les plateformes logistiques d&rsquo;Amazon n\u00e9cessitent des rev\u00eatements de sol capables de r\u00e9sister \u00e0 un usage intensif, \u00e0 des charges lourdes et \u00e0 un trafic continu de machines.<br data-start=\"1997\" data-end=\"2000\">Dans cet environnement, le durcisseur <strong><em data-start=\"2064\" data-end=\"2078\">Pavicret ACG <\/em><\/strong>une solution performante qui am\u00e9liore la r\u00e9sistance \u00e0 l&rsquo;abrasion et aux chocs des sols industriels.<\/p><p data-start=\"2201\" data-end=\"2399\">Son application dans diff\u00e9rentes plates-formes logistiques de la Communaut\u00e9 valencienne a garanti un sol robuste, durable et fonctionnel, pr\u00e9par\u00e9 pour les normes les plus exigeantes du secteur de la logistique.<\/p>\t\t\t\t\t\t\t\t<\/div>\n\t\t\t\t<\/div>\n\t\t<div class=\"elementor-element elementor-element-21271226 e-flex e-con-boxed e-con e-child\" data-id=\"21271226\" data-element_type=\"container\" data-e-type=\"container\">\n\t\t\t\t\t<div class=\"e-con-inner\">\n\t\t\t\t<div class=\"elementor-element elementor-element-662282a1 elementor-widget elementor-widget-video\" data-id=\"662282a1\" data-element_type=\"widget\" data-e-type=\"widget\" data-settings=\"{&quot;youtube_url&quot;:&quot;https:\\\/\\\/www.youtube.com\\\/watch?v=o9xr1K0btEs&quot;,&quot;autoplay&quot;:&quot;yes&quot;,&quot;mute&quot;:&quot;yes&quot;,&quot;loop&quot;:&quot;yes&quot;,&quot;enabled_visibility&quot;:&quot;yes&quot;,&quot;video_type&quot;:&quot;youtube&quot;,&quot;dce_visibility_selected&quot;:&quot;yes&quot;}\" data-widget_type=\"video.default\">\n\t\t\t\t<div class=\"elementor-widget-container\">\n\t\t\t\t\t\t\t<div class=\"elementor-wrapper elementor-open-inline\">\n\t\t\t<div class=\"elementor-video\"><\/div>\t\t<\/div>\n\t\t\t\t\t\t<\/div>\n\t\t\t\t<\/div>\n\t\t<!-- dce invisible element 32ee456d -->\t\t\t<\/div>\n\t\t\t\t<\/div>\n\t\t\t\t<\/div>\n\t\t<div class=\"elementor-element elementor-element-7460a5b1 e-flex e-con-boxed e-con e-parent\" data-id=\"7460a5b1\" data-element_type=\"container\" data-e-type=\"container\" data-settings=\"{&quot;background_background&quot;:&quot;classic&quot;}\">\n\t\t\t\t\t<div class=\"e-con-inner\">\n\t\t<div class=\"elementor-element elementor-element-1940fcd4 e-con-full e-flex e-con e-child\" data-id=\"1940fcd4\" data-element_type=\"container\" data-e-type=\"container\">\n\t\t\t\t<div class=\"elementor-element elementor-element-2c0a2ef8 elementor-widget elementor-widget-heading\" data-id=\"2c0a2ef8\" data-element_type=\"widget\" data-e-type=\"widget\" data-widget_type=\"heading.default\">\n\t\t\t\t<div class=\"elementor-widget-container\">\n\t\t\t\t\t<h2 class=\"elementor-heading-title elementor-size-default\">Contactez-nous ou visitez l'un de nos magasins<\/h2>\t\t\t\t<\/div>\n\t\t\t\t<\/div>\n\t\t\t\t<\/div>\n\t\t<div class=\"elementor-element elementor-element-27e70c70 e-con-full e-flex e-con e-child\" data-id=\"27e70c70\" data-element_type=\"container\" data-e-type=\"container\">\n\t\t\t\t<div class=\"elementor-element elementor-element-4966cdf6 elementor-widget elementor-widget-button\" data-id=\"4966cdf6\" data-element_type=\"widget\" data-e-type=\"widget\" data-widget_type=\"button.default\">\n\t\t\t\t<div class=\"elementor-widget-container\">\n\t\t\t\t\t\t\t\t\t<div class=\"elementor-button-wrapper\">\n\t\t\t\t\t<a class=\"elementor-button elementor-button-link elementor-size-sm elementor-animation-shrink\" href=\"https:\/\/pavicret.com\/fr\/contact\/\" id=\"btn-contacto-amazon\">\n\t\t\t\t\t\t<span class=\"elementor-button-content-wrapper\">\n\t\t\t\t\t\t<span class=\"elementor-button-icon\">\n\t\t\t\t<svg aria-hidden=\"true\" class=\"e-font-icon-svg e-far-envelope\" viewBox=\"0 0 512 512\" xmlns=\"http:\/\/www.w3.org\/2000\/svg\"><path d=\"M464 64H48C21.49 64 0 85.49 0 112v288c0 26.51 21.49 48 48 48h416c26.51 0 48-21.49 48-48V112c0-26.51-21.49-48-48-48zm0 48v40.805c-22.422 18.259-58.168 46.651-134.587 106.49-16.841 13.247-50.201 45.072-73.413 44.701-23.208.375-56.579-31.459-73.413-44.701C106.18 199.465 70.425 171.067 48 152.805V112h416zM48 400V214.398c22.914 18.251 55.409 43.862 104.938 82.646 21.857 17.205 60.134 55.186 103.062 54.955 42.717.231 80.509-37.199 103.053-54.947 49.528-38.783 82.032-64.401 104.947-82.653V400H48z\"><\/path><\/svg>\t\t\t<\/span>\n\t\t\t\t\t\t\t\t\t<span class=\"elementor-button-text\">Contactez nous<\/span>\n\t\t\t\t\t<\/span>\n\t\t\t\t\t<\/a>\n\t\t\t\t<\/div>\n\t\t\t\t\t\t\t\t<\/div>\n\t\t\t\t<\/div>\n\t\t\t\t<div class=\"elementor-element elementor-element-668c8f56 elementor-widget elementor-widget-button\" data-id=\"668c8f56\" data-element_type=\"widget\" data-e-type=\"widget\" data-widget_type=\"button.default\">\n\t\t\t\t<div class=\"elementor-widget-container\">\n\t\t\t\t\t\t\t\t\t<div class=\"elementor-button-wrapper\">\n\t\t\t\t\t<a class=\"elementor-button elementor-button-link elementor-size-sm elementor-animation-shrink\" href=\"https:\/\/pavicret.com\/fr\/contact\/#delegaciones\" id=\"btn-tienda-amazon\">\n\t\t\t\t\t\t<span class=\"elementor-button-content-wrapper\">\n\t\t\t\t\t\t<span class=\"elementor-button-icon\">\n\t\t\t\t<svg aria-hidden=\"true\" class=\"e-font-icon-svg e-fas-store-alt\" viewBox=\"0 0 640 512\" xmlns=\"http:\/\/www.w3.org\/2000\/svg\"><path d=\"M320 384H128V224H64v256c0 17.7 14.3 32 32 32h256c17.7 0 32-14.3 32-32V224h-64v160zm314.6-241.8l-85.3-128c-6-8.9-16-14.2-26.7-14.2H117.4c-10.7 0-20.7 5.3-26.6 14.2l-85.3 128c-14.2 21.3 1 49.8 26.6 49.8H608c25.5 0 40.7-28.5 26.6-49.8zM512 496c0 8.8 7.2 16 16 16h32c8.8 0 16-7.2 16-16V224h-64v272z\"><\/path><\/svg>\t\t\t<\/span>\n\t\t\t\t\t\t\t\t\t<span class=\"elementor-button-text\">Trouvez le magasin le plus proche de chez vous<\/span>\n\t\t\t\t\t<\/span>\n\t\t\t\t\t<\/a>\n\t\t\t\t<\/div>\n\t\t\t\t\t\t\t\t<\/div>\n\t\t\t\t<\/div>\n\t\t\t\t<\/div>\n\t\t\t\t\t<\/div>\n\t\t\t\t<\/div>\n\t\t<div class=\"elementor-element elementor-element-77f185bf e-flex e-con-boxed e-con e-parent\" data-id=\"77f185bf\" data-element_type=\"container\" data-e-type=\"container\">\n\t\t\t\t\t<div class=\"e-con-inner\">\n\t\t<!-- dce invisible element 78edf350 --><div data-dce-background-image-url=\"http:\/\/pavicret.com\/wp-content\/uploads\/2025\/07\/Amazon2.avif\" class=\"elementor-element elementor-element-5c387245 e-con-full e-flex elementor-invisible e-con e-child\" data-id=\"5c387245\" data-element_type=\"container\" data-e-type=\"container\" data-settings=\"{&quot;background_background&quot;:&quot;classic&quot;,&quot;animation&quot;:&quot;fadeIn&quot;}\">\n\t\t\t\t<\/div>\n\t\t<div class=\"elementor-element elementor-element-298aff9 e-con-full animated-slow e-flex e-con e-child\" data-id=\"298aff9\" data-element_type=\"container\" data-e-type=\"container\" data-settings=\"{&quot;animation&quot;:&quot;none&quot;,&quot;animation_mobile&quot;:&quot;none&quot;}\">\n\t\t\t\t<div class=\"dce-visibility-event elementor-element elementor-element-6aa884dd elementor-hidden-mobile elementor-widget elementor-widget-heading\" data-id=\"6aa884dd\" data-element_type=\"widget\" data-e-type=\"widget\" data-settings=\"{&quot;enabled_visibility&quot;:&quot;yes&quot;,&quot;dce_visibility_selected&quot;:&quot;hide&quot;,&quot;_animation&quot;:&quot;none&quot;}\" data-widget_type=\"heading.default\">\n\t\t\t\t<div class=\"elementor-widget-container\">\n\t\t\t\t\t<h3 class=\"elementor-heading-title elementor-size-default\">Qu'est-ce que Pavicret ACG ?<\/h3>\t\t\t\t<\/div>\n\t\t\t\t<\/div>\n\t\t\t\t<div class=\"elementor-element elementor-element-c51ac98 elementor-widget__width-initial elementor-widget elementor-widget-text-editor\" data-id=\"c51ac98\" data-element_type=\"widget\" data-e-type=\"widget\" data-widget_type=\"text-editor.default\">\n\t\t\t\t<div class=\"elementor-widget-container\">\n\t\t\t\t\t\t\t\t\t<p data-start=\"1719\" data-end=\"1867\"><strong data-start=\"1719\" data-end=\"1735\">Pavicret ACG<\/strong> est un durcisseur de surface en poudre qui est appliqu\u00e9 sur le b\u00e9ton frais pour former une couche de haute r\u00e9sistance et de compactage.<\/p><p data-start=\"1869\" data-end=\"2164\">Sa formulation est bas\u00e9e sur des agr\u00e9gats min\u00e9raux s\u00e9lectionn\u00e9s, du ciment de haute qualit\u00e9 et des additifs sp\u00e9ciaux qui am\u00e9liorent la r\u00e9sistance m\u00e9canique de la chauss\u00e9e.<br data-start=\"2027\" data-end=\"2030\">Il est particuli\u00e8rement adapt\u00e9 aux zones \u00e0 fort trafic, aux zones logistiques, aux entrep\u00f4ts industriels et aux plates-formes de distribution.<\/p><p data-start=\"2166\" data-end=\"2312\">Il en r\u00e9sulte une surface dense et r\u00e9sistante \u00e0 l&rsquo;usure, d&rsquo;une grande durabilit\u00e9 et d&rsquo;un excellent comportement sous des charges ponctuelles ou r\u00e9p\u00e9titives.<\/p>\t\t\t\t\t\t\t\t<\/div>\n\t\t\t\t<\/div>\n\t\t\t\t<div class=\"elementor-element elementor-element-6d3b200e elementor-widget elementor-widget-heading\" data-id=\"6d3b200e\" data-element_type=\"widget\" data-e-type=\"widget\" data-widget_type=\"heading.default\">\n\t\t\t\t<div class=\"elementor-widget-container\">\n\t\t\t\t\t<h3 class=\"elementor-heading-title elementor-size-default\">Principaux avantages du syst\u00e8me Pavicret ACG<\/h3>\t\t\t\t<\/div>\n\t\t\t\t<\/div>\n\t\t\t\t<div class=\"elementor-element elementor-element-5e8b7c3e elementor-widget__width-initial elementor-widget elementor-widget-text-editor\" data-id=\"5e8b7c3e\" data-element_type=\"widget\" data-e-type=\"widget\" data-widget_type=\"text-editor.default\">\n\t\t\t\t<div class=\"elementor-widget-container\">\n\t\t\t\t\t\t\t\t\t<p>Haute r\u00e9sistance \u00e0 l&rsquo;abrasion et aux chocs, m\u00eame dans les zones d&rsquo;utilisation intensive<br data-start=\"2449\" data-end=\"2452\">\u2705 Surface compacte et durable, id\u00e9ale pour les sols soumis \u00e0 des machines lourdes<br data-start=\"2537\" data-end=\"2540\">\u2705 Finition uniforme avec une excellente int\u00e9gration esth\u00e9tique dans les sols industriels<br data-start=\"2616\" data-end=\"2619\">\u2705 Compatible avec les sols color\u00e9s et la signalisation<br data-start=\"2672\" data-end=\"2675\">\u2705 Entretien r\u00e9duit \u00e0 long terme gr\u00e2ce \u00e0 une durabilit\u00e9 \u00e9lev\u00e9e<br data-start=\"2740\" data-end=\"2743\">\u2705 Solution rentable pour les grandes zones logistiques et industrielles <br>\u2705 Solution rentable pour les grandes zones logistiques et industrielles<br>\u2705 Faible entretien \u00e0 long terme gr\u00e2ce \u00e0 une durabilit\u00e9 \u00e9lev\u00e9e<br>\u2705 Solution rentable pour les grandes zones logistiques et industrielles.<\/p>\t\t\t\t\t\t\t\t<\/div>\n\t\t\t\t<\/div>\n\t\t\t\t<\/div>\n\t\t\t\t\t<\/div>\n\t\t\t\t<\/div>\n\t\t<div class=\"elementor-element elementor-element-35549c35 e-flex e-con-boxed e-con e-parent\" data-id=\"35549c35\" data-element_type=\"container\" data-e-type=\"container\">\n\t\t\t\t\t<div class=\"e-con-inner\">\n\t\t<div class=\"elementor-element elementor-element-2d99fa0f e-con-full e-flex e-con e-child\" data-id=\"2d99fa0f\" data-element_type=\"container\" data-e-type=\"container\">\n\t\t\t\t<div class=\"elementor-element elementor-element-64544bcd elementor-widget elementor-widget-heading\" data-id=\"64544bcd\" data-element_type=\"widget\" data-e-type=\"widget\" data-widget_type=\"heading.default\">\n\t\t\t\t<div class=\"elementor-widget-container\">\n\t\t\t\t\t<h2 class=\"elementor-heading-title elementor-size-default\">D\u00e9tails techniques du syst\u00e8me<\/h2>\t\t\t\t<\/div>\n\t\t\t\t<\/div>\n\t\t\t\t<div class=\"elementor-element elementor-element-100d0971 elementor-widget__width-initial elementor-widget elementor-widget-text-editor\" data-id=\"100d0971\" data-element_type=\"widget\" data-e-type=\"widget\" data-widget_type=\"text-editor.default\">\n\t\t\t\t<div class=\"elementor-widget-container\">\n\t\t\t\t\t\t\t\t\t<p>&#8211; Application \u00e0 sec sur b\u00e9ton frais en phase plastique<br data-start=\"2918\" data-end=\"2921\">&#8211; Finition m\u00e9canique \u00e0 la truelle pour une densit\u00e9 de surface maximale<br data-start=\"2983\" data-end=\"2986\">&#8211; Compatible avec la cure de r\u00e9sine de type PaviCure pour le scellement et la protection<br data-start=\"3067\" data-end=\"3070\">&#8211; Epaisseur de durcissement approximative : 2-4 mm<br data-start=\"3117\" data-end=\"3120\">&#8211; Dosage recommand\u00e9 : 4 \u00e0 6 kg\/m\u00b2 (en fonction du niveau de trafic attendu)<br data-start=\"3207\" data-end=\"3210\">&#8211; Disponible en diff\u00e9rentes couleurs (gris, rouge, vert, naturel, etc.).<\/p>\t\t\t\t\t\t\t\t<\/div>\n\t\t\t\t<\/div>\n\t\t<div class=\"elementor-element elementor-element-4524905a e-con-full e-flex e-con e-child\" data-id=\"4524905a\" data-element_type=\"container\" data-e-type=\"container\">\n\t\t<div data-dce-background-image-url=\"http:\/\/pavicret.com\/wp-content\/uploads\/2025\/07\/98.avif\" class=\"elementor-element elementor-element-6ff0f82 e-con-full e-flex e-con e-child\" data-id=\"6ff0f82\" data-element_type=\"container\" data-e-type=\"container\" data-settings=\"{&quot;background_background&quot;:&quot;classic&quot;}\">\n\t\t\t\t<\/div>\n\t\t<div data-dce-background-image-url=\"http:\/\/pavicret.com\/wp-content\/uploads\/2025\/07\/amazon-logistica-valencia.avif\" class=\"elementor-element elementor-element-24f2fd28 e-con-full e-flex e-con e-child\" data-id=\"24f2fd28\" data-element_type=\"container\" data-e-type=\"container\" data-settings=\"{&quot;background_background&quot;:&quot;classic&quot;}\">\n\t\t\t\t<\/div>\n\t\t\t\t<\/div>\n\t\t\t\t<\/div>\n\t\t\t\t\t<\/div>\n\t\t\t\t<\/div>\n\t\t<div class=\"elementor-element elementor-element-6ee59654 e-flex e-con-boxed e-con e-parent\" data-id=\"6ee59654\" data-element_type=\"container\" data-e-type=\"container\">\n\t\t\t\t\t<div class=\"e-con-inner\">\n\t\t\t\t<div class=\"elementor-element elementor-element-51d53184 elementor-widget elementor-widget-heading\" data-id=\"51d53184\" data-element_type=\"widget\" data-e-type=\"widget\" data-widget_type=\"heading.default\">\n\t\t\t\t<div class=\"elementor-widget-container\">\n\t\t\t\t\t<h2 class=\"elementor-heading-title elementor-size-default\">Pourquoi choisir Pavicret pour vos projets industriels ?\n<\/h2>\t\t\t\t<\/div>\n\t\t\t\t<\/div>\n\t\t\t\t<div class=\"elementor-element elementor-element-5d1652c9 elementor-widget__width-initial elementor-widget elementor-widget-text-editor\" data-id=\"5d1652c9\" data-element_type=\"widget\" data-e-type=\"widget\" data-widget_type=\"text-editor.default\">\n\t\t\t\t<div class=\"elementor-widget-container\">\n\t\t\t\t\t\t\t\t\t<p data-start=\"257\" data-end=\"491\">\u00ab\u00a0Avec Pavicret ACG, nous avons obtenu un rev\u00eatement uniforme, extr\u00eamement r\u00e9sistant et durable. C&rsquo;est exactement ce dont une infrastructure logistique comme celle d&rsquo;Amazon a besoin<strong>\u00ab\u00a0<\/strong><br data-start=\"424\" data-end=\"427\"><strong>&#8211; Site Manager, Amazon Logistics Platform<\/strong> <\/p><p data-start=\"493\" data-end=\"885\">Si vous projetez des <strong>centres logistiques, des entrep\u00f4ts, des zones de chargement ou des plates-formes de distribution<\/strong>, notre \u00e9quipe technique vous conseillera pour garantir la r\u00e9sistance, la durabilit\u00e9 et les performances qu&rsquo;exigent les sols industriels.<br data-start=\"718\" data-end=\"721\">Nous adaptons le dosage du syst\u00e8me aux conditions sp\u00e9cifiques de votre projet et nous vous accompagnons \u00e0 chaque \u00e9tape pour garantir un r\u00e9sultat fiable, rentable et durable.<\/p>\t\t\t\t\t\t\t\t<\/div>\n\t\t\t\t<\/div>\n\t\t\t\t\t<\/div>\n\t\t\t\t<\/div>\n\t\t<div class=\"elementor-element elementor-element-5b25c237 e-con-full e-flex e-con e-parent\" data-id=\"5b25c237\" data-element_type=\"container\" data-e-type=\"container\" data-settings=\"{&quot;background_background&quot;:&quot;classic&quot;}\">\n\t\t\t\t<div class=\"elementor-element elementor-element-1b00081d elementor-widget elementor-widget-image\" data-id=\"1b00081d\" data-element_type=\"widget\" data-e-type=\"widget\" data-widget_type=\"image.default\">\n\t\t\t\t<div class=\"elementor-widget-container\">\n\t\t\t\t\t\t\t\t\t\t\t\t\t\t\t<img fetchpriority=\"high\" decoding=\"async\" width=\"800\" height=\"450\" src=\"https:\/\/pavicret.com\/wp-content\/uploads\/2025\/07\/Amazon3-1024x576.avif\" class=\"attachment-large size-large wp-image-6810\" alt=\"\" srcset=\"https:\/\/pavicret.com\/wp-content\/uploads\/2025\/07\/Amazon3-1024x576.avif 1024w, https:\/\/pavicret.com\/wp-content\/uploads\/2025\/07\/Amazon3-300x169.avif 300w, https:\/\/pavicret.com\/wp-content\/uploads\/2025\/07\/Amazon3-768x432.avif 768w, https:\/\/pavicret.com\/wp-content\/uploads\/2025\/07\/Amazon3-600x338.avif 600w, https:\/\/pavicret.com\/wp-content\/uploads\/2025\/07\/Amazon3.avif 1200w\" sizes=\"(max-width: 800px) 100vw, 800px\" \/>\t\t\t\t\t\t\t\t\t\t\t\t\t\t\t<\/div>\n\t\t\t\t<\/div>\n\t\t\t\t<\/div>\n\t\t<div class=\"elementor-element elementor-element-7359ada6 e-flex e-con-boxed e-con e-parent\" data-id=\"7359ada6\" data-element_type=\"container\" data-e-type=\"container\">\n\t\t\t\t\t<div class=\"e-con-inner\">\n\t\t\t\t<div class=\"elementor-element elementor-element-32d51e0e elementor-widget elementor-widget-heading\" data-id=\"32d51e0e\" data-element_type=\"widget\" data-e-type=\"widget\" data-widget_type=\"heading.default\">\n\t\t\t\t<div class=\"elementor-widget-container\">\n\t\t\t\t\t<h2 class=\"elementor-heading-title elementor-size-default\">Pavicret, votre partenaire technique\n<\/h2>\t\t\t\t<\/div>\n\t\t\t\t<\/div>\n\t\t\t\t<div class=\"elementor-element elementor-element-52105796 elementor-widget__width-initial elementor-widget elementor-widget-text-editor\" data-id=\"52105796\" data-element_type=\"widget\" data-e-type=\"widget\" data-widget_type=\"text-editor.default\">\n\t\t\t\t<div class=\"elementor-widget-container\">\n\t\t\t\t\t\t\t\t\t<p><span style=\"font-weight: 400;\">Depuis plus de trois d\u00e9cennies, nous fournissons des solutions sur mesure pour les sols industriels, <\/span><b>Pavicret<\/b><span style=\"font-weight: 400;\"> s&rsquo;est impos\u00e9e comme une r\u00e9f\u00e9rence en mati\u00e8re de <\/span><b>liants et durcisseurs industriels<\/b><span style=\"font-weight: 400;\">  en Espagne et \u00e0 l&rsquo;\u00e9tranger. Notre d\u00e9partement technique accompagne les architectes, les ing\u00e9nieurs et les entrepreneurs dans toutes les phases des travaux, depuis la prescription et les essais de couleur jusqu&rsquo;\u00e0 la mise en service et la maintenance pr\u00e9ventive. <\/span><\/p>\t\t\t\t\t\t\t\t<\/div>\n\t\t\t\t<\/div>\n\t\t\t\t\t<\/div>\n\t\t\t\t<\/div>\n\t\t<div class=\"elementor-element elementor-element-22af8d14 e-flex e-con-boxed e-con e-parent\" data-id=\"22af8d14\" data-element_type=\"container\" data-e-type=\"container\" data-settings=\"{&quot;background_background&quot;:&quot;classic&quot;}\">\n\t\t\t\t\t<div class=\"e-con-inner\">\n\t\t<div class=\"elementor-element elementor-element-5dd81bd6 e-con-full e-flex e-con e-child\" data-id=\"5dd81bd6\" data-element_type=\"container\" data-e-type=\"container\">\n\t\t\t\t<div class=\"elementor-element elementor-element-d31193f elementor-widget elementor-widget-heading\" data-id=\"d31193f\" data-element_type=\"widget\" data-e-type=\"widget\" data-widget_type=\"heading.default\">\n\t\t\t\t<div class=\"elementor-widget-container\">\n\t\t\t\t\t<h2 class=\"elementor-heading-title elementor-size-default\">Vous recherchez des performances \u00e9lev\u00e9es pour des projets industriels exigeants ?\n\n<\/h2>\t\t\t\t<\/div>\n\t\t\t\t<\/div>\n\t\t\t\t<div class=\"elementor-element elementor-element-74a4138b elementor-widget__width-initial elementor-widget elementor-widget-text-editor\" data-id=\"74a4138b\" data-element_type=\"widget\" data-e-type=\"widget\" data-widget_type=\"text-editor.default\">\n\t\t\t\t<div class=\"elementor-widget-container\">\n\t\t\t\t\t\t\t\t\t<p>Chez Pavicret, nous vous conseillons pour choisir la solution la plus efficace pour votre projet.<br data-start=\"3913\" data-end=\"3916\">Optimisez la r\u00e9sistance de votre pavage et garantissez des performances durables avec <strong>Pavicret ACG<\/strong>.<\/p>\t\t\t\t\t\t\t\t<\/div>\n\t\t\t\t<\/div>\n\t\t\t\t<\/div>\n\t\t<div class=\"elementor-element elementor-element-6eea0eb6 e-con-full e-flex e-con e-child\" data-id=\"6eea0eb6\" data-element_type=\"container\" data-e-type=\"container\">\n\t\t\t\t<div class=\"elementor-element elementor-element-ec25ea7 elementor-widget elementor-widget-button\" data-id=\"ec25ea7\" data-element_type=\"widget\" data-e-type=\"widget\" data-widget_type=\"button.default\">\n\t\t\t\t<div class=\"elementor-widget-container\">\n\t\t\t\t\t\t\t\t\t<div class=\"elementor-button-wrapper\">\n\t\t\t\t\t<a class=\"elementor-button elementor-button-link elementor-size-sm elementor-animation-shrink\" href=\"https:\/\/pavicret.com\/fr\/contact\/\" id=\"btn-contacto-amazon2\">\n\t\t\t\t\t\t<span class=\"elementor-button-content-wrapper\">\n\t\t\t\t\t\t<span class=\"elementor-button-icon\">\n\t\t\t\t<svg aria-hidden=\"true\" class=\"e-font-icon-svg e-far-envelope\" viewBox=\"0 0 512 512\" xmlns=\"http:\/\/www.w3.org\/2000\/svg\"><path d=\"M464 64H48C21.49 64 0 85.49 0 112v288c0 26.51 21.49 48 48 48h416c26.51 0 48-21.49 48-48V112c0-26.51-21.49-48-48-48zm0 48v40.805c-22.422 18.259-58.168 46.651-134.587 106.49-16.841 13.247-50.201 45.072-73.413 44.701-23.208.375-56.579-31.459-73.413-44.701C106.18 199.465 70.425 171.067 48 152.805V112h416zM48 400V214.398c22.914 18.251 55.409 43.862 104.938 82.646 21.857 17.205 60.134 55.186 103.062 54.955 42.717.231 80.509-37.199 103.053-54.947 49.528-38.783 82.032-64.401 104.947-82.653V400H48z\"><\/path><\/svg>\t\t\t<\/span>\n\t\t\t\t\t\t\t\t\t<span class=\"elementor-button-text\">Contactez nous<\/span>\n\t\t\t\t\t<\/span>\n\t\t\t\t\t<\/a>\n\t\t\t\t<\/div>\n\t\t\t\t\t\t\t\t<\/div>\n\t\t\t\t<\/div>\n\t\t\t\t<div class=\"elementor-element elementor-element-68f19b58 elementor-widget elementor-widget-button\" data-id=\"68f19b58\" data-element_type=\"widget\" data-e-type=\"widget\" data-widget_type=\"button.default\">\n\t\t\t\t<div class=\"elementor-widget-container\">\n\t\t\t\t\t\t\t\t\t<div class=\"elementor-button-wrapper\">\n\t\t\t\t\t<a class=\"elementor-button elementor-button-link elementor-size-sm elementor-animation-shrink\" href=\"https:\/\/pavicret.com\/fr\/contact\/#delegaciones\" id=\"btn-tienda-amazon2\">\n\t\t\t\t\t\t<span class=\"elementor-button-content-wrapper\">\n\t\t\t\t\t\t<span class=\"elementor-button-icon\">\n\t\t\t\t<svg aria-hidden=\"true\" class=\"e-font-icon-svg e-fas-store-alt\" viewBox=\"0 0 640 512\" xmlns=\"http:\/\/www.w3.org\/2000\/svg\"><path d=\"M320 384H128V224H64v256c0 17.7 14.3 32 32 32h256c17.7 0 32-14.3 32-32V224h-64v160zm314.6-241.8l-85.3-128c-6-8.9-16-14.2-26.7-14.2H117.4c-10.7 0-20.7 5.3-26.6 14.2l-85.3 128c-14.2 21.3 1 49.8 26.6 49.8H608c25.5 0 40.7-28.5 26.6-49.8zM512 496c0 8.8 7.2 16 16 16h32c8.8 0 16-7.2 16-16V224h-64v272z\"><\/path><\/svg>\t\t\t<\/span>\n\t\t\t\t\t\t\t\t\t<span class=\"elementor-button-text\">Trouvez le magasin le plus proche de chez vous<\/span>\n\t\t\t\t\t<\/span>\n\t\t\t\t\t<\/a>\n\t\t\t\t<\/div>\n\t\t\t\t\t\t\t\t<\/div>\n\t\t\t\t<\/div>\n\t\t\t\t<\/div>\n\t\t\t\t\t<\/div>\n\t\t\t\t<\/div>\n\t\t\t\t<\/div>\n\t\t","protected":false},"excerpt":{"rendered":"<p>Pavicret ACG : La solution pour les plateformes logistiques d&rsquo;Amazon Pavicret ACG sur Amazon : Solidit\u00e9 et durabilit\u00e9 pour une logistique performante Les plateformes logistiques d&rsquo;Amazon n\u00e9cessitent des rev\u00eatements de sol capables de r\u00e9sister \u00e0 un usage intensif, \u00e0 des charges lourdes et \u00e0 un trafic continu de machines.Dans cet environnement, le durcisseur Pavicret ACG [&hellip;]<\/p>\n","protected":false},"author":1,"featured_media":0,"parent":9590,"menu_order":0,"comment_status":"closed","ping_status":"closed","template":"","meta":{"_acf_changed":false,"content-type":"","footnotes":""},"class_list":["post-6851","page","type-page","status-publish","hentry"],"acf":[],"_links":{"self":[{"href":"https:\/\/pavicret.com\/fr\/wp-json\/wp\/v2\/pages\/6851","targetHints":{"allow":["GET"]}}],"collection":[{"href":"https:\/\/pavicret.com\/fr\/wp-json\/wp\/v2\/pages"}],"about":[{"href":"https:\/\/pavicret.com\/fr\/wp-json\/wp\/v2\/types\/page"}],"author":[{"embeddable":true,"href":"https:\/\/pavicret.com\/fr\/wp-json\/wp\/v2\/users\/1"}],"replies":[{"embeddable":true,"href":"https:\/\/pavicret.com\/fr\/wp-json\/wp\/v2\/comments?post=6851"}],"version-history":[{"count":8,"href":"https:\/\/pavicret.com\/fr\/wp-json\/wp\/v2\/pages\/6851\/revisions"}],"predecessor-version":[{"id":7617,"href":"https:\/\/pavicret.com\/fr\/wp-json\/wp\/v2\/pages\/6851\/revisions\/7617"}],"up":[{"embeddable":true,"href":"https:\/\/pavicret.com\/fr\/wp-json\/wp\/v2\/pages\/9590"}],"wp:attachment":[{"href":"https:\/\/pavicret.com\/fr\/wp-json\/wp\/v2\/media?parent=6851"}],"curies":[{"name":"wp","href":"https:\/\/api.w.org\/{rel}","templated":true}]}}