{"id":6747,"date":"2025-04-16T16:20:58","date_gmt":"2025-04-16T15:20:58","guid":{"rendered":"https:\/\/pavicret.com\/a-propos-de-nous\/"},"modified":"2025-07-25T15:59:30","modified_gmt":"2025-07-25T14:59:30","slug":"a-propos-de-nous","status":"publish","type":"page","link":"https:\/\/pavicret.com\/fr\/a-propos-de-nous\/","title":{"rendered":"\u00c0 propos de nous"},"content":{"rendered":"\t\t<div data-elementor-type=\"wp-page\" data-elementor-id=\"6747\" class=\"elementor elementor-6747 elementor-2164\" data-elementor-post-type=\"page\">\n\t\t\t\t<div class=\"elementor-element elementor-element-cc8441f shapedividers_com-7047 e-flex e-con-boxed e-con e-parent\" data-id=\"cc8441f\" data-element_type=\"container\" data-e-type=\"container\" data-settings=\"{&quot;background_background&quot;:&quot;classic&quot;}\">\n\t\t\t\t\t<div class=\"e-con-inner\">\n\t\t<div class=\"elementor-element elementor-element-3307c24 e-con-full e-flex e-con e-child\" data-id=\"3307c24\" data-element_type=\"container\" data-e-type=\"container\" data-settings=\"{&quot;background_background&quot;:&quot;classic&quot;}\">\n\t\t\t\t<div class=\"elementor-element elementor-element-86c9c18 elementor-widget elementor-widget-heading\" data-id=\"86c9c18\" data-element_type=\"widget\" data-e-type=\"widget\" data-widget_type=\"heading.default\">\n\t\t\t\t<div class=\"elementor-widget-container\">\n\t\t\t\t\t<h2 class=\"elementor-heading-title elementor-size-default\">\u00c0 propos de nous<\/h2>\t\t\t\t<\/div>\n\t\t\t\t<\/div>\n\t\t\t\t<div class=\"elementor-element elementor-element-cba403b elementor-widget elementor-widget-text-editor\" data-id=\"cba403b\" data-element_type=\"widget\" data-e-type=\"widget\" data-widget_type=\"text-editor.default\">\n\t\t\t\t<div class=\"elementor-widget-container\">\n\t\t\t\t\t\t\t\t\t<p data-start=\"23\" data-end=\"361\">Chez <strong data-start=\"26\" data-end=\"38\">Pavicret<\/strong>, nous fabriquons plus que des produits pour les rev\u00eatements de sol et muraux d\u00e9coratifs en b\u00e9ton : nous fabriquons de la confiance, de la durabilit\u00e9 et des solutions con\u00e7ues pour durer. Bas\u00e9s \u00e0 Valence et pr\u00e9sents \u00e0 l&rsquo;international, nous nous sommes impos\u00e9s comme une r\u00e9f\u00e9rence en mati\u00e8re d&rsquo;innovation, de durabilit\u00e9 et d&rsquo;engagement dans le secteur de la construction.<\/p><p data-start=\"363\" data-end=\"595\">Nous proposons une large gamme de solutions : b\u00e9ton imprim\u00e9, rev\u00eatements industriels, rev\u00eatements d\u00e9coratifs, produits de r\u00e9novation et d&rsquo;entretien, ainsi que des agents de cure, des protecteurs, des outils et des machines sp\u00e9cialis\u00e9es.<\/p><p data-start=\"597\" data-end=\"943\" data-is-last-node=\"\" data-is-only-node=\"\">Nous nous engageons aupr\u00e8s de chaque client en tant que v\u00e9ritable partenaire strat\u00e9gique, en l&rsquo;accompagnant de la planification \u00e0 la mise en \u0153uvre. Chez Pavicret, chaque projet est une occasion de cr\u00e9er une valeur r\u00e9elle et des relations durables. Nous envisageons l&rsquo;avenir avec la d\u00e9termination de continuer \u00e0 \u00e9voluer et \u00e0 faire la diff\u00e9rence sur chaque surface transform\u00e9e.<\/p>\t\t\t\t\t\t\t\t<\/div>\n\t\t\t\t<\/div>\n\t\t\t\t<\/div>\n\t\t<div data-dce-background-image-url=\"http:\/\/pavicret.com\/wp-content\/uploads\/2025\/05\/PaviCret-Empresa-1-1.png\" class=\"elementor-element elementor-element-c44f84c e-con-full e-flex e-con e-child\" data-id=\"c44f84c\" data-element_type=\"container\" data-e-type=\"container\" data-settings=\"{&quot;background_background&quot;:&quot;classic&quot;}\">\n\t\t\t\t<\/div>\n\t\t\t\t\t<\/div>\n\t\t\t\t<\/div>\n\t\t<div data-dce-background-color=\"#FFFFFF\" class=\"elementor-element elementor-element-d2f4679 e-flex e-con-boxed e-con e-parent\" data-id=\"d2f4679\" data-element_type=\"container\" data-e-type=\"container\" data-settings=\"{&quot;background_background&quot;:&quot;classic&quot;}\">\n\t\t\t\t\t<div class=\"e-con-inner\">\n\t\t\t\t<div class=\"elementor-element elementor-element-2ba1aa1 elementor-widget elementor-widget-heading\" data-id=\"2ba1aa1\" data-element_type=\"widget\" data-e-type=\"widget\" data-widget_type=\"heading.default\">\n\t\t\t\t<div class=\"elementor-widget-container\">\n\t\t\t\t\t<h3 class=\"elementor-heading-title elementor-size-default\">Les marques qui nous font confiance<\/h3>\t\t\t\t<\/div>\n\t\t\t\t<\/div>\n\t\t\t\t<div class=\"elementor-element elementor-element-994ee27 elementor-skin-carousel elementor-pagination-type-bullets elementor-pagination-position-outside elementor-widget elementor-widget-media-carousel\" data-id=\"994ee27\" data-element_type=\"widget\" data-e-type=\"widget\" data-settings=\"{&quot;slides_per_view&quot;:&quot;4&quot;,&quot;slides_to_scroll&quot;:&quot;1&quot;,&quot;lazyload&quot;:&quot;yes&quot;,&quot;space_between&quot;:{&quot;unit&quot;:&quot;px&quot;,&quot;size&quot;:35,&quot;sizes&quot;:[]},&quot;skin&quot;:&quot;carousel&quot;,&quot;effect&quot;:&quot;slide&quot;,&quot;pagination&quot;:&quot;bullets&quot;,&quot;speed&quot;:500,&quot;autoplay&quot;:&quot;yes&quot;,&quot;autoplay_speed&quot;:5000,&quot;loop&quot;:&quot;yes&quot;,&quot;pause_on_interaction&quot;:&quot;yes&quot;,&quot;space_between_laptop&quot;:{&quot;unit&quot;:&quot;px&quot;,&quot;size&quot;:10,&quot;sizes&quot;:[]},&quot;space_between_tablet&quot;:{&quot;unit&quot;:&quot;px&quot;,&quot;size&quot;:10,&quot;sizes&quot;:[]},&quot;space_between_mobile&quot;:{&quot;unit&quot;:&quot;px&quot;,&quot;size&quot;:10,&quot;sizes&quot;:[]}}\" data-widget_type=\"media-carousel.default\">\n\t\t\t\t<div class=\"elementor-widget-container\">\n\t\t\t\t\t\t\t\t\t<div class=\"elementor-swiper\">\n\t\t\t\t\t<div class=\"elementor-main-swiper swiper\" role=\"region\" aria-roledescription=\"carousel\" aria-label=\"Slides\">\n\t\t\t\t<div class=\"swiper-wrapper\">\n\t\t\t\t\t\t\t\t\t\t\t<div class=\"swiper-slide\" role=\"group\" aria-roledescription=\"slide\">\n\t\t\t\t\t\t\t\t\t<div class=\"elementor-carousel-image swiper-lazy\" role=\"img\" aria-label=\"amazon-1\" data-background=\"https:\/\/pavicret.com\/wp-content\/uploads\/2025\/06\/amazon-1.png\">\n\n\t\t\t\t\t\t\t<div class=\"swiper-lazy-preloader\"><\/div>\n\t\t\t\n\t\t\t\t\t<\/div>\n\t\t\t\t\t\t\t\t<\/div>\n\t\t\t\t\t\t\t\t\t\t\t<div class=\"swiper-slide\" role=\"group\" aria-roledescription=\"slide\">\n\t\t\t\t\t\t\t\t\t<div class=\"elementor-carousel-image swiper-lazy\" role=\"img\" aria-label=\"cocacola\" data-background=\"https:\/\/pavicret.com\/wp-content\/uploads\/2025\/06\/cocacola.png\">\n\n\t\t\t\t\t\t\t<div class=\"swiper-lazy-preloader\"><\/div>\n\t\t\t\n\t\t\t\t\t<\/div>\n\t\t\t\t\t\t\t\t<\/div>\n\t\t\t\t\t\t\t\t\t\t\t<div class=\"swiper-slide\" role=\"group\" aria-roledescription=\"slide\">\n\t\t\t\t\t\t\t\t\t<div class=\"elementor-carousel-image swiper-lazy\" role=\"img\" aria-label=\"mercadona\" data-background=\"https:\/\/pavicret.com\/wp-content\/uploads\/2025\/06\/mercadona.png\">\n\n\t\t\t\t\t\t\t<div class=\"swiper-lazy-preloader\"><\/div>\n\t\t\t\n\t\t\t\t\t<\/div>\n\t\t\t\t\t\t\t\t<\/div>\n\t\t\t\t\t\t\t\t\t\t\t<div class=\"swiper-slide\" role=\"group\" aria-roledescription=\"slide\">\n\t\t\t\t\t\t\t\t\t<div class=\"elementor-carousel-image swiper-lazy\" role=\"img\" aria-label=\"ford\" data-background=\"https:\/\/pavicret.com\/wp-content\/uploads\/2025\/06\/ford.png\">\n\n\t\t\t\t\t\t\t<div class=\"swiper-lazy-preloader\"><\/div>\n\t\t\t\n\t\t\t\t\t<\/div>\n\t\t\t\t\t\t\t\t<\/div>\n\t\t\t\t\t\t\t\t\t\t\t<div class=\"swiper-slide\" role=\"group\" aria-roledescription=\"slide\">\n\t\t\t\t\t\t\t\t\t<div class=\"elementor-carousel-image swiper-lazy\" role=\"img\" aria-label=\"McDonals\" data-background=\"https:\/\/pavicret.com\/wp-content\/uploads\/2025\/06\/McDonals.webp\">\n\n\t\t\t\t\t\t\t<div class=\"swiper-lazy-preloader\"><\/div>\n\t\t\t\n\t\t\t\t\t<\/div>\n\t\t\t\t\t\t\t\t<\/div>\n\t\t\t\t\t\t\t\t\t\t\t<div class=\"swiper-slide\" role=\"group\" aria-roledescription=\"slide\">\n\t\t\t\t\t\t\t\t\t<div class=\"elementor-carousel-image swiper-lazy\" role=\"img\" aria-label=\"warner\" data-background=\"https:\/\/pavicret.com\/wp-content\/uploads\/2025\/06\/warner.png\">\n\n\t\t\t\t\t\t\t<div class=\"swiper-lazy-preloader\"><\/div>\n\t\t\t\n\t\t\t\t\t<\/div>\n\t\t\t\t\t\t\t\t<\/div>\n\t\t\t\t\t\t\t\t\t\t\t<div class=\"swiper-slide\" role=\"group\" aria-roledescription=\"slide\">\n\t\t\t\t\t\t\t\t\t<div class=\"elementor-carousel-image swiper-lazy\" role=\"img\" aria-label=\"lidl\" data-background=\"https:\/\/pavicret.com\/wp-content\/uploads\/2025\/06\/lidl.png\">\n\n\t\t\t\t\t\t\t<div class=\"swiper-lazy-preloader\"><\/div>\n\t\t\t\n\t\t\t\t\t<\/div>\n\t\t\t\t\t\t\t\t<\/div>\n\t\t\t\t\t\t\t\t\t\t\t<div class=\"swiper-slide\" role=\"group\" aria-roledescription=\"slide\">\n\t\t\t\t\t\t\t\t\t<div class=\"elementor-carousel-image swiper-lazy\" role=\"img\" aria-label=\"terramitica\" data-background=\"https:\/\/pavicret.com\/wp-content\/uploads\/2025\/06\/terramitica.png\">\n\n\t\t\t\t\t\t\t<div class=\"swiper-lazy-preloader\"><\/div>\n\t\t\t\n\t\t\t\t\t<\/div>\n\t\t\t\t\t\t\t\t<\/div>\n\t\t\t\t\t\t\t\t\t<\/div>\n\t\t\t\t\t\t\t\t\t\t\t\t\t\t\t\t\t\t\t\t<div class=\"swiper-pagination\"><\/div>\n\t\t\t\t\t\t\t\t\t\t\t\t<\/div>\n\t\t\t\t<\/div>\n\t\t\t\t\t\t\t\t<\/div>\n\t\t\t\t<\/div>\n\t\t\t\t\t<\/div>\n\t\t\t\t<\/div>\n\t\t<div data-dce-background-color=\"#14144D\" class=\"elementor-element elementor-element-765cbb3 e-flex e-con-boxed e-con e-parent\" data-id=\"765cbb3\" data-element_type=\"container\" data-e-type=\"container\" data-settings=\"{&quot;background_background&quot;:&quot;classic&quot;}\">\n\t\t\t\t\t<div class=\"e-con-inner\">\n\t\t<div class=\"elementor-element elementor-element-756e25f e-con-full e-flex e-con e-child\" data-id=\"756e25f\" data-element_type=\"container\" data-e-type=\"container\">\n\t\t<div class=\"elementor-element elementor-element-22eeb1d e-con-full e-flex e-con e-child\" data-id=\"22eeb1d\" data-element_type=\"container\" data-e-type=\"container\">\n\t\t\t\t<div class=\"elementor-element elementor-element-100ad7c elementor-widget elementor-widget-heading\" data-id=\"100ad7c\" data-element_type=\"widget\" data-e-type=\"widget\" data-widget_type=\"heading.default\">\n\t\t\t\t<div class=\"elementor-widget-container\">\n\t\t\t\t\t<h3 class=\"elementor-heading-title elementor-size-default\">Construire les lieux les plus embl\u00e9matiques d'Espagne<\/h3>\t\t\t\t<\/div>\n\t\t\t\t<\/div>\n\t\t\t\t<div class=\"elementor-element elementor-element-0284b96 elementor-widget elementor-widget-text-editor\" data-id=\"0284b96\" data-element_type=\"widget\" data-e-type=\"widget\" data-widget_type=\"text-editor.default\">\n\t\t\t\t<div class=\"elementor-widget-container\">\n\t\t\t\t\t\t\t\t\t<p>Nous avons particip\u00e9 \u00e0 certains des projets les plus embl\u00e9matiques de notre pays.<\/p><p>H\u00f4tels, gratte-ciel, stades et centres de loisirs ont fait confiance \u00e0 nos mat\u00e9riaux et au soutien de notre \u00e9quipe technique pour la mise en \u0153uvre de rev\u00eatements de sol, d&rsquo;adh\u00e9sifs et de solutions d\u00e9coratives haut de gamme.<\/p><p>Lors de la construction des installations embl\u00e9matiques du Roig Arena, la fibre de verre Refordur de Pavicret a \u00e9t\u00e9 utilis\u00e9e pour renforcer la r\u00e9sistance du sol du parking.<\/p><p>Avec ses 47 000 m\u00b2 d&rsquo;installations, le Roig Arena est l&rsquo;un des espaces polyvalents les plus grands et les plus importants d&rsquo;Espagne. Il accueillera des \u00e9v\u00e9nements sportifs, culturels, de divertissement et d&rsquo;entreprise, et deviendra l&rsquo;un des principaux lieux de loisirs et de commerce de la province.<\/p>\t\t\t\t\t\t\t\t<\/div>\n\t\t\t\t<\/div>\n\t\t\t\t<div class=\"elementor-element elementor-element-ff1b950 elementor-align-center elementor-widget elementor-widget-button\" data-id=\"ff1b950\" data-element_type=\"widget\" data-e-type=\"widget\" data-widget_type=\"button.default\">\n\t\t\t\t<div class=\"elementor-widget-container\">\n\t\t\t\t\t\t\t\t\t<div class=\"elementor-button-wrapper\">\n\t\t\t\t\t<a class=\"elementor-button elementor-button-link elementor-size-sm\" href=\"https:\/\/pavicret.com\/roig-arena-fibras-refordur\/\">\n\t\t\t\t\t\t<span class=\"elementor-button-content-wrapper\">\n\t\t\t\t\t\t\t\t\t<span class=\"elementor-button-text\">EN SAVOIR PLUS<\/span>\n\t\t\t\t\t<\/span>\n\t\t\t\t\t<\/a>\n\t\t\t\t<\/div>\n\t\t\t\t\t\t\t\t<\/div>\n\t\t\t\t<\/div>\n\t\t\t\t<\/div>\n\t\t<div class=\"elementor-element elementor-element-a616fec e-con-full e-flex e-con e-child\" data-id=\"a616fec\" data-element_type=\"container\" data-e-type=\"container\" data-settings=\"{&quot;background_background&quot;:&quot;classic&quot;}\">\n\t\t\t\t<div class=\"elementor-element elementor-element-0f9ea52 elementor-widget elementor-widget-image\" data-id=\"0f9ea52\" data-element_type=\"widget\" data-e-type=\"widget\" data-widget_type=\"image.default\">\n\t\t\t\t<div class=\"elementor-widget-container\">\n\t\t\t\t\t\t\t\t\t\t\t\t\t\t\t<img fetchpriority=\"high\" decoding=\"async\" width=\"800\" height=\"550\" src=\"https:\/\/pavicret.com\/wp-content\/uploads\/2025\/05\/image00003-1024x704.avif\" class=\"attachment-large size-large wp-image-6640\" alt=\"\" srcset=\"https:\/\/pavicret.com\/wp-content\/uploads\/2025\/05\/image00003-1024x704.avif 1024w, https:\/\/pavicret.com\/wp-content\/uploads\/2025\/05\/image00003-300x206.avif 300w, https:\/\/pavicret.com\/wp-content\/uploads\/2025\/05\/image00003-768x528.avif 768w, https:\/\/pavicret.com\/wp-content\/uploads\/2025\/05\/image00003-1536x1056.avif 1536w, https:\/\/pavicret.com\/wp-content\/uploads\/2025\/05\/image00003-2048x1408.avif 2048w, https:\/\/pavicret.com\/wp-content\/uploads\/2025\/05\/image00003-600x413.avif 600w, https:\/\/pavicret.com\/wp-content\/uploads\/2025\/05\/image00003-64x44.avif 64w\" sizes=\"(max-width: 800px) 100vw, 800px\" \/>\t\t\t\t\t\t\t\t\t\t\t\t\t\t\t<\/div>\n\t\t\t\t<\/div>\n\t\t\t\t<\/div>\n\t\t\t\t<\/div>\n\t\t\t\t\t<\/div>\n\t\t\t\t<\/div>\n\t\t<div class=\"elementor-element elementor-element-d345523 e-flex e-con-boxed e-con e-parent\" data-id=\"d345523\" data-element_type=\"container\" data-e-type=\"container\">\n\t\t\t\t\t<div class=\"e-con-inner\">\n\t\t<div data-dce-background-image-url=\"http:\/\/pavicret.com\/wp-content\/uploads\/2025\/04\/014.avif\" class=\"elementor-element elementor-element-fe50a94 e-con-full e-transform e-flex e-con e-child\" data-id=\"fe50a94\" data-element_type=\"container\" data-e-type=\"container\" data-settings=\"{&quot;background_background&quot;:&quot;classic&quot;,&quot;_transform_flipX_effect&quot;:&quot;transform&quot;}\">\n\t\t\t\t<\/div>\n\t\t<div class=\"elementor-element elementor-element-4d4ae0c e-con-full e-flex e-con e-child\" data-id=\"4d4ae0c\" data-element_type=\"container\" data-e-type=\"container\">\n\t\t\t\t<div class=\"elementor-element elementor-element-96d7ae8 elementor-widget elementor-widget-heading\" data-id=\"96d7ae8\" data-element_type=\"widget\" data-e-type=\"widget\" data-widget_type=\"heading.default\">\n\t\t\t\t<div class=\"elementor-widget-container\">\n\t\t\t\t\t<h2 class=\"elementor-heading-title elementor-size-default\">Projets internationaux<\/h2>\t\t\t\t<\/div>\n\t\t\t\t<\/div>\n\t\t\t\t<div class=\"elementor-element elementor-element-7e1ffec elementor-widget elementor-widget-text-editor\" data-id=\"7e1ffec\" data-element_type=\"widget\" data-e-type=\"widget\" data-widget_type=\"text-editor.default\">\n\t\t\t\t<div class=\"elementor-widget-container\">\n\t\t\t\t\t\t\t\t\t<p>Projets internationaux L&rsquo;un de nos projets internationaux phares a \u00e9t\u00e9 la pose de rev\u00eatements Pavicret dans un h\u00f4tel prestigieux de Porto Rico, o\u00f9 nous avons d\u00e9montr\u00e9 notre capacit\u00e9 \u00e0 offrir des solutions techniques, esth\u00e9tiques et durables dans un environnement exigeant.<\/p><p>Le projet exigeait une r\u00e9sistance au climat tropical, un rendement \u00e9lev\u00e9 et un design en harmonie avec l&rsquo;architecture du complexe. Gr\u00e2ce \u00e0 la polyvalence de nos produits, nous obtenons une surface antid\u00e9rapante, n\u00e9cessitant peu d&rsquo;entretien et tr\u00e8s esth\u00e9tique.<\/p><p>Le r\u00e9sultat est un espace \u00e9l\u00e9gant, r\u00e9sistant et conforme aux normes les plus strictes du secteur h\u00f4telier, consolidant ainsi notre pr\u00e9sence internationale et r\u00e9affirmant Pavicret comme synonyme d&rsquo;innovation, de qualit\u00e9 et de fiabilit\u00e9.<\/p>\t\t\t\t\t\t\t\t<\/div>\n\t\t\t\t<\/div>\n\t\t\t\t<\/div>\n\t\t\t\t\t<\/div>\n\t\t\t\t<\/div>\n\t\t<div class=\"elementor-element elementor-element-88677b7 e-flex e-con-boxed e-con e-parent\" data-id=\"88677b7\" data-element_type=\"container\" data-e-type=\"container\">\n\t\t\t\t\t<div class=\"e-con-inner\">\n\t\t\t\t<div class=\"elementor-element elementor-element-01a5c9b elementor-widget-divider--view-line_text elementor-widget-divider--element-align-center elementor-widget elementor-widget-divider\" data-id=\"01a5c9b\" data-element_type=\"widget\" data-e-type=\"widget\" data-widget_type=\"divider.default\">\n\t\t\t\t<div class=\"elementor-widget-container\">\n\t\t\t\t\t\t\t<div class=\"elementor-divider\">\n\t\t\t<span class=\"elementor-divider-separator\">\n\t\t\t\t\t\t\t<span class=\"elementor-divider__text elementor-divider__element\">\n\t\t\t\tDurabilit\u00e9\t\t\t\t<\/span>\n\t\t\t\t\t\t<\/span>\n\t\t<\/div>\n\t\t\t\t\t\t<\/div>\n\t\t\t\t<\/div>\n\t\t\t\t\t<\/div>\n\t\t\t\t<\/div>\n\t\t<div data-dce-background-color=\"#FFFFFF\" class=\"elementor-element elementor-element-c003a6a shapedividers_com-7018 e-flex e-con-boxed e-con e-parent\" data-id=\"c003a6a\" data-element_type=\"container\" data-e-type=\"container\" data-settings=\"{&quot;background_background&quot;:&quot;classic&quot;}\">\n\t\t\t\t\t<div class=\"e-con-inner\">\n\t\t<div data-dce-background-image-url=\"http:\/\/pavicret.com\/wp-content\/uploads\/2025\/06\/ecofrendly3.avif\" class=\"elementor-element elementor-element-b42a501 e-con-full e-flex e-con e-child\" data-id=\"b42a501\" data-element_type=\"container\" data-e-type=\"container\" data-settings=\"{&quot;background_background&quot;:&quot;classic&quot;}\">\n\t\t\t\t<\/div>\n\t\t<div class=\"elementor-element elementor-element-ce224b7 e-con-full e-flex e-con e-child\" data-id=\"ce224b7\" data-element_type=\"container\" data-e-type=\"container\">\n\t\t\t\t<div class=\"elementor-element elementor-element-494a06a e-transform elementor-widget elementor-widget-image\" data-id=\"494a06a\" data-element_type=\"widget\" data-e-type=\"widget\" data-settings=\"{&quot;_transform_flipX_effect&quot;:&quot;transform&quot;}\" data-widget_type=\"image.default\">\n\t\t\t\t<div class=\"elementor-widget-container\">\n\t\t\t\t\t\t\t\t\t\t\t\t\t\t\t<img decoding=\"async\" width=\"256\" height=\"256\" src=\"https:\/\/pavicret.com\/wp-content\/uploads\/2025\/06\/sostenibilidad.avif\" class=\"attachment-large size-large wp-image-6656\" alt=\"\" srcset=\"https:\/\/pavicret.com\/wp-content\/uploads\/2025\/06\/sostenibilidad.avif 256w, https:\/\/pavicret.com\/wp-content\/uploads\/2025\/06\/sostenibilidad-150x150.avif 150w, https:\/\/pavicret.com\/wp-content\/uploads\/2025\/06\/sostenibilidad-100x100.avif 100w, https:\/\/pavicret.com\/wp-content\/uploads\/2025\/06\/sostenibilidad-64x64.avif 64w\" sizes=\"(max-width: 256px) 100vw, 256px\" \/>\t\t\t\t\t\t\t\t\t\t\t\t\t\t\t<\/div>\n\t\t\t\t<\/div>\n\t\t\t\t<div class=\"elementor-element elementor-element-96cc4e0 elementor-widget elementor-widget-text-editor\" data-id=\"96cc4e0\" data-element_type=\"widget\" data-e-type=\"widget\" data-widget_type=\"text-editor.default\">\n\t\t\t\t<div class=\"elementor-widget-container\">\n\t\t\t\t\t\t\t\t\t<p data-start=\"158\" data-end=\"487\">Thanks to the versatility of our products, we achieve a non-slip surface that requires little maintenance and is highly aesthetic. We promote responsible practices in all our manufacturing processes, from the selection of raw materials to final delivery, ensuring that we minimize environmental impact at every stage.<\/p><p data-start=\"489\" data-end=\"906\">All our packaging is <strong data-start=\"516\" data-end=\"536\">100% recyclable<\/strong>, reflecting our firm commitment to the circular economy and waste reduction. In addition, we strictly comply with <strong data-start=\"667\" data-end=\"713\">Royal Decree 1055\/2022, of December 27<\/strong>, regarding packaging and packaging waste, ensuring that our materials management complies with current regulations to protect the environment and promote sustainable development.<\/p><p data-start=\"908\" data-end=\"1118\">Notre engagement est garanti par notre num\u00e9ro d&rsquo;enregistrement en tant que fabricant de produits : <strong data-start=\"998\" data-end=\"1020\">ENV\/2025\/000060081<\/strong>, qui certifie notre responsabilit\u00e9 et notre transparence dans la cha\u00eene de production et de distribution.<\/p><p data-start=\"1120\" data-end=\"1326\">Parce que nous pensons que l&rsquo;avenir du secteur ne d\u00e9pend pas seulement de la qualit\u00e9 de ce que nous construisons, mais aussi de <strong data-start=\"1229\" data-end=\"1253\">la mani\u00e8re dont nous construisons aujourd&rsquo;hui,<\/strong> en prenant soin de la plan\u00e8te et en laissant une empreinte \u00e9cologique de plus en plus l\u00e9g\u00e8re.<\/p>\t\t\t\t\t\t\t\t<\/div>\n\t\t\t\t<\/div>\n\t\t\t\t<\/div>\n\t\t\t\t\t<\/div>\n\t\t\t\t<\/div>\n\t\t\t\t<\/div>\n\t\t","protected":false},"excerpt":{"rendered":"<p>Chez Pavicret, nous fabriquons plus que des produits pour les rev\u00eatements de sol et muraux d\u00e9coratifs en b\u00e9ton : nous fabriquons de la confiance, de la durabilit\u00e9 et des solutions con\u00e7ues pour durer. Bas\u00e9s \u00e0 Valence et pr\u00e9sents \u00e0 l&rsquo;international, nous nous sommes impos\u00e9s comme une r\u00e9f\u00e9rence en mati\u00e8re d&rsquo;innovation, de durabilit\u00e9 et d&rsquo;engagement dans [&hellip;]<\/p>\n","protected":false},"author":1,"featured_media":0,"parent":0,"menu_order":0,"comment_status":"closed","ping_status":"closed","template":"","meta":{"_acf_changed":false,"content-type":"","footnotes":""},"class_list":["post-6747","page","type-page","status-publish","hentry"],"acf":[],"_links":{"self":[{"href":"https:\/\/pavicret.com\/fr\/wp-json\/wp\/v2\/pages\/6747","targetHints":{"allow":["GET"]}}],"collection":[{"href":"https:\/\/pavicret.com\/fr\/wp-json\/wp\/v2\/pages"}],"about":[{"href":"https:\/\/pavicret.com\/fr\/wp-json\/wp\/v2\/types\/page"}],"author":[{"embeddable":true,"href":"https:\/\/pavicret.com\/fr\/wp-json\/wp\/v2\/users\/1"}],"replies":[{"embeddable":true,"href":"https:\/\/pavicret.com\/fr\/wp-json\/wp\/v2\/comments?post=6747"}],"version-history":[{"count":3,"href":"https:\/\/pavicret.com\/fr\/wp-json\/wp\/v2\/pages\/6747\/revisions"}],"predecessor-version":[{"id":6754,"href":"https:\/\/pavicret.com\/fr\/wp-json\/wp\/v2\/pages\/6747\/revisions\/6754"}],"wp:attachment":[{"href":"https:\/\/pavicret.com\/fr\/wp-json\/wp\/v2\/media?parent=6747"}],"curies":[{"name":"wp","href":"https:\/\/api.w.org\/{rel}","templated":true}]}}