{"id":738,"date":"2025-04-11T10:26:10","date_gmt":"2025-04-11T09:26:10","guid":{"rendered":"https:\/\/pavicret.com\/?post_type=product&#038;p=738"},"modified":"2025-06-02T12:13:34","modified_gmt":"2025-06-02T11:13:34","slug":"impercret-dry","status":"publish","type":"product","link":"https:\/\/pavicret.com\/en\/producto\/impercret-dry\/","title":{"rendered":"ImperCret Dry"},"content":{"rendered":"<p>Mortero fino modicado para impermeabilizar hormig\u00f3n y ladrillo<\/p>\n<h4 class=\"p2\" style=\"text-align: justify;\"><b>descripci\u00f3n<\/b><\/h4>\n<p>ImperCret-Dry es un mortero compuesto de cemento, \u00e1ridos seleccionados y aditivos especiales.<\/p>\n<p>Cuando se mezcla con agua forma una capa fina y de r\u00e1pida aplicaci\u00f3n capaz de impermeabilizar hormig\u00f3n y mamposter\u00eda.<\/p>\n<h4 class=\"p2\" style=\"text-align: justify;\">ventajas<\/h4>\n<ul style=\"text-align: justify;\">\n<li>Duradero.<\/li>\n<li>Impermeabilizante.<\/li>\n<li>Soporta presiones hidroest\u00e1ticas positivas o negativas.<\/li>\n<li>Resistente a heladas y deshielos.<\/li>\n<li>Permeable al vapor de agua.<\/li>\n<li>Excelente adherencia sin necesidad de puentes de uni\u00f3n.<\/li>\n<li>Econ\u00f3mico.<\/li>\n<li>Aplicaci\u00f3n r\u00e1pida y simple<\/li>\n<li>Gran durabilidad. Sin manenimiento.<\/li>\n<li>Puede aplicarse con brocha o pulverizado con pistola.<\/li>\n<li>Listo para usar, basta con a\u00f1adir agua.<\/li>\n<li>Debe aplicarse en superficies h\u00famedas.<\/li>\n<li>No agresivo con el medioambiente.<\/li>\n<li>Producto en base cementosa.<\/li>\n<li>Sin disolventes.<\/li>\n<li>No altera la potabilidad.<\/li>\n<li>Resistente a la intemperie.<\/li>\n<\/ul>\n<h4 style=\"text-align: justify;\">presentaci\u00f3n y conservaci\u00f3n<\/h4>\n<div>\n<p>ImperCret-Dry se envasa en sacos de papel multihoja con l\u00e1mina antihumedad de 25 kg.<\/p>\n<p>Conservaci\u00f3n: 12 meses en envase original cerrado, a resguardo de la humedad y en lugares cubiertos.<\/p>\n<\/div>\n<h4 style=\"text-align: justify;\">datos t\u00e9cnicos<\/h4>\n<table style=\"height: 610px; width: 100%; border-collapse: collapse;\" border=\"1\" cellpadding=\"5px\">\n<tbody>\n<tr style=\"height: 24px;\">\n<td style=\"width: 100.06090133982948%; height: 24px;\" colspan=\"2\">\n<div style=\"text-align: center;\"><strong>Datos de identificaci\u00f3n y aplicaci\u00f3n del producto<\/strong><\/div>\n<\/td>\n<\/tr>\n<tr style=\"height: 24px;\">\n<td style=\"width: 50%; background-color: #bad4db; height: 24px;\">\n<div>Apariencia<\/div>\n<\/td>\n<td style=\"width: 50.06090133982948%;\" width=\"350\">Polvo<\/td>\n<\/tr>\n<tr style=\"height: 24px;\">\n<td style=\"width: 50%; background-color: #bad4db; height: 24px;\">\n<div>Color<\/div>\n<\/td>\n<td style=\"width: 50.06090133982948%;\" width=\"350\">\n<div>Gris &#8211; Blanco<\/div>\n<\/td>\n<\/tr>\n<tr style=\"height: 29px;\">\n<td style=\"width: 50%; background-color: #bad4db; height: 29px;\">\n<div>Intervalo granulom\u00e9trico<\/div>\n<\/td>\n<td style=\"width: 50.06090133982948%;\" width=\"350\">\n<div>0-800 \u00b5m<\/div>\n<\/td>\n<\/tr>\n<tr style=\"height: 24px;\">\n<td style=\"width: 50%; background-color: #bad4db; height: 24px;\">\n<div>Densidad de la mezcla<\/div>\n<\/td>\n<td style=\"width: 50.06090133982948%;\" width=\"350\">\n<div>\u2248 1860 Kg\/m<sup>3<\/sup><\/div>\n<\/td>\n<\/tr>\n<tr style=\"height: 24px;\">\n<td style=\"width: 50%; background-color: #bad4db; height: 24px;\">\n<div>% Agua de amasado<\/div>\n<\/td>\n<td style=\"width: 50.06090133982948%;\" width=\"350\">\n<div>\u00b1 21%<\/div>\n<\/td>\n<\/tr>\n<tr style=\"height: 29px;\">\n<td style=\"width: 50%; background-color: #bad4db; height: 29px;\">\n<div>Espesor\u00a0total aplicable<\/div>\n<\/td>\n<td style=\"width: 50.06090133982948%;\" width=\"350\">\n<div>2-5\u00a0mm.<\/div>\n<\/td>\n<\/tr>\n<tr style=\"height: 24px;\">\n<td style=\"width: 50%; background-color: #bad4db; height: 24px;\">\n<div>Rendimiento<\/div>\n<\/td>\n<td style=\"width: 50.06090133982948%;\" width=\"350\"><\/td>\n<\/tr>\n<tr style=\"height: 24px;\">\n<td style=\"width: 50%; background-color: #bad4db; height: 24px;\">\n<div>\u00a0\u00a0\u00a0\u00a0 Espesor de 2 mm (agua sin presi\u00f3n)<\/div>\n<\/td>\n<td style=\"width: 50.06090133982948%;\" width=\"350\">\n<div>\u2248 3\u00a0Kg\/m<sup>2<\/sup><\/div>\n<\/td>\n<\/tr>\n<tr style=\"height: 34px;\">\n<td style=\"width: 50%; background-color: #bad4db; height: 34px;\">\n<div>\u00a0\u00a0\u00a0\u00a0 Espesor de 4\u00a0mm (agua con presi\u00f3n)<\/div>\n<\/td>\n<td style=\"width: 50.06090133982948%;\" width=\"350\">\n<div>\u2248 6\u00a0Kg\/m<sup>2<\/sup><\/div>\n<\/td>\n<\/tr>\n<tr style=\"height: 24px;\">\n<td style=\"width: 50%; background-color: #bad4db; height: 24px;\">\n<div>Partida arancelaria<\/div>\n<\/td>\n<td style=\"width: 50.06090133982948%;\" width=\"350\">\n<div>3824.50.90.00<\/div>\n<\/td>\n<\/tr>\n<tr style=\"height: 24px;\">\n<td style=\"width: 100.06090133982948%; height: 24px;\" colspan=\"2\">\n<div style=\"text-align: center;\"><strong>Prestaciones Finales<\/strong><\/div>\n<\/td>\n<\/tr>\n<tr style=\"height: 29px;\">\n<td style=\"height: 38px; background-color: #bad4db; vertical-align: middle; width: 50%;\">Clasificaci\u00f3n<\/td>\n<td style=\"width: 50.06090133982948%; height: 38px;\">\n<div>Protecci\u00f3n superficial del hormig\u00f3n UNE-EN 1504-2<\/div>\n<\/td>\n<\/tr>\n<tr style=\"height: 24px;\">\n<td style=\"width: 50%; background-color: #bad4db; height: 24px;\">\n<div>Adhesi\u00f3n por tracci\u00f3n directa<\/div>\n<\/td>\n<td style=\"width: 50.06090133982948%; height: 24px;\">\n<div>\u2265 1,0 MPa<\/div>\n<\/td>\n<\/tr>\n<tr style=\"height: 24px;\">\n<td style=\"width: 50%; background-color: #bad4db; height: 24px;\">\n<div>Resistencia a compresi\u00f3n<\/div>\n<\/td>\n<td style=\"width: 50.06090133982948%; height: 24px;\">\n<div>\u2265 30,0 MPa<\/div>\n<\/td>\n<\/tr>\n<tr>\n<td style=\"width: 50%; background-color: #bad4db;\">\n<div>\n<div>Absorci\u00f3n capilar\u00a0y permeabilidad al agua<\/div>\n<\/div>\n<\/td>\n<td style=\"width: 50.06090133982948%;\">\n<div>\n<div>W &lt; 0,1 Kg\/m<sup>2<\/sup>h<sup>1\/2<\/sup><\/div>\n<\/div>\n<\/td>\n<\/tr>\n<tr>\n<td style=\"width: 50%; background-color: #bad4db;\">\n<div>\n<div>Permeabilidad al vapor de agua<\/div>\n<\/div>\n<\/td>\n<td style=\"width: 50.06090133982948%;\">\n<div>\n<div>Clase I: SD &lt; 5 m.<\/div>\n<\/div>\n<\/td>\n<\/tr>\n<tr>\n<td style=\"width: 50%; background-color: #bad4db;\">\n<div>\n<div>Reacci\u00f3n frente al fuego<\/div>\n<\/div>\n<\/td>\n<td style=\"width: 50.06090133982948%;\">\n<div>\n<div>Clase A1<\/div>\n<\/div>\n<\/td>\n<\/tr>\n<\/tbody>\n<\/table>\n<h4 style=\"text-align: justify;\">aplicaci\u00f3n<\/h4>\n<div style=\"text-align: justify;\">\n<div>\n<p>Amasar ImperCret-Dry con aprox. 4,75- 5,75 l. de agua limpia por saco a\u00f1adida lentamente. Amasar\u00a0manual o mec\u00e1nicamente hasta conseguir una mezcla adecuada y una consistencia pl\u00e1stica. Dejar reposar 5 minutos antes de su aplicaci\u00f3n.<\/p>\n<\/div>\n<div>\n<p>La aplicaci\u00f3n ha de comprender un m\u00ednimo de 2 capas y se puede realizar mediante proyecci\u00f3n o manualmente (llana). Se ha de dar la primera mano con una consistencia algo menor para saturar el soporte. La segunda mano se ha de dar cuando la primera todav\u00eda est\u00e9 aun fresca. Si el espesor final tiene que\u00a0alcanzar los 5 mm., se aplicar\u00e1n 3 manos.<\/p>\n<\/div>\n<\/div>\n<h4 style=\"text-align: justify;\">usos<\/h4>\n<div>\n<p style=\"text-align: justify;\">Protecci\u00f3n superficial del hormig\u00f3n\u00a0conforme a los principios de control de humedad (MC) mediante revestimiento superficial\u00a0y aumento de la resistividad (RI) mediante limitaci\u00f3n del contenido de humedad. Impermeabilizaciones r\u00edgidas sobre cimentaciones, losas,\u00a0muros, dep\u00f3sitos, piscinas, s\u00f3tanos, jardineras, fosos de ascensores, ba\u00f1os, duchas, etc\u2026 Protecci\u00f3n de edificios contra humedades.<\/p>\n<\/div>\n<h4 style=\"text-align: justify;\">soportes<\/h4>\n<p>Los soportes \u00fatiles para la aplicaci\u00f3n de ImperCret-Dry son, entre otros:<\/p>\n<ul>\n<li>Hormig\u00f3n<\/li>\n<li>Soportes convencionales a base de cemento.<\/li>\n<li>Enfoscados de mortero.<\/li>\n<li><span style=\"text-align: justify;\">Morteros de reparaci\u00f3n PaviCret<\/span><\/li>\n<\/ul>\n<h4 style=\"text-align: justify;\">preparaci\u00f3n del soporte<\/h4>\n<div>\n<div>\n<p style=\"text-align: justify;\">El hormig\u00f3n debe estar libre de polvo, aceites, desencofrantes, restos de pintura, material suelto o mal adherido y contaminantes superficiales\u00a0que puedan reducir la adherencia o prevenir la succi\u00f3n o mojado de los materiales de reparaci\u00f3n. Se debe eliminar el hormig\u00f3n d\u00e9bil, da\u00f1ado o deteriorado y, donde sea necesario, el hormig\u00f3n sano, por medios manuales o mec\u00e1nicos adecuados que no provoquen vibraci\u00f3n ni impactos. Los soportes absorbentes se han de humedecer hasta saturaci\u00f3n, evitando el encharcamiento y aplicando el producto cuando la superficie presente un aspecto mate. \u00a0Soportes lisos, poco absorbentes o muy deteriorados\u00a0deber\u00e1n ser tratados mediante chorro de arena\u00a0o m\u00e9todo similar hasta obtener una superficie con garant\u00edas m\u00ednimas de rugosidad y resistencia a tracci\u00f3n.<\/p>\n<\/div>\n<div>\n<p style=\"text-align: justify;\">Se deben contemplar los requerimientos espec\u00edficos de la EN 1504-10.<\/p>\n<\/div>\n<\/div>\n<h4 style=\"text-align: justify;\">indicaciones importantes<\/h4>\n<ul style=\"text-align: justify;\">\n<li>No aplicar por debajo de 5\u00baC ni por encima de 30\u00baC.<\/li>\n<li>No aplicar con riesgo de heladas, lluvias, fuertes vientos o sol directo.<\/li>\n<li>No a\u00f1adir agua por encima de la dosificaci\u00f3n recomendada.<\/li>\n<li>Los soportes que puedan sufrir peque\u00f1os movimientos o que tengan peque\u00f1as fisuras se deber\u00e1n impermeabilizar con ImperCret-Flex.<\/li>\n<li>Las entregas horizontales muro-solera o muro \u2013techo y las verticales muro-muro deber\u00e1n tratarse con mortero con objeto de suavizar el \u00e1ngulo de aplicaci\u00f3n de ImperCret-Dry.<\/li>\n<li>Aplicar preferentemente por la cara positiva, es decir, por aquella que recibe la presi\u00f3n del agua.<\/li>\n<li>Aplicado por la cara negativa existe el riesgo de desprendimiento si la presi\u00f3n del agua es superior a la adherencia del material.<\/li>\n<li>Proteger el mortero reci\u00e9n aplicado de una deshidrataci\u00f3n temprana, utilizando m\u00e9todos de curado adecuados. La operaci\u00f3n de curado en ambiente h\u00famedo es imprescindible durante al menos las 24 horas siguientes a la aplicaci\u00f3n.<\/li>\n<li>No aplicar sobre yeso, metal o madera.<\/li>\n<li>No amasar m\u00e1s producto del que puede aplicarse dentro de su per\u00edodo de trabajabilidad.<\/li>\n<li>Cargable mec\u00e1nicamente tras aprox. 3-7 d\u00edas.<\/li>\n<li>Cargable con presi\u00f3n de agua tras aprox. 7-14 d\u00edas.<\/li>\n<li>No an\u0303adir cemento, arena, colorantes ni ninguna otra sustancia que pueda afectar a las propiedades del material.<\/li>\n<\/ul>\n<p><span style=\"color: #3c3950; font-family: Montserrat; font-size: 22px; font-weight: bold; letter-spacing: 0.05em; text-transform: uppercase;\">limpieza de herramientas<\/span><\/p>\n<div>\n<p style=\"text-align: justify;\">Los \u00fatiles y herramientas se limpian f\u00e1cilmente con agua antes de que la pasta haya endurecido. El producto curado o endurecido s\u00f3lo puede ser eliminado por medios mec\u00e1nicos.<\/p>\n<\/div>\n<h4>memoria descriptiva<\/h4>\n<div>\n<p style=\"text-align: justify;\">La protecci\u00f3n superficial del hormig\u00f3n e impermeabilizaci\u00f3n se realizar\u00e1 con el mortero pol\u00edmero modificado bicomponente flexible ImperCret-Flex, de la compa\u00f1\u00eda PaviCret, seg\u00fan la norma EN 14891 y EN\u00a0 1504-2 y de acuerdo al Principio 2, m\u00e9todo 2.2 y Principio 8, m\u00e9todo 8.2 de la UNE-EN 1504-9. El rendimiento ser\u00e1 de \u22481,5Kg\/m<sup>2<\/sup>por mm. de espesor.<\/p>\n<\/div>\n<h4>consumo<\/h4>\n<div>\n<p>El consumo aproximado de ImperCret-Dry es de 3 a 5 kg\/m<sup>2<\/sup>.<\/p>\n<\/div>\n<h4>instrucciones de seguridad e higiene<\/h4>\n<div style=\"text-align: justify;\">\n<p>Para cualquier informaci\u00f3n referida a cuestiones de seguridad en el uso, manejo, almacenamiento y eliminaci\u00f3n de residuos de productos qu\u00edmicos, los usuarios deben consultar la versi\u00f3n m\u00e1s reciente de la Hoja de Seguridad del producto. La eliminaci\u00f3n del producto y su envase debe realizarse de acuerdo a la legislaci\u00f3n vigente y es responsabilidad del consumidor final del producto.<\/p>\n<\/div>\n<h4>certificaciones<\/h4>\n<p><a href=\"https:\/\/pavicret.com\/certificado-iso-9001\/\"><img decoding=\"async\" class=\"aligncenter\" src=\"http:\/\/pavicret.com\/wp-content\/uploads\/2021\/10\/LOGO_AENOR-e1635439700351.jpg\" alt=\"ISO 9001\" width=\"84\" height=\"176\" \/><\/p>\n<p><\/a><\/p>\n<p style=\"text-align: justify;\">Nuestro asesoramiento t\u00e9cnico para su utilizaci\u00f3n, ya sea verbal, escrito o en las pruebas, se da de buena fe y refleja el nivel actual de conocimientos y experiencias con nuestros productos.\u00a0Al utilizar nuestros productos, es necesaria en cada caso, una relaci\u00f3n detallada de objetos relacionados con la inspecci\u00f3n y calificada a fin de determinar si el producto y \/ o la aplicaci\u00f3n de la tecnolog\u00eda en cuesti\u00f3n cumple los requisitos espec\u00edficos y prop\u00f3sitos.\u00a0Somos responsables de nuestros productos s\u00f3lo si se lleva a cabo una correcta aplicaci\u00f3n de los mismos, por lo tanto, la responsabilidad recae totalmente dentro de su \u00e1mbito de aplicaci\u00f3n.\u00a0Nosotros, por supuesto, ofrecemos productos de calidad constante en el \u00e1mbito de nuestras Condiciones Generales de Venta y Entrega.\u00a0Los usuarios son responsables de cumplir con la legislaci\u00f3n local para la obtenci\u00f3n de cualquier autorizaci\u00f3n necesaria.\u00a0Los valores de esta ficha t\u00e9cnica se ofrecen como ejemplos y no pueden ser considerados como especificaciones.\u00a0Para m\u00e1s las especificaciones del producto recomendamos ponerse en contacto con nuestro departamento de I + D.\u00a0La nueva edici\u00f3n de la ficha t\u00e9cnica sustituye a la anterior informaci\u00f3n t\u00e9cnica y la hace inv\u00e1lida.\u00a0Por lo tanto, es necesario que usted siempre tenga a mano el c\u00f3digo actual de la buena pr\u00e1ctica.<\/p>\n<p>&nbsp;<\/p>\n","protected":false},"excerpt":{"rendered":"<p>Mortero fino modicado para impermeabilizar hormig\u00f3n y ladrillo<\/p>\n<p><strong><a href=\"http:\/\/pavicret.com\/wp-content\/uploads\/2021\/11\/Ficha-ImperCret-Dry.pdf\" target=\"_blank\" rel=\"noopener noreferrer\">DESCARGAR FICHA T\u00c9CNICA<\/a><\/strong><\/p>\n<p><strong><a href=\"https:\/\/pavicret.com\/contacto\/\">SOLICITAR FICHA DE SEGURIDAD<\/a><\/strong><\/p>\n<p>&nbsp;<\/p>\n","protected":false},"featured_media":0,"template":"","meta":{"_acf_changed":false,"content-type":""},"product_brand":[25],"product_cat":[15],"product_tag":[],"class_list":{"0":"post-738","1":"product","2":"type-product","3":"status-publish","5":"product_brand-pavicret","6":"product_cat-sin-categorizar","8":"first","9":"instock","10":"taxable","11":"shipping-taxable","12":"purchasable","13":"product-type-simple"},"acf":[],"_links":{"self":[{"href":"https:\/\/pavicret.com\/en\/wp-json\/wp\/v2\/product\/738","targetHints":{"allow":["GET"]}}],"collection":[{"href":"https:\/\/pavicret.com\/en\/wp-json\/wp\/v2\/product"}],"about":[{"href":"https:\/\/pavicret.com\/en\/wp-json\/wp\/v2\/types\/product"}],"wp:attachment":[{"href":"https:\/\/pavicret.com\/en\/wp-json\/wp\/v2\/media?parent=738"}],"wp:term":[{"taxonomy":"product_brand","embeddable":true,"href":"https:\/\/pavicret.com\/en\/wp-json\/wp\/v2\/product_brand?post=738"},{"taxonomy":"product_cat","embeddable":true,"href":"https:\/\/pavicret.com\/en\/wp-json\/wp\/v2\/product_cat?post=738"},{"taxonomy":"product_tag","embeddable":true,"href":"https:\/\/pavicret.com\/en\/wp-json\/wp\/v2\/product_tag?post=738"}],"curies":[{"name":"wp","href":"https:\/\/api.w.org\/{rel}","templated":true}]}}