{"id":723,"date":"2025-04-11T10:26:10","date_gmt":"2025-04-11T09:26:10","guid":{"rendered":"https:\/\/pavicret.com\/?post_type=product&#038;p=723"},"modified":"2026-04-29T09:54:37","modified_gmt":"2026-04-29T08:54:37","slug":"malla-electrosoladada","status":"publish","type":"product","link":"https:\/\/pavicret.com\/en\/producto\/malla-electrosoladada\/","title":{"rendered":"Malla electrosoladada"},"content":{"rendered":"<p><strong><a href=\"http:\/\/pavicret.com\/wp-content\/uploads\/2017\/11\/Mallazo-20-x30-44-2018-01.pdf\" target=\"_blank\" rel=\"noopener noreferrer\">DESCARGAR FICHA T\u00c9CNICA<\/a><\/strong><\/p>\n<p><strong>MALLA ELECTROSOLDADA<\/strong><\/p>\n<p>El mallazo es una malla electrosoldada para el reparto y el control de la fisuraci\u00f3n superficial seg\u00fan la instrucci\u00f3n EHE-08, elaborada a partir de alambres grafilados de Calidad B500T.<\/p>\n<p>CERTIFICADOS DE CONFORMIDAD<\/p>\n<p>El producto es conforme con la Instrucci\u00f3n EHE-08.<\/p>\n<p>&nbsp;<\/p>\n<p><strong>PRESENTACI\u00d3N:<\/strong><\/p>\n<p>\u2022 Malla 20&#215;30 4\/4 (6m)<\/p>\n<p>\u2022 Malla 20&#215;30 4\/4 (3m)<\/p>\n<p>\u2022 Malla 20&#215;30 4\/4 (3,6m)<\/p>\n<p>&nbsp;<\/p>\n<p><strong>COMPOSICI\u00d3N:<\/strong><\/p>\n<p>Alambres grafilados de Calidad B500T, fabricados seg\u00fan la norma UNE EN 36092:2014.<\/p>\n<p>&nbsp;<\/p>\n<p><strong>APLICACI\u00d3N:<\/strong><\/p>\n<p>Embutir dentro del hormig\u00f3n.<\/p>\n<p>&nbsp;<\/p>\n<p><strong>RECOMENDACIONES:<\/strong><\/p>\n<p>De acuerdo con la instrucci\u00f3n del hormig\u00f3n structural EHE-08 \u201cEl di\u00e1metro m\u00ednimo de la armadura de reparto ser\u00e1 de 5 mm si \u00e9sta se tiene en cuenta a efecto de comprobaci\u00f3n de los Estados L\u00edmite \u00daltimos\u201d.<\/p>\n<p>&nbsp;<\/p>\n<p><strong>ALMACENAMIENTO:<\/strong><\/p>\n<p>No tienen una caducidad establecida pero se recomienda su utilizaci\u00f3n antes de aproximadamente 12 meses. Almacenar a cubierto al resguardo de la lluvia y la intemperie.<\/p>\n<p><strong> PROPIEDADES T\u00c9CNICAS:<\/strong><\/p>\n<p>Di\u00e1metro nominal: 4 mm.<\/p>\n<p>Medidas nominales malla: 6 m x 2,2 m, 3 m x 2,2 m y 3,6 m x 2,2 m.<\/p>\n<p>Medidas nominales rejillas: 200 mm x 300 mm.<\/p>\n<p>&nbsp;<\/p>\n<p><strong><a href=\"https:\/\/pavicret.com\/contacto\/\">SOLICITAR FICHA DE SEGURIDAD<\/a><\/strong><\/p>\n<p>&nbsp;<\/p>\n","protected":false},"excerpt":{"rendered":"<p>Mallazo 20&#215;30 4\/4<\/p>\n<p>Es una malla electrosoldada para el reparto y el control de la fisuraci\u00f3n superficial seg\u00fan la instrucci\u00f3n EHE-08, elaborada a partir de alambres grafilados de Calidad B500T.<\/p>\n","protected":false},"featured_media":25117,"template":"","meta":{"_acf_changed":false},"product_brand":[25],"product_cat":[15],"product_tag":[],"class_list":{"0":"post-723","1":"product","2":"type-product","3":"status-publish","4":"has-post-thumbnail","6":"product_brand-pavicret","7":"product_cat-sin-categorizar","9":"first","10":"instock","11":"taxable","12":"shipping-taxable","13":"purchasable","14":"product-type-simple"},"acf":[],"_links":{"self":[{"href":"https:\/\/pavicret.com\/en\/wp-json\/wp\/v2\/product\/723","targetHints":{"allow":["GET"]}}],"collection":[{"href":"https:\/\/pavicret.com\/en\/wp-json\/wp\/v2\/product"}],"about":[{"href":"https:\/\/pavicret.com\/en\/wp-json\/wp\/v2\/types\/product"}],"wp:featuredmedia":[{"embeddable":true,"href":"https:\/\/pavicret.com\/en\/wp-json\/wp\/v2\/media\/25117"}],"wp:attachment":[{"href":"https:\/\/pavicret.com\/en\/wp-json\/wp\/v2\/media?parent=723"}],"wp:term":[{"taxonomy":"product_brand","embeddable":true,"href":"https:\/\/pavicret.com\/en\/wp-json\/wp\/v2\/product_brand?post=723"},{"taxonomy":"product_cat","embeddable":true,"href":"https:\/\/pavicret.com\/en\/wp-json\/wp\/v2\/product_cat?post=723"},{"taxonomy":"product_tag","embeddable":true,"href":"https:\/\/pavicret.com\/en\/wp-json\/wp\/v2\/product_tag?post=723"}],"curies":[{"name":"wp","href":"https:\/\/api.w.org\/{rel}","templated":true}]}}