{"id":717,"date":"2025-04-11T10:26:10","date_gmt":"2025-04-11T09:26:10","guid":{"rendered":"https:\/\/pavicret.com\/?post_type=product&#038;p=717"},"modified":"2025-04-11T11:28:10","modified_gmt":"2025-04-11T10:28:10","slug":"pavicret-impreso-tematico","status":"publish","type":"product","link":"https:\/\/pavicret.com\/en\/producto\/pavicret-impreso-tematico\/","title":{"rendered":"PaviCret Impreso Tem\u00e1tico"},"content":{"rendered":"<p><strong><a href=\"http:\/\/pavicret.com\/wp-content\/uploads\/2017\/11\/PaviCret-Tem\u00e1tico-FT.-2016-01.pdf\" target=\"_blank\" rel=\"noopener noreferrer\">DESCARGAR FICHA T\u00c9CNICA<\/a><\/strong><\/p>\n<p><strong>MORTERO FINO PARA IMITACI\u00d3N\u00a0DE PIEDRA Y ROCA.<\/strong><\/p>\n<p><strong>Mortero a base de cemento Portland.<\/strong><\/p>\n<p>PaviCret Tem\u00e1tico es un mortero especialmente indicado para\u00a0imitaci\u00f3n de piedra, formulado a base de cemento portland, seg\u00fan\u00a0la norma EN 197-1, \u00e1ridos seleccionados y resinas.<\/p>\n<p>&nbsp;<\/p>\n<p><strong>PROPIEDADES GENERALES DE USO:<\/strong><\/p>\n<p>Duradero<\/p>\n<p>\u2022 Impermeabilizante<\/p>\n<p>\u2022 Resistente a heladas y deshielos.<\/p>\n<p>\u2022 Permeable al vapor de agua.<\/p>\n<p>\u2022 Excelente adherencia.<\/p>\n<p>Econ\u00f3mico<\/p>\n<p>\u2022 Aplicaci\u00f3n r\u00e1pida.<\/p>\n<p>Aplicaci\u00f3n simple<\/p>\n<p>\u2022 Puede aplicarse con llana o esp\u00e1tula.<\/p>\n<p>\u2022 Listo para usar: basta con a\u00f1adir agua.<\/p>\n<p>\u2022 Debe aplicarse en superficies h\u00famedas.<\/p>\n<p>No agresivo con el medioambiente<\/p>\n<p>\u2022 Producto en base cementosa.<\/p>\n<p>\u2022 Sin disolventes.<\/p>\n<p>&nbsp;<\/p>\n<p><strong>PRESENTACI\u00d3N:<\/strong><\/p>\n<p>PaviCret Tem\u00e1tico se suministra en sacos de 25 Kg y con palets\u00a0de 1.200 Kg.<\/p>\n<p>&nbsp;<\/p>\n<p><strong>APLICACIONES:<\/strong><\/p>\n<p>PaviCret Tem\u00e1tico es un mortero desarrollado para la imitaci\u00f3n\u00a0de piedras y rocas naturales, tanto para interiores como para\u00a0exteriores, caracteriz\u00e1ndose de su resistencia y durabilidad.<\/p>\n<p>&nbsp;<\/p>\n<p><strong>ALMACENAMIENTO:<\/strong><\/p>\n<p>El tiempo de almacenaje de PaviCret Tem\u00e1tico es de aproximadamente\u00a012 meses, en su envase original, cerrado y al abrigo de la\u00a0intemperie y de la humedad.<\/p>\n<p>&nbsp;<\/p>\n<p><strong>PROPIEDADES T\u00c9CNICAS:<\/strong><\/p>\n<p>PaviCret Tem\u00e1tico es un mortero para revoco coloreado (CR), seg\u00fan norma CE EN 998-1:<\/p>\n<p>\u2022 Reacci\u00f3n al fuego: Clase A1FL<\/p>\n<p>\u2022 Absorci\u00f3n de agua: 0,1 kg\/m\u00b2min 0.5 (clase W2)<\/p>\n<p>\u2022 Permeabilidad al vapor de agua: (\u03bc) \u2264 2.5<\/p>\n<p>\u2022 Adhesi\u00f3n: \u2265 0.5 N\/mm\u00b2. Forma Rotura: A<\/p>\n<p>\u2022 Resistencia a compresi\u00f3n: 7.9 N\/mm\u00b2 (clase CS IV)<\/p>\n<p>\u2022 Resistencia a flexi\u00f3n: 4.8 N\/mm\u00b2<\/p>\n<p>\u2022 Densidad aparente en masa: 1,8 kg\/cm\u00b3<\/p>\n<p>\u2022 Proporci\u00f3n agua amasado por 25 kg: 4,50 ltr.<\/p>\n<p>\u2022 Tiempo de aplicaci\u00f3n: 30\/60 minutos<\/p>\n<p>\u2022 Tiempo de repintado: 24 horas<\/p>\n<p>\u2022 Temperatura m\u00ednima de aplicaci\u00f3n: 5\u00baC<\/p>\n<p>\u2022 Temperatura m\u00e1xima de aplicaci\u00f3n: 30\u00baC.<\/p>\n<p>&nbsp;<\/p>\n<p><strong>CONSUMO:<\/strong><\/p>\n<p>El consumo de PaviCret Tem\u00e1tico es de 14 Kg\/m\u00b2<\/p>\n<p>&nbsp;<\/p>\n<p><strong>APLICACI\u00d3N:<\/strong><\/p>\n<p>PREPARACI\u00d3N DE LA SUPERFICIE:<\/p>\n<p>Las superficies a tratar deben estar limpias y ser estructuralmente\u00a0s\u00f3lidas.<\/p>\n<p>Debe eliminarse cualquier material extra\u00f1o como alquitr\u00e1n, defectos\u00a0superficiales, lechadas de cemento, aceites y otros contaminantes\u00a0que puedan afectar negativamente la adhesi\u00f3n. Las\u00a0superficies deben prepararse, y para ello hay que rociarlas con\u00a0chorros de agua a alta presi\u00f3n o con arena abrasiva y grava.\u00a0El polvo y las part\u00edculas derivadas de la preparaci\u00f3n deben limpiarse\u00a0con agua.<\/p>\n<p>Las grietas y los agujeros deben de repararse con PaviCret Plug.<\/p>\n<p>Tras la aplicaci\u00f3n de PaviCret Tem\u00e1tico la superficie debe humedecerse\u00a0para controlar la succi\u00f3n y prevenir una p\u00e9rdida r\u00e1pida\u00a0de agua, pero sin que queden charcos en la superficie.<\/p>\n<p><strong>MEZCLADO:<\/strong><\/p>\n<p>PaviCret Tem\u00e1tico debe mezclarse 25 kg de polvo requieren 4,5\u00a0litros de agua limpia.<\/p>\n<p>Usar un mezclador el\u00e9ctrico de baja velocidad (400-600 rpm)\u00a0durante unos 3 minutos hasta conseguir una consistencia uniforme.<\/p>\n<p>Dejar reposar la mezcla cinco minutos y remezclar hasta\u00a0obtener una masa espesa, cremosa y sin terrones. No mezclar\u00a0durante demasiado tiempo.<\/p>\n<p><strong>APLICACI\u00d3N:<\/strong><\/p>\n<p>PaviCret Tem\u00e1tico se aplica en 2 capas, con llana de acero inoxidable\u00a0\u00f3 proyectado pudi\u00e9ndose aplicar hasta 4 cm. por cada capa.<\/p>\n<p>La primera capa debe aplicarse en sentido horizontal en una\u00a0superficie previamente humedecida, usando un m\u00ednimo de 1,5\u00a0kg de PaviCret Tem\u00e1tico por capa.<\/p>\n<p>Dejar fraguar al menos una noche. Para aplicar la segunda capa\u00a0debe humedecerse antes la primera capa. Aplicar la segunda\u00a0capa en sentido vertical.<\/p>\n<p>Las aplicaciones con pistola de proyecci\u00f3n requieren uniformizar\u00a0la primera capa con una brocha que rellene los huecos.<\/p>\n<p><strong>CURADO:<\/strong><\/p>\n<p>En condiciones c\u00e1lidas o ventosas, es recomendable nebulizar\u00a0agua limpia sobre la primera capa del producto reci\u00e9n aplicado.\u00a0En condiciones de bajas temperaturas, cubrir con lona alquitranada\u00a0aislante, poliestireno o cualquier otro material aislante.<\/p>\n<p>Proteger las superficies reparadas contra el fr\u00edo y la lluvia antes\u00a0de aplicar la segunda capa en tanto que no haya adoptado su\u00a0forma definitiva.<\/p>\n<p>En zonas fr\u00edas, h\u00famedas o no ventiladas puede ser necesario\u00a0aumentar el tiempo de curado o introducir ventilaci\u00f3n forzada\u00a0para evitar la condensaci\u00f3n.<\/p>\n<p>No usar nunca deshumidificadores durante el periodo de curado\u00a0y tampoco antes de 28 d\u00edas despu\u00e9s de la finalizaci\u00f3n del\u00a0trabajo.<\/p>\n<p>Limpieza y manutenci\u00f3n:<\/p>\n<p>El equipo de mezclado y de aplicaci\u00f3n debe ser limpiado inmediatamente con agua limpia.<\/p>\n<p>&nbsp;<\/p>\n<p><strong><a href=\"https:\/\/pavicret.com\/contacto\/\">SOLICITAR FICHA DE SEGURIDAD<\/a><\/strong><\/p>\n","protected":false},"excerpt":{"rendered":"<p><strong>Mortero a base de cemento Portland.<\/strong><\/p>\n<p>PaviCret Tem\u00e1tico es un mortero especialmente indicado para\u00a0imitaci\u00f3n de piedra, formulado a base de cemento portland, seg\u00fan\u00a0la norma EN 197-1, \u00e1ridos seleccionados y resinas.<\/p>\n<p><strong>Sacos de 25Kg<\/strong><\/p>\n<p><strong><a href=\"http:\/\/pavicret.com\/wp-content\/uploads\/2017\/11\/PaviCret-Tem\u00e1tico-FT.-2016-01.pdf\" target=\"_blank\" rel=\"noopener noreferrer\">DESCARGAR FICHA T\u00c9CNICA<\/a><\/strong><\/p>\n<p><strong><a href=\"https:\/\/pavicret.com\/contacto\/\">SOLICITAR FICHA DE SEGURIDAD<\/a><\/strong><\/p>\n","protected":false},"featured_media":0,"template":"","meta":{"_acf_changed":false,"content-type":""},"product_brand":[25],"product_cat":[15],"product_tag":[],"class_list":{"0":"post-717","1":"product","2":"type-product","3":"status-publish","5":"product_brand-pavicret","6":"product_cat-sin-categorizar","8":"first","9":"instock","10":"taxable","11":"shipping-taxable","12":"purchasable","13":"product-type-variable"},"acf":[],"_links":{"self":[{"href":"https:\/\/pavicret.com\/en\/wp-json\/wp\/v2\/product\/717","targetHints":{"allow":["GET"]}}],"collection":[{"href":"https:\/\/pavicret.com\/en\/wp-json\/wp\/v2\/product"}],"about":[{"href":"https:\/\/pavicret.com\/en\/wp-json\/wp\/v2\/types\/product"}],"wp:attachment":[{"href":"https:\/\/pavicret.com\/en\/wp-json\/wp\/v2\/media?parent=717"}],"wp:term":[{"taxonomy":"product_brand","embeddable":true,"href":"https:\/\/pavicret.com\/en\/wp-json\/wp\/v2\/product_brand?post=717"},{"taxonomy":"product_cat","embeddable":true,"href":"https:\/\/pavicret.com\/en\/wp-json\/wp\/v2\/product_cat?post=717"},{"taxonomy":"product_tag","embeddable":true,"href":"https:\/\/pavicret.com\/en\/wp-json\/wp\/v2\/product_tag?post=717"}],"curies":[{"name":"wp","href":"https:\/\/api.w.org\/{rel}","templated":true}]}}