{"id":712,"date":"2025-04-11T10:31:10","date_gmt":"2025-04-11T09:31:10","guid":{"rendered":"https:\/\/pavicret.com\/?post_type=product&#038;p=712"},"modified":"2025-09-18T12:14:40","modified_gmt":"2025-09-18T11:14:40","slug":"pavicret-impreso-vertical","status":"publish","type":"product","link":"https:\/\/pavicret.com\/en\/producto\/pavicret-impreso-vertical\/","title":{"rendered":"PaviCret Impreso Vertical"},"content":{"rendered":"","protected":false},"excerpt":{"rendered":"<p><strong>Es un mortero a base de cemento Portland producido seg\u00fan la\u00a0norma EN 197-1.<\/strong><\/p>\n<p>\u00c1ridos seleccionados, pigmentos inorg\u00e1nicos, garantizando la optimizaci\u00f3n de las caracter\u00edsticas pigmentarias\u00a0y aditivos.<\/p>\n<p><strong>Saco de 25 Kg<\/strong><\/p>\n","protected":false},"featured_media":3168,"template":"","meta":{"_acf_changed":false,"content-type":""},"product_brand":[25],"product_cat":[35,45],"product_tag":[],"class_list":{"0":"post-712","1":"product","2":"type-product","3":"status-publish","4":"has-post-thumbnail","6":"product_brand-pavicret","7":"product_cat-pavimentos-decorativos","8":"product_cat-revestimiento-vertical","10":"first","11":"instock","12":"featured","13":"taxable","14":"shipping-taxable","15":"purchasable","16":"product-type-simple"},"acf":[],"_links":{"self":[{"href":"https:\/\/pavicret.com\/en\/wp-json\/wp\/v2\/product\/712","targetHints":{"allow":["GET"]}}],"collection":[{"href":"https:\/\/pavicret.com\/en\/wp-json\/wp\/v2\/product"}],"about":[{"href":"https:\/\/pavicret.com\/en\/wp-json\/wp\/v2\/types\/product"}],"wp:featuredmedia":[{"embeddable":true,"href":"https:\/\/pavicret.com\/en\/wp-json\/wp\/v2\/media\/3168"}],"wp:attachment":[{"href":"https:\/\/pavicret.com\/en\/wp-json\/wp\/v2\/media?parent=712"}],"wp:term":[{"taxonomy":"product_brand","embeddable":true,"href":"https:\/\/pavicret.com\/en\/wp-json\/wp\/v2\/product_brand?post=712"},{"taxonomy":"product_cat","embeddable":true,"href":"https:\/\/pavicret.com\/en\/wp-json\/wp\/v2\/product_cat?post=712"},{"taxonomy":"product_tag","embeddable":true,"href":"https:\/\/pavicret.com\/en\/wp-json\/wp\/v2\/product_tag?post=712"}],"curies":[{"name":"wp","href":"https:\/\/api.w.org\/{rel}","templated":true}]}}