{"id":665,"date":"2025-04-11T10:25:48","date_gmt":"2025-04-11T09:25:48","guid":{"rendered":"https:\/\/pavicret.com\/?post_type=product&#038;p=665"},"modified":"2025-09-18T11:46:27","modified_gmt":"2025-09-18T10:46:27","slug":"pavicret-acp","status":"publish","type":"product","link":"https:\/\/pavicret.com\/en\/producto\/pavicret-acp\/","title":{"rendered":"Endurecedor PaviCret ACP"},"content":{"rendered":"","protected":false},"excerpt":{"rendered":"<p><strong>Mortero para hormig\u00f3n industrial\u00a0Cuarzo-Cemento-Part\u00edcula Mec\u00e1nica.<\/strong><\/p>\n<p>PaviCret ACP es un mortero seco que se aplica espolvoreado sobre el hormig\u00f3n fresco, formando una capa de rodadura monol\u00edtica sobre el mismo, aumentando las caracter\u00edsticas mec\u00e1nicas, la resistencia a la abrasi\u00f3n y la resistencia al impacto.<\/p>\n<p>Color gris.<\/p>\n<p><strong>Saco de 25 Kg.<\/strong><\/p>\n","protected":false},"featured_media":3992,"template":"","meta":{"_acf_changed":false,"content-type":""},"product_brand":[25],"product_cat":[354,352],"product_tag":[],"class_list":{"0":"post-665","1":"product","2":"type-product","3":"status-publish","4":"has-post-thumbnail","6":"product_brand-pavicret","7":"product_cat-endurecedores","8":"product_cat-pavimentos-industriales","10":"first","11":"instock","12":"featured","13":"taxable","14":"shipping-taxable","15":"purchasable","16":"product-type-simple"},"acf":[],"_links":{"self":[{"href":"https:\/\/pavicret.com\/en\/wp-json\/wp\/v2\/product\/665","targetHints":{"allow":["GET"]}}],"collection":[{"href":"https:\/\/pavicret.com\/en\/wp-json\/wp\/v2\/product"}],"about":[{"href":"https:\/\/pavicret.com\/en\/wp-json\/wp\/v2\/types\/product"}],"wp:featuredmedia":[{"embeddable":true,"href":"https:\/\/pavicret.com\/en\/wp-json\/wp\/v2\/media\/3992"}],"wp:attachment":[{"href":"https:\/\/pavicret.com\/en\/wp-json\/wp\/v2\/media?parent=665"}],"wp:term":[{"taxonomy":"product_brand","embeddable":true,"href":"https:\/\/pavicret.com\/en\/wp-json\/wp\/v2\/product_brand?post=665"},{"taxonomy":"product_cat","embeddable":true,"href":"https:\/\/pavicret.com\/en\/wp-json\/wp\/v2\/product_cat?post=665"},{"taxonomy":"product_tag","embeddable":true,"href":"https:\/\/pavicret.com\/en\/wp-json\/wp\/v2\/product_tag?post=665"}],"curies":[{"name":"wp","href":"https:\/\/api.w.org\/{rel}","templated":true}]}}