{"id":661,"date":"2025-04-11T10:25:48","date_gmt":"2025-04-11T09:25:48","guid":{"rendered":"https:\/\/pavicret.com\/?post_type=product&#038;p=661"},"modified":"2025-04-11T11:11:26","modified_gmt":"2025-04-11T10:11:26","slug":"pavipol-w-650","status":"publish","type":"product","link":"https:\/\/pavicret.com\/en\/producto\/pavipol-w-650\/","title":{"rendered":"PaviPol W-650"},"content":{"rendered":"<p><strong><a href=\"http:\/\/pavicret.com\/wp-content\/uploads\/2020\/01\/PAVIPOL-W-650.pdf\" target=\"_blank\" rel=\"noopener noreferrer\">DESCARGAR FICHA T\u00c9CNICA<\/a><\/strong><\/p>\n<p><span style=\"font-size: 18px;\"><strong>Barniz de resinas reticulables con isocianatos.<\/strong><\/span><\/p>\n<p>PaviPol-650 es un barniz incoloro a base de resinas reticulables con isocianatos base disolvente, de excelente dureza, tenacidad, resistencia qu\u00edmica y alta resistencia al amarilleo. Se puede aplicar al exterior o en interiores.<\/p>\n<p><strong>COMPOSICI\u00d3N:<\/strong><\/p>\n<p>Barniz de resina reticulable con isocianatos, base disolvente. Bicomponente A+B.<\/p>\n<p><strong>APLICACIONES:<\/strong><\/p>\n<p>Acabado compatible para sistemas epoxi.<\/p>\n<p>Acabado para MICROCEMENTO.<\/p>\n<p>Elevada retenci\u00f3n de brillo.<\/p>\n<p>Acabado uniforme.<\/p>\n<p>Elevada resistencia qu\u00edmica.<\/p>\n<p>Mejora la resistencia al rayado.<\/p>\n<p>Acabado para sistemas de capa fina, autonivelantes o multicapa.<\/p>\n<p><strong>PRESENTACI\u00d3N:<\/strong><\/p>\n<p>PaviPol-650 se suministra en envases met\u00e1licos de 20 y 5 Kg.<\/p>\n<p>Se presenta en color: Incoloro.<\/p>\n<p><strong>ALMACENAMIENTO:<\/strong><\/p>\n<p>Los envases deben almacenarse en lugar seco y fresco durante no m\u00e1s de 12 meses, Proteger el material contra la humedad y el efecto directo del Sol. La temperatura de almacenaje deber\u00e1 estar entre 5\u00baC y 25\u00baC. El producto deber\u00e1 permanecer en el envase original con el nombre del fabricante, la designaci\u00f3n del producto, el n\u00famero de producci\u00f3n y las etiquetas.<\/p>\n<p><strong>PROPIEDADES T\u00c9CNICAS:<\/strong><\/p>\n<p>\u2022 Aspecto: Brillante, Mate y Satinado<\/p>\n<p>\u2022 Volumen s\u00f3lidos: 62 \u00b1 2%<\/p>\n<p>\u2022 Secado al tacto: 6 horas a 20\u00baC y 60% humedad relativa.<\/p>\n<p>\u2022 Puesta en servicio: 24 horas personas y 48 horas veh\u00edculos ligeros 7 d\u00edas uso completo<\/p>\n<p>\u2022 Peso espec\u00edfico: 1,050 \u00b1 0,020 Kg\/L<\/p>\n<p>\u2022 Punto Inflamaci\u00f3n: 35\u00baC<\/p>\n<p>\u2022 COV\u00b4s Cumple Directiva 2004\/42\/CE (RD 22\/2006) Anexo I subcategor\u00eda j): 406,7 g\/l (500 g\/l m\u00e1ximo a partir 01.01.2010).<\/p>\n<p><strong>APLICACI\u00d3N:<\/strong><\/p>\n<p>\u2022 Relaci\u00f3n mezcla: 2 a 1 en peso Vida de la mezcla: 4 horas a 20\u00baC<\/p>\n<p>\u2022 Intervalo de repintado: M\u00ednimo: 4 horas a 20\u00baC. M\u00e1ximo: 3 d\u00edas a 20\u00baC<\/p>\n<p>\u2022 Secado Total 24 Hr. (20\u00baC)<\/p>\n<p>\u2022 Temperatura de aplicaci\u00f3n: entre 10\u00ba-25\u00baC. Humedad del ambiente: inferior a 90%. Viscosidad: 20 seg. Ford 4 (20\u00baC)<\/p>\n<p>\u2022 La superficie debe estar seca, limpia de grasas y contaminantes.<\/p>\n<p>\u2022 Sobre cemento, la superficie debe estar completamente fraguada (>28 d\u00edas) y exenta de humedad.<\/p>\n<p>\u2022 El n\u00ba de capas depender\u00e1 de la absorci\u00f3n del soporte; En superficies muy porosas se necesitan mayor no capas para evitar las diferencias de brillo provocadas por la distinta absorci\u00f3n del ligante en el soporte. La temperatura del substrato debe ser superior a 10\u00baC y al menos 3o por encima del punto de roc\u00edo.<\/p>\n<p><a href=\"https:\/\/pavicret.com\/contacto\/\"><strong>SOLICITAR FICHA SEGURIDAD<\/strong><\/a><\/p>\n","protected":false},"excerpt":{"rendered":"<p><strong><a href=\"http:\/\/pavicret.com\/wp-content\/uploads\/2020\/01\/PAVIPOL-W-650.pdf\" target=\"_blank\" rel=\"noopener noreferrer\">DESCARGAR FICHA T\u00c9CNICA<\/a><\/strong><\/p>\n<p><a href=\"https:\/\/pavicret.com\/contacto\/\"><strong>SOLICITAR FICHA SEGURIDAD<\/strong><\/a><\/p>\n<p>Barniz de resinas reticulables con isocianatos.<\/p>\n","protected":false},"featured_media":0,"template":"","meta":{"_acf_changed":false,"content-type":""},"product_brand":[25],"product_cat":[15],"product_tag":[],"class_list":{"0":"post-661","1":"product","2":"type-product","3":"status-publish","5":"product_brand-pavicret","6":"product_cat-sin-categorizar","8":"first","9":"instock","10":"taxable","11":"shipping-taxable","12":"purchasable","13":"product-type-simple"},"acf":[],"_links":{"self":[{"href":"https:\/\/pavicret.com\/en\/wp-json\/wp\/v2\/product\/661","targetHints":{"allow":["GET"]}}],"collection":[{"href":"https:\/\/pavicret.com\/en\/wp-json\/wp\/v2\/product"}],"about":[{"href":"https:\/\/pavicret.com\/en\/wp-json\/wp\/v2\/types\/product"}],"wp:attachment":[{"href":"https:\/\/pavicret.com\/en\/wp-json\/wp\/v2\/media?parent=661"}],"wp:term":[{"taxonomy":"product_brand","embeddable":true,"href":"https:\/\/pavicret.com\/en\/wp-json\/wp\/v2\/product_brand?post=661"},{"taxonomy":"product_cat","embeddable":true,"href":"https:\/\/pavicret.com\/en\/wp-json\/wp\/v2\/product_cat?post=661"},{"taxonomy":"product_tag","embeddable":true,"href":"https:\/\/pavicret.com\/en\/wp-json\/wp\/v2\/product_tag?post=661"}],"curies":[{"name":"wp","href":"https:\/\/api.w.org\/{rel}","templated":true}]}}