{"id":616,"date":"2025-04-11T10:25:26","date_gmt":"2025-04-11T09:25:26","guid":{"rendered":"https:\/\/pavicret.com\/?post_type=product&#038;p=616"},"modified":"2025-06-13T11:23:25","modified_gmt":"2025-06-13T10:23:25","slug":"pavicril-plus-100","status":"publish","type":"product","link":"https:\/\/pavicret.com\/en\/producto\/pavicril-plus-100\/","title":{"rendered":"PaviCril Plus 100"},"content":{"rendered":"","protected":false},"excerpt":{"rendered":"<p><strong>Resina de sellado de base disolvente.<\/strong><\/p>\n<p>PaviCril Plus 100 es un formulado a base de resinas acr\u00edlicas en dispersi\u00f3n de part\u00edcula fina y gran anclaje, con excelente tenacidad y gran resistencia a los rayos UV.<\/p>\n<p><strong>Color: Incoloro brillo.<\/strong><\/p>\n<p><strong>Garrafa de 25 Kg.<\/strong><\/p>\n","protected":false},"featured_media":5033,"template":"","meta":{"_acf_changed":false,"content-type":""},"product_brand":[25],"product_cat":[357,38,355,328],"product_tag":[],"class_list":{"0":"post-616","1":"product","2":"type-product","3":"status-publish","4":"has-post-thumbnail","6":"product_brand-pavicret","7":"product_cat-base-disolvente","8":"product_cat-complementos","9":"product_cat-curadores","10":"product_cat-protectores","12":"first","13":"instock","14":"featured","15":"taxable","16":"shipping-taxable","17":"purchasable","18":"product-type-simple"},"acf":[],"_links":{"self":[{"href":"https:\/\/pavicret.com\/en\/wp-json\/wp\/v2\/product\/616","targetHints":{"allow":["GET"]}}],"collection":[{"href":"https:\/\/pavicret.com\/en\/wp-json\/wp\/v2\/product"}],"about":[{"href":"https:\/\/pavicret.com\/en\/wp-json\/wp\/v2\/types\/product"}],"wp:featuredmedia":[{"embeddable":true,"href":"https:\/\/pavicret.com\/en\/wp-json\/wp\/v2\/media\/5033"}],"wp:attachment":[{"href":"https:\/\/pavicret.com\/en\/wp-json\/wp\/v2\/media?parent=616"}],"wp:term":[{"taxonomy":"product_brand","embeddable":true,"href":"https:\/\/pavicret.com\/en\/wp-json\/wp\/v2\/product_brand?post=616"},{"taxonomy":"product_cat","embeddable":true,"href":"https:\/\/pavicret.com\/en\/wp-json\/wp\/v2\/product_cat?post=616"},{"taxonomy":"product_tag","embeddable":true,"href":"https:\/\/pavicret.com\/en\/wp-json\/wp\/v2\/product_tag?post=616"}],"curies":[{"name":"wp","href":"https:\/\/api.w.org\/{rel}","templated":true}]}}