{"id":609,"date":"2023-05-01T10:25:25","date_gmt":"2023-05-01T09:25:25","guid":{"rendered":"https:\/\/pavicret.com\/?post_type=product&#038;p=609"},"modified":"2025-09-18T10:09:53","modified_gmt":"2025-09-18T09:09:53","slug":"pavicret-desmoldeante-liquido","status":"publish","type":"product","link":"https:\/\/pavicret.com\/en\/producto\/pavicret-desmoldeante-liquido\/","title":{"rendered":"PaviCret Desmoldeante L\u00edquido"},"content":{"rendered":"<p>&nbsp;<\/p>\n<p>&nbsp;<\/p>\n","protected":false},"excerpt":{"rendered":"<p><b>Desmoldeante l\u00edquido para el proceso de moldeado en pavimentos y pared.<\/b><\/p>\n<p>Desmoldeante L\u00edquido es producto l\u00edquido sin pigmentar, especialmente indicado para permitir un desmoldeado f\u00e1cil tanto en paramentos horizontales cuando usemos el Pavicret Impreso como en paramentos verticales cuando utilizamos Pavicret Impreso Vertical.<\/p>\n<p><strong>Garrafas de 25 ltr y 5 ltr.<\/strong><\/p>\n<p>&nbsp;<\/p>\n","protected":false},"featured_media":3211,"template":"","meta":{"_acf_changed":false,"content-type":""},"product_brand":[25],"product_cat":[38,358],"product_tag":[],"class_list":{"0":"post-609","1":"product","2":"type-product","3":"status-publish","4":"has-post-thumbnail","6":"product_brand-pavicret","7":"product_cat-complementos","8":"product_cat-desmoldeantes","10":"first","11":"instock","12":"featured","13":"taxable","14":"shipping-taxable","15":"purchasable","16":"product-type-simple"},"acf":[],"_links":{"self":[{"href":"https:\/\/pavicret.com\/en\/wp-json\/wp\/v2\/product\/609","targetHints":{"allow":["GET"]}}],"collection":[{"href":"https:\/\/pavicret.com\/en\/wp-json\/wp\/v2\/product"}],"about":[{"href":"https:\/\/pavicret.com\/en\/wp-json\/wp\/v2\/types\/product"}],"wp:featuredmedia":[{"embeddable":true,"href":"https:\/\/pavicret.com\/en\/wp-json\/wp\/v2\/media\/3211"}],"wp:attachment":[{"href":"https:\/\/pavicret.com\/en\/wp-json\/wp\/v2\/media?parent=609"}],"wp:term":[{"taxonomy":"product_brand","embeddable":true,"href":"https:\/\/pavicret.com\/en\/wp-json\/wp\/v2\/product_brand?post=609"},{"taxonomy":"product_cat","embeddable":true,"href":"https:\/\/pavicret.com\/en\/wp-json\/wp\/v2\/product_cat?post=609"},{"taxonomy":"product_tag","embeddable":true,"href":"https:\/\/pavicret.com\/en\/wp-json\/wp\/v2\/product_tag?post=609"}],"curies":[{"name":"wp","href":"https:\/\/api.w.org\/{rel}","templated":true}]}}