{"id":5731,"date":"2025-06-04T12:29:21","date_gmt":"2025-06-04T11:29:21","guid":{"rendered":"https:\/\/pavicret.com\/?post_type=product&#038;p=5731"},"modified":"2025-09-18T10:00:23","modified_gmt":"2025-09-18T09:00:23","slug":"policret","status":"publish","type":"product","link":"https:\/\/pavicret.com\/en\/producto\/policret\/","title":{"rendered":"Policret"},"content":{"rendered":"","protected":false},"excerpt":{"rendered":"<p><span class=\"fontstyle0\">POLICRET es un film de polietileno que funciona como barrera de vapor, as\u00ed como en la colaboraci\u00f3n de superficies horizontales, movilidad entre solera, retenci\u00f3n de humedad en elementos de hormig\u00f3n frescos, etc., que se presenta en espesores varios.<\/span><\/p>\n","protected":false},"featured_media":5734,"template":"","meta":{"_acf_changed":false,"content-type":""},"product_brand":[25],"product_cat":[38],"product_tag":[],"class_list":{"0":"post-5731","1":"product","2":"type-product","3":"status-publish","4":"has-post-thumbnail","6":"product_brand-pavicret","7":"product_cat-complementos","9":"first","10":"instock","11":"featured","12":"taxable","13":"shipping-taxable","14":"product-type-simple"},"acf":[],"_links":{"self":[{"href":"https:\/\/pavicret.com\/en\/wp-json\/wp\/v2\/product\/5731","targetHints":{"allow":["GET"]}}],"collection":[{"href":"https:\/\/pavicret.com\/en\/wp-json\/wp\/v2\/product"}],"about":[{"href":"https:\/\/pavicret.com\/en\/wp-json\/wp\/v2\/types\/product"}],"wp:featuredmedia":[{"embeddable":true,"href":"https:\/\/pavicret.com\/en\/wp-json\/wp\/v2\/media\/5734"}],"wp:attachment":[{"href":"https:\/\/pavicret.com\/en\/wp-json\/wp\/v2\/media?parent=5731"}],"wp:term":[{"taxonomy":"product_brand","embeddable":true,"href":"https:\/\/pavicret.com\/en\/wp-json\/wp\/v2\/product_brand?post=5731"},{"taxonomy":"product_cat","embeddable":true,"href":"https:\/\/pavicret.com\/en\/wp-json\/wp\/v2\/product_cat?post=5731"},{"taxonomy":"product_tag","embeddable":true,"href":"https:\/\/pavicret.com\/en\/wp-json\/wp\/v2\/product_tag?post=5731"}],"curies":[{"name":"wp","href":"https:\/\/api.w.org\/{rel}","templated":true}]}}