{"id":5477,"date":"2025-05-23T08:11:00","date_gmt":"2025-05-23T07:11:00","guid":{"rendered":"https:\/\/pavicret.com\/?post_type=product&#038;p=5477"},"modified":"2025-09-18T12:06:21","modified_gmt":"2025-09-18T11:06:21","slug":"oxipast","status":"publish","type":"product","link":"https:\/\/pavicret.com\/en\/producto\/oxipast\/","title":{"rendered":"Oxipast"},"content":{"rendered":"","protected":false},"excerpt":{"rendered":"<p><strong>OXIPAST<\/strong> es una dispersi\u00f3n de pigmentos inorg\u00e1nicos de alta estabilidad en medio alcoh\u00f3lico, lo que le confiere una gran versatilidad para pigmentar tanto bases acuosas como disolventes.<\/p>\n","protected":false},"featured_media":5478,"template":"","meta":{"_acf_changed":false,"content-type":""},"product_brand":[25],"product_cat":[46],"product_tag":[],"class_list":{"0":"post-5477","1":"product","2":"type-product","3":"status-publish","4":"has-post-thumbnail","6":"product_brand-pavicret","7":"product_cat-rehabilitacion-de-pavimentos","9":"first","10":"instock","11":"featured","12":"taxable","13":"shipping-taxable","14":"purchasable","15":"product-type-simple"},"acf":[],"_links":{"self":[{"href":"https:\/\/pavicret.com\/en\/wp-json\/wp\/v2\/product\/5477","targetHints":{"allow":["GET"]}}],"collection":[{"href":"https:\/\/pavicret.com\/en\/wp-json\/wp\/v2\/product"}],"about":[{"href":"https:\/\/pavicret.com\/en\/wp-json\/wp\/v2\/types\/product"}],"wp:featuredmedia":[{"embeddable":true,"href":"https:\/\/pavicret.com\/en\/wp-json\/wp\/v2\/media\/5478"}],"wp:attachment":[{"href":"https:\/\/pavicret.com\/en\/wp-json\/wp\/v2\/media?parent=5477"}],"wp:term":[{"taxonomy":"product_brand","embeddable":true,"href":"https:\/\/pavicret.com\/en\/wp-json\/wp\/v2\/product_brand?post=5477"},{"taxonomy":"product_cat","embeddable":true,"href":"https:\/\/pavicret.com\/en\/wp-json\/wp\/v2\/product_cat?post=5477"},{"taxonomy":"product_tag","embeddable":true,"href":"https:\/\/pavicret.com\/en\/wp-json\/wp\/v2\/product_tag?post=5477"}],"curies":[{"name":"wp","href":"https:\/\/api.w.org\/{rel}","templated":true}]}}