{"id":4999,"date":"2025-05-13T16:58:17","date_gmt":"2025-05-13T15:58:17","guid":{"rendered":"https:\/\/pavicret.com\/?post_type=product&#038;p=4999"},"modified":"2025-11-24T13:35:16","modified_gmt":"2025-11-24T12:35:16","slug":"junta-alpha","status":"publish","type":"product","link":"https:\/\/pavicret.com\/en\/producto\/junta-alpha\/","title":{"rendered":"Junta Alpha"},"content":{"rendered":"","protected":false},"excerpt":{"rendered":"<p>La Junta Alpha es la soluci\u00f3n ideal para soleras de hormig\u00f3n: se integra en el pavimento, marca la junta con precisi\u00f3n y protege sus bordes para un acabado duradero y profesional.<\/p>\n","protected":false},"featured_media":5003,"template":"","meta":{"_acf_changed":false,"content-type":""},"product_brand":[25],"product_cat":[38,350],"product_tag":[],"class_list":{"0":"post-4999","1":"product","2":"type-product","3":"status-publish","4":"has-post-thumbnail","6":"product_brand-pavicret","7":"product_cat-complementos","8":"product_cat-juntas","10":"first","11":"instock","12":"featured","13":"taxable","14":"shipping-taxable","15":"product-type-simple"},"acf":[],"_links":{"self":[{"href":"https:\/\/pavicret.com\/en\/wp-json\/wp\/v2\/product\/4999","targetHints":{"allow":["GET"]}}],"collection":[{"href":"https:\/\/pavicret.com\/en\/wp-json\/wp\/v2\/product"}],"about":[{"href":"https:\/\/pavicret.com\/en\/wp-json\/wp\/v2\/types\/product"}],"wp:featuredmedia":[{"embeddable":true,"href":"https:\/\/pavicret.com\/en\/wp-json\/wp\/v2\/media\/5003"}],"wp:attachment":[{"href":"https:\/\/pavicret.com\/en\/wp-json\/wp\/v2\/media?parent=4999"}],"wp:term":[{"taxonomy":"product_brand","embeddable":true,"href":"https:\/\/pavicret.com\/en\/wp-json\/wp\/v2\/product_brand?post=4999"},{"taxonomy":"product_cat","embeddable":true,"href":"https:\/\/pavicret.com\/en\/wp-json\/wp\/v2\/product_cat?post=4999"},{"taxonomy":"product_tag","embeddable":true,"href":"https:\/\/pavicret.com\/en\/wp-json\/wp\/v2\/product_tag?post=4999"}],"curies":[{"name":"wp","href":"https:\/\/api.w.org\/{rel}","templated":true}]}}