{"id":385,"date":"2025-04-10T07:41:26","date_gmt":"2025-04-10T06:41:26","guid":{"rendered":"https:\/\/pavicret.com\/?post_type=product&#038;p=385"},"modified":"2025-09-18T10:08:29","modified_gmt":"2025-09-18T09:08:29","slug":"pavicret_impreso","status":"publish","type":"product","link":"https:\/\/pavicret.com\/en\/producto\/pavicret_impreso\/","title":{"rendered":"PaviCret Impreso"},"content":{"rendered":"<p>Pavimento Hormig\u00f3n Impreso Pavicret.<\/p>\n<p><strong>MORTERO PARA PAVIMENTOS DE HORMIG\u00d3N IMPRESO<\/strong><\/p>\n<p>PaviCret Impreso es un mortero seco que se aplica espolvoreado\u00a0sobre el hormig\u00f3n fresco, formando una capa de rodadura\u00a0monol\u00edtica sobre el mismo, que puede adquirir texturas mediante la aplicaci\u00f3n de moldes. Por esta caracter\u00edstica puede emplearse\u00a0estos pavimentos para la sustituci\u00f3n de pavimentos tradicionales,\u00a0como la piedra natural, la pizarra, adoquines, etc.<\/p>\n","protected":false},"excerpt":{"rendered":"<p>PaviCret Impreso es un mortero seco que se aplica espolvoreado\u00a0sobre el hormig\u00f3n fresco, formando una capa de rodadura\u00a0monol\u00edtica sobre el mismo, que puede adquirir texturas mediantela aplicaci\u00f3n de moldes, por esta caracter\u00edstica puede emplearse\u00a0estos pavimentos para la sustituci\u00f3n de pavimentos tradicionales,\u00a0como la piedra natural, la pizarra, adoquines, etc.<\/p>\n<p><strong>Saco de 25 Kg<\/strong><\/p>\n","protected":false},"featured_media":3143,"template":"","meta":{"_acf_changed":false,"content-type":""},"product_brand":[25],"product_cat":[44,35],"product_tag":[],"class_list":{"0":"post-385","1":"product","2":"type-product","3":"status-publish","4":"has-post-thumbnail","6":"product_brand-pavicret","7":"product_cat-hormigon-impreso","8":"product_cat-pavimentos-decorativos","10":"first","11":"instock","12":"featured","13":"taxable","14":"shipping-taxable","15":"purchasable","16":"product-type-simple"},"acf":[],"_links":{"self":[{"href":"https:\/\/pavicret.com\/en\/wp-json\/wp\/v2\/product\/385","targetHints":{"allow":["GET"]}}],"collection":[{"href":"https:\/\/pavicret.com\/en\/wp-json\/wp\/v2\/product"}],"about":[{"href":"https:\/\/pavicret.com\/en\/wp-json\/wp\/v2\/types\/product"}],"wp:featuredmedia":[{"embeddable":true,"href":"https:\/\/pavicret.com\/en\/wp-json\/wp\/v2\/media\/3143"}],"wp:attachment":[{"href":"https:\/\/pavicret.com\/en\/wp-json\/wp\/v2\/media?parent=385"}],"wp:term":[{"taxonomy":"product_brand","embeddable":true,"href":"https:\/\/pavicret.com\/en\/wp-json\/wp\/v2\/product_brand?post=385"},{"taxonomy":"product_cat","embeddable":true,"href":"https:\/\/pavicret.com\/en\/wp-json\/wp\/v2\/product_cat?post=385"},{"taxonomy":"product_tag","embeddable":true,"href":"https:\/\/pavicret.com\/en\/wp-json\/wp\/v2\/product_tag?post=385"}],"curies":[{"name":"wp","href":"https:\/\/api.w.org\/{rel}","templated":true}]}}