{"id":223,"date":"2025-04-09T16:49:41","date_gmt":"2025-04-09T15:49:41","guid":{"rendered":"https:\/\/pavicret.com\/?post_type=product&#038;p=223"},"modified":"2025-09-18T10:12:29","modified_gmt":"2025-09-18T09:12:29","slug":"cromicret","status":"publish","type":"product","link":"https:\/\/pavicret.com\/en\/producto\/cromicret\/","title":{"rendered":"Cromicret"},"content":{"rendered":"","protected":false},"excerpt":{"rendered":"<p><strong>Mortero de cemento para recrecidos y acabados de suelos<\/strong><\/p>\n<p>CromiCret es un mortero coloreado en masa. Este producto se utiliza mezclado con \u00e1rido de diferentes colores y granulometr\u00eda para la realizaci\u00f3n de pavimentos de \u00e1rido.<\/p>\n<p><strong>Saco de 25Kg.<\/strong><\/p>\n","protected":false},"featured_media":3171,"template":"","meta":{"_acf_changed":false,"content-type":""},"product_brand":[25],"product_cat":[43,35],"product_tag":[],"class_list":{"0":"post-223","1":"product","2":"type-product","3":"status-publish","4":"has-post-thumbnail","6":"product_brand-pavicret","7":"product_cat-hormigon-desactivado","8":"product_cat-pavimentos-decorativos","10":"first","11":"instock","12":"featured","13":"taxable","14":"shipping-taxable","15":"purchasable","16":"product-type-simple"},"acf":[],"_links":{"self":[{"href":"https:\/\/pavicret.com\/en\/wp-json\/wp\/v2\/product\/223","targetHints":{"allow":["GET"]}}],"collection":[{"href":"https:\/\/pavicret.com\/en\/wp-json\/wp\/v2\/product"}],"about":[{"href":"https:\/\/pavicret.com\/en\/wp-json\/wp\/v2\/types\/product"}],"wp:featuredmedia":[{"embeddable":true,"href":"https:\/\/pavicret.com\/en\/wp-json\/wp\/v2\/media\/3171"}],"wp:attachment":[{"href":"https:\/\/pavicret.com\/en\/wp-json\/wp\/v2\/media?parent=223"}],"wp:term":[{"taxonomy":"product_brand","embeddable":true,"href":"https:\/\/pavicret.com\/en\/wp-json\/wp\/v2\/product_brand?post=223"},{"taxonomy":"product_cat","embeddable":true,"href":"https:\/\/pavicret.com\/en\/wp-json\/wp\/v2\/product_cat?post=223"},{"taxonomy":"product_tag","embeddable":true,"href":"https:\/\/pavicret.com\/en\/wp-json\/wp\/v2\/product_tag?post=223"}],"curies":[{"name":"wp","href":"https:\/\/api.w.org\/{rel}","templated":true}]}}