{"id":1581,"date":"2025-04-11T10:28:55","date_gmt":"2025-04-11T09:28:55","guid":{"rendered":"https:\/\/pavicret.com\/?post_type=product&#038;p=1581"},"modified":"2025-05-15T12:03:52","modified_gmt":"2025-05-15T11:03:52","slug":"carretilla","status":"publish","type":"product","link":"https:\/\/pavicret.com\/en\/producto\/carretilla\/","title":{"rendered":"Carretilla"},"content":{"rendered":"<p>Carretilla Obra, su dise\u00f1o permite un vaciado controlado del material,Ideal para la construcc\u00edon ya que al ser estrecha y profunda cabe entre el marco de una puerta y es manejable entre los pasillos de un andamio.<\/p>\n<p>Su profundidad la hace ideal para el transporte de l\u00edquidos o s\u00f3lidos poco densos.<\/p>\n<p>Hierro y Chapa<\/p>\n<p>Capacidad 90L (LIQUIDOS) Y 110L (S\u00f3lidos).<\/p>\n<p>Bandeja amarilla y cuerpo verde.<\/p>\n<p>Bandeja de acero embutida y rebordeada pintada en polvo epoxi.<\/p>\n","protected":false},"excerpt":{"rendered":"<p><strong>Carretilla Obra, ideal para la construcci\u00f3n y el transporte de l\u00edquidos o s\u00f3lidos pocos densos<\/strong><\/p>\n","protected":false},"featured_media":0,"template":"","meta":{"_acf_changed":false,"content-type":""},"product_brand":[25],"product_cat":[15],"product_tag":[],"class_list":{"0":"post-1581","1":"product","2":"type-product","3":"status-publish","5":"product_brand-pavicret","6":"product_cat-sin-categorizar","8":"first","9":"instock","10":"taxable","11":"shipping-taxable","12":"purchasable","13":"product-type-simple"},"acf":[],"_links":{"self":[{"href":"https:\/\/pavicret.com\/en\/wp-json\/wp\/v2\/product\/1581","targetHints":{"allow":["GET"]}}],"collection":[{"href":"https:\/\/pavicret.com\/en\/wp-json\/wp\/v2\/product"}],"about":[{"href":"https:\/\/pavicret.com\/en\/wp-json\/wp\/v2\/types\/product"}],"wp:attachment":[{"href":"https:\/\/pavicret.com\/en\/wp-json\/wp\/v2\/media?parent=1581"}],"wp:term":[{"taxonomy":"product_brand","embeddable":true,"href":"https:\/\/pavicret.com\/en\/wp-json\/wp\/v2\/product_brand?post=1581"},{"taxonomy":"product_cat","embeddable":true,"href":"https:\/\/pavicret.com\/en\/wp-json\/wp\/v2\/product_cat?post=1581"},{"taxonomy":"product_tag","embeddable":true,"href":"https:\/\/pavicret.com\/en\/wp-json\/wp\/v2\/product_tag?post=1581"}],"curies":[{"name":"wp","href":"https:\/\/api.w.org\/{rel}","templated":true}]}}