{"id":1538,"date":"2025-04-11T10:28:48","date_gmt":"2025-04-11T09:28:48","guid":{"rendered":"https:\/\/pavicret.com\/?post_type=product&#038;p=1538"},"modified":"2025-06-02T12:12:38","modified_gmt":"2025-06-02T11:12:38","slug":"brocha-americana","status":"publish","type":"product","link":"https:\/\/pavicret.com\/en\/producto\/brocha-americana\/","title":{"rendered":"Brocha Americana"},"content":{"rendered":"","protected":false},"excerpt":{"rendered":"<p><strong>BROCHA AMERICANA<\/strong><\/p>\n<p><strong>Ideal para la aplicaci\u00f3n de pinturas pl\u00e1sticas, temples y colas celul\u00f3sicas,<\/strong><\/p>\n<p><strong>Mango de madera y pelo fibra standard despuntada<\/strong><\/p>\n","protected":false},"featured_media":0,"template":"","meta":{"_acf_changed":false,"content-type":""},"product_brand":[25],"product_cat":[15],"product_tag":[],"class_list":{"0":"post-1538","1":"product","2":"type-product","3":"status-publish","5":"product_brand-pavicret","6":"product_cat-sin-categorizar","8":"first","9":"instock","10":"taxable","11":"shipping-taxable","12":"purchasable","13":"product-type-simple"},"acf":[],"_links":{"self":[{"href":"https:\/\/pavicret.com\/en\/wp-json\/wp\/v2\/product\/1538","targetHints":{"allow":["GET"]}}],"collection":[{"href":"https:\/\/pavicret.com\/en\/wp-json\/wp\/v2\/product"}],"about":[{"href":"https:\/\/pavicret.com\/en\/wp-json\/wp\/v2\/types\/product"}],"wp:attachment":[{"href":"https:\/\/pavicret.com\/en\/wp-json\/wp\/v2\/media?parent=1538"}],"wp:term":[{"taxonomy":"product_brand","embeddable":true,"href":"https:\/\/pavicret.com\/en\/wp-json\/wp\/v2\/product_brand?post=1538"},{"taxonomy":"product_cat","embeddable":true,"href":"https:\/\/pavicret.com\/en\/wp-json\/wp\/v2\/product_cat?post=1538"},{"taxonomy":"product_tag","embeddable":true,"href":"https:\/\/pavicret.com\/en\/wp-json\/wp\/v2\/product_tag?post=1538"}],"curies":[{"name":"wp","href":"https:\/\/api.w.org\/{rel}","templated":true}]}}