{"id":1446,"date":"2023-04-11T10:28:30","date_gmt":"2023-04-11T09:28:30","guid":{"rendered":"https:\/\/pavicret.com\/?post_type=product&#038;p=1446"},"modified":"2025-12-09T09:43:32","modified_gmt":"2025-12-09T08:43:32","slug":"pavilat-text","status":"publish","type":"product","link":"https:\/\/pavicret.com\/en\/producto\/pavilat-text\/","title":{"rendered":"PaviLat Text"},"content":{"rendered":"","protected":false},"excerpt":{"rendered":"<p><strong>Puente de uni\u00f3n rugoso<\/strong><\/p>\n<p>Imprimaci\u00f3n formulada con copolimeros en base acuosa con \u00e1ridos y cargas minerales seleccionadas. Se usa como puente de uni\u00f3n entre materiales de diferente naturaleza.<\/p>\n<p><strong>Cubos de pl\u00e1stico de 15 lts.<\/strong><\/p>\n<p><strong>Color Rojo<\/strong><\/p>\n","protected":false},"featured_media":3243,"template":"","meta":{"_acf_changed":false,"content-type":""},"product_brand":[25],"product_cat":[38,329],"product_tag":[],"class_list":{"0":"post-1446","1":"product","2":"type-product","3":"status-publish","4":"has-post-thumbnail","6":"product_brand-pavicret","7":"product_cat-complementos","8":"product_cat-puentes-de-union","10":"first","11":"instock","12":"featured","13":"taxable","14":"shipping-taxable","15":"purchasable","16":"product-type-simple"},"acf":[],"_links":{"self":[{"href":"https:\/\/pavicret.com\/en\/wp-json\/wp\/v2\/product\/1446","targetHints":{"allow":["GET"]}}],"collection":[{"href":"https:\/\/pavicret.com\/en\/wp-json\/wp\/v2\/product"}],"about":[{"href":"https:\/\/pavicret.com\/en\/wp-json\/wp\/v2\/types\/product"}],"wp:featuredmedia":[{"embeddable":true,"href":"https:\/\/pavicret.com\/en\/wp-json\/wp\/v2\/media\/3243"}],"wp:attachment":[{"href":"https:\/\/pavicret.com\/en\/wp-json\/wp\/v2\/media?parent=1446"}],"wp:term":[{"taxonomy":"product_brand","embeddable":true,"href":"https:\/\/pavicret.com\/en\/wp-json\/wp\/v2\/product_brand?post=1446"},{"taxonomy":"product_cat","embeddable":true,"href":"https:\/\/pavicret.com\/en\/wp-json\/wp\/v2\/product_cat?post=1446"},{"taxonomy":"product_tag","embeddable":true,"href":"https:\/\/pavicret.com\/en\/wp-json\/wp\/v2\/product_tag?post=1446"}],"curies":[{"name":"wp","href":"https:\/\/api.w.org\/{rel}","templated":true}]}}