{"id":1438,"date":"2025-04-11T10:28:30","date_gmt":"2025-04-11T09:28:30","guid":{"rendered":"https:\/\/pavicret.com\/?post_type=product&#038;p=1438"},"modified":"2025-09-18T12:00:59","modified_gmt":"2025-09-18T11:00:59","slug":"pavilat-s100","status":"publish","type":"product","link":"https:\/\/pavicret.com\/en\/producto\/pavilat-s100\/","title":{"rendered":"PaviLat S100"},"content":{"rendered":"","protected":false},"excerpt":{"rendered":"<p><strong>Puente de uni\u00f3n para morteros y hormigones de larga duraci\u00f3n<\/strong><\/p>\n<p>PaviLat S-100 es un adhesivo l\u00edquido para hormigones y morteros a especialmente indicado como puente de uni\u00f3n entre diversos materiales y hormig\u00f3n y puente de uni\u00f3n hormig\u00f3n nuevo \/ viejo, morteros con yesos y hormigones, cualquier superficie limpia y resistente y uni\u00f3n de tabiques con pilares.<\/p>\n<p><strong>Garrafas de pl\u00e1stico de 8 ,de 5 y de 25lts.<\/strong><\/p>\n<p><strong>Color blanco lechoso<\/strong><\/p>\n","protected":false},"featured_media":3187,"template":"","meta":{"_acf_changed":false,"content-type":""},"product_brand":[25],"product_cat":[38,329],"product_tag":[],"class_list":{"0":"post-1438","1":"product","2":"type-product","3":"status-publish","4":"has-post-thumbnail","6":"product_brand-pavicret","7":"product_cat-complementos","8":"product_cat-puentes-de-union","10":"first","11":"instock","12":"featured","13":"taxable","14":"shipping-taxable","15":"purchasable","16":"product-type-simple"},"acf":[],"_links":{"self":[{"href":"https:\/\/pavicret.com\/en\/wp-json\/wp\/v2\/product\/1438","targetHints":{"allow":["GET"]}}],"collection":[{"href":"https:\/\/pavicret.com\/en\/wp-json\/wp\/v2\/product"}],"about":[{"href":"https:\/\/pavicret.com\/en\/wp-json\/wp\/v2\/types\/product"}],"wp:featuredmedia":[{"embeddable":true,"href":"https:\/\/pavicret.com\/en\/wp-json\/wp\/v2\/media\/3187"}],"wp:attachment":[{"href":"https:\/\/pavicret.com\/en\/wp-json\/wp\/v2\/media?parent=1438"}],"wp:term":[{"taxonomy":"product_brand","embeddable":true,"href":"https:\/\/pavicret.com\/en\/wp-json\/wp\/v2\/product_brand?post=1438"},{"taxonomy":"product_cat","embeddable":true,"href":"https:\/\/pavicret.com\/en\/wp-json\/wp\/v2\/product_cat?post=1438"},{"taxonomy":"product_tag","embeddable":true,"href":"https:\/\/pavicret.com\/en\/wp-json\/wp\/v2\/product_tag?post=1438"}],"curies":[{"name":"wp","href":"https:\/\/api.w.org\/{rel}","templated":true}]}}