{"id":8462,"date":"2025-04-17T07:34:46","date_gmt":"2025-04-17T06:34:46","guid":{"rendered":"https:\/\/pavicret.com\/legal-notice\/"},"modified":"2025-04-17T07:34:46","modified_gmt":"2025-04-17T06:34:46","slug":"legal-notice","status":"publish","type":"page","link":"https:\/\/pavicret.com\/en\/legal-notice\/","title":{"rendered":"Legal Notice"},"content":{"rendered":"\t\t<div data-elementor-type=\"wp-page\" data-elementor-id=\"8462\" class=\"elementor elementor-8462 elementor-2253\" data-elementor-post-type=\"page\">\n\t\t\t\t<div class=\"elementor-element elementor-element-4b9eb99 e-flex e-con-boxed e-con e-parent\" data-id=\"4b9eb99\" data-element_type=\"container\" data-e-type=\"container\">\n\t\t\t\t\t<div class=\"e-con-inner\">\n\t\t\t\t<div class=\"elementor-element elementor-element-43c3fce elementor-widget elementor-widget-heading\" data-id=\"43c3fce\" data-element_type=\"widget\" data-e-type=\"widget\" data-widget_type=\"heading.default\">\n\t\t\t\t<div class=\"elementor-widget-container\">\n\t\t\t\t\t<h2 class=\"elementor-heading-title elementor-size-default\">Legal Notice<\/h2>\t\t\t\t<\/div>\n\t\t\t\t<\/div>\n\t\t\t\t<div class=\"elementor-element elementor-element-1a4a4af elementor-widget elementor-widget-text-editor\" data-id=\"1a4a4af\" data-element_type=\"widget\" data-e-type=\"widget\" data-widget_type=\"text-editor.default\">\n\t\t\t\t<div class=\"elementor-widget-container\">\n\t\t\t\t\t\t\t\t\t<p><strong>1. Informaci\u00f3n general:<br \/><\/strong><br \/><strong>Titular:<\/strong> PAVICRET, S.L.<br \/><strong>CIF:<\/strong> B-98.650.153<br \/><strong>Domicilio:<\/strong> V Centenario, 26 \u2013 46900 Torrent (Valencia)<br \/><strong>Correo electr\u00f3nico:<\/strong> info@deepskyblue-seal-628704.hostingersite.com<br \/><strong>Sitio web:<\/strong> www.pavicret.com<\/p><p><strong>2. Finalidad del sitio:<\/strong><br \/>Ofrecer informaci\u00f3n sobre los productos y servicios de Pavicret relacionados con la construcci\u00f3n.<\/p><p><strong>3. Condiciones de uso:<\/strong><br \/>El acceso al sitio implica la aceptaci\u00f3n de estas condiciones. El usuario se compromete a un uso responsable y conforme a la ley.<\/p><p><strong>4. Propiedad intelectual:<\/strong><br \/>Todos los contenidos del sitio web son propiedad de PAVICRET, S.L. o se utilizan con las licencias correspondientes. Queda prohibida su reproducci\u00f3n o distribuci\u00f3n sin autorizaci\u00f3n previa<\/p><p><strong>5. Responsabilidad:<\/strong><br \/>PAVICRET, S.L. no se hace responsable de los errores de contenido, interrupciones t\u00e9cnicas o enlaces externos.<\/p><p><strong>6. Enlaces a terceros:<\/strong><br \/>El sitio puede contener enlaces a sitios externos. PAVICRET, S.L. no se responsabiliza de sus contenidos ni pol\u00edticas.<\/p><p><strong>7. Legislaci\u00f3n y jurisdicci\u00f3n:<\/strong><br \/>Este aviso se rige por la legislaci\u00f3n espa\u00f1ola. Las partes se someten a los tribunales de Valencia, salvo disposici\u00f3n legal en contrario.<\/p><p>\u00a0<\/p>\t\t\t\t\t\t\t\t<\/div>\n\t\t\t\t<\/div>\n\t\t\t\t\t<\/div>\n\t\t\t\t<\/div>\n\t\t\t\t<\/div>\n\t\t","protected":false},"excerpt":{"rendered":"","protected":false},"author":1,"featured_media":0,"parent":0,"menu_order":0,"comment_status":"closed","ping_status":"closed","template":"","meta":{"_acf_changed":false,"content-type":"","footnotes":""},"class_list":["post-8462","page","type-page","status-publish","hentry"],"acf":[],"_links":{"self":[{"href":"https:\/\/pavicret.com\/en\/wp-json\/wp\/v2\/pages\/8462","targetHints":{"allow":["GET"]}}],"collection":[{"href":"https:\/\/pavicret.com\/en\/wp-json\/wp\/v2\/pages"}],"about":[{"href":"https:\/\/pavicret.com\/en\/wp-json\/wp\/v2\/types\/page"}],"author":[{"embeddable":true,"href":"https:\/\/pavicret.com\/en\/wp-json\/wp\/v2\/users\/1"}],"replies":[{"embeddable":true,"href":"https:\/\/pavicret.com\/en\/wp-json\/wp\/v2\/comments?post=8462"}],"version-history":[{"count":0,"href":"https:\/\/pavicret.com\/en\/wp-json\/wp\/v2\/pages\/8462\/revisions"}],"wp:attachment":[{"href":"https:\/\/pavicret.com\/en\/wp-json\/wp\/v2\/media?parent=8462"}],"curies":[{"name":"wp","href":"https:\/\/api.w.org\/{rel}","templated":true}]}}