{"id":8352,"date":"2025-07-28T10:00:14","date_gmt":"2025-07-28T09:00:14","guid":{"rendered":"https:\/\/pavicret.com\/featured-projects\/amazon\/"},"modified":"2025-09-22T14:42:03","modified_gmt":"2025-09-22T13:42:03","slug":"amazon","status":"publish","type":"page","link":"https:\/\/pavicret.com\/en\/featured-projects\/amazon\/","title":{"rendered":"Amazon"},"content":{"rendered":"\t\t<div data-elementor-type=\"wp-page\" data-elementor-id=\"8352\" class=\"elementor elementor-8352 elementor-6762\" data-elementor-post-type=\"page\">\n\t\t\t\t<div data-dce-background-image-url=\"http:\/\/pavicret.com\/wp-content\/uploads\/2025\/07\/Amazon.avif\" class=\"elementor-element elementor-element-6fbed01e e-con-full e-flex e-con e-parent\" data-id=\"6fbed01e\" data-element_type=\"container\" data-e-type=\"container\" data-settings=\"{&quot;background_background&quot;:&quot;classic&quot;}\">\n\t\t\t\t<div class=\"elementor-element elementor-element-5fd481f0 elementor-widget elementor-widget-heading\" data-id=\"5fd481f0\" data-element_type=\"widget\" data-e-type=\"widget\" data-widget_type=\"heading.default\">\n\t\t\t\t<div class=\"elementor-widget-container\">\n\t\t\t\t\t<h2 class=\"elementor-heading-title elementor-size-default\">Pavicret ACG: <br>The solution for amazon's logistics platforms<br><\/h2>\t\t\t\t<\/div>\n\t\t\t\t<\/div>\n\t\t\t\t<\/div>\n\t\t<div class=\"elementor-element elementor-element-6dbfb044 e-con-full e-flex e-con e-child\" data-id=\"6dbfb044\" data-element_type=\"container\" data-e-type=\"container\">\n\t\t\t\t<div class=\"elementor-element elementor-element-9a2ef73 elementor-widget elementor-widget-heading\" data-id=\"9a2ef73\" data-element_type=\"widget\" data-e-type=\"widget\" data-widget_type=\"heading.default\">\n\t\t\t\t<div class=\"elementor-widget-container\">\n\t\t\t\t\t<h2 class=\"elementor-heading-title elementor-size-default\">Pavicret ACG on Amazon: Strength and durability for high-performance logistics\n<\/h2>\t\t\t\t<\/div>\n\t\t\t\t<\/div>\n\t\t\t\t<div class=\"elementor-element elementor-element-4620035 elementor-widget__width-initial elementor-widget elementor-widget-text-editor\" data-id=\"4620035\" data-element_type=\"widget\" data-e-type=\"widget\" data-widget_type=\"text-editor.default\">\n\t\t\t\t<div class=\"elementor-widget-container\">\n\t\t\t\t\t\t\t\t\t<p data-start=\"1857\" data-end=\"2199\">Amazon&#8217;s logistics platforms require pavements that can withstand intensive use, heavy loads and continuous machinery traffic.<br data-start=\"1997\" data-end=\"2000\">For this environment, it has relied on the hardener <strong><em data-start=\"2064\" data-end=\"2078\">Pavicret ACG<\/em><\/strong>a high-performance solution that improves the abrasion and impact resistance of industrial flooring.<\/p><p data-start=\"2201\" data-end=\"2399\">Its application in different logistics platforms in the Valencian Community has guaranteed a robust, durable and functional floor, prepared for the most demanding standards of the logistics sector.<\/p>\t\t\t\t\t\t\t\t<\/div>\n\t\t\t\t<\/div>\n\t\t<div class=\"elementor-element elementor-element-21271226 e-flex e-con-boxed e-con e-child\" data-id=\"21271226\" data-element_type=\"container\" data-e-type=\"container\">\n\t\t\t\t\t<div class=\"e-con-inner\">\n\t\t\t\t<div class=\"elementor-element elementor-element-662282a1 elementor-widget elementor-widget-video\" data-id=\"662282a1\" data-element_type=\"widget\" data-e-type=\"widget\" data-settings=\"{&quot;youtube_url&quot;:&quot;https:\\\/\\\/www.youtube.com\\\/watch?v=o9xr1K0btEs&quot;,&quot;autoplay&quot;:&quot;yes&quot;,&quot;mute&quot;:&quot;yes&quot;,&quot;loop&quot;:&quot;yes&quot;,&quot;enabled_visibility&quot;:&quot;yes&quot;,&quot;video_type&quot;:&quot;youtube&quot;,&quot;dce_visibility_selected&quot;:&quot;yes&quot;}\" data-widget_type=\"video.default\">\n\t\t\t\t<div class=\"elementor-widget-container\">\n\t\t\t\t\t\t\t<div class=\"elementor-wrapper elementor-open-inline\">\n\t\t\t<div class=\"elementor-video\"><\/div>\t\t<\/div>\n\t\t\t\t\t\t<\/div>\n\t\t\t\t<\/div>\n\t\t<!-- dce invisible element 32ee456d -->\t\t\t<\/div>\n\t\t\t\t<\/div>\n\t\t\t\t<\/div>\n\t\t<div class=\"elementor-element elementor-element-7460a5b1 e-flex e-con-boxed e-con e-parent\" data-id=\"7460a5b1\" data-element_type=\"container\" data-e-type=\"container\" data-settings=\"{&quot;background_background&quot;:&quot;classic&quot;}\">\n\t\t\t\t\t<div class=\"e-con-inner\">\n\t\t<div class=\"elementor-element elementor-element-1940fcd4 e-con-full e-flex e-con e-child\" data-id=\"1940fcd4\" data-element_type=\"container\" data-e-type=\"container\">\n\t\t\t\t<div class=\"elementor-element elementor-element-2c0a2ef8 elementor-widget elementor-widget-heading\" data-id=\"2c0a2ef8\" data-element_type=\"widget\" data-e-type=\"widget\" data-widget_type=\"heading.default\">\n\t\t\t\t<div class=\"elementor-widget-container\">\n\t\t\t\t\t<h2 class=\"elementor-heading-title elementor-size-default\">Contact us or visit any of our stores<\/h2>\t\t\t\t<\/div>\n\t\t\t\t<\/div>\n\t\t\t\t<\/div>\n\t\t<div class=\"elementor-element elementor-element-27e70c70 e-con-full e-flex e-con e-child\" data-id=\"27e70c70\" data-element_type=\"container\" data-e-type=\"container\">\n\t\t\t\t<div class=\"elementor-element elementor-element-4966cdf6 elementor-widget elementor-widget-button\" data-id=\"4966cdf6\" data-element_type=\"widget\" data-e-type=\"widget\" data-widget_type=\"button.default\">\n\t\t\t\t<div class=\"elementor-widget-container\">\n\t\t\t\t\t\t\t\t\t<div class=\"elementor-button-wrapper\">\n\t\t\t\t\t<a class=\"elementor-button elementor-button-link elementor-size-sm elementor-animation-shrink\" href=\"https:\/\/pavicret.com\/contacto\/\" id=\"btn-contacto-amazon\">\n\t\t\t\t\t\t<span class=\"elementor-button-content-wrapper\">\n\t\t\t\t\t\t<span class=\"elementor-button-icon\">\n\t\t\t\t<svg aria-hidden=\"true\" class=\"e-font-icon-svg e-far-envelope\" viewBox=\"0 0 512 512\" xmlns=\"http:\/\/www.w3.org\/2000\/svg\"><path d=\"M464 64H48C21.49 64 0 85.49 0 112v288c0 26.51 21.49 48 48 48h416c26.51 0 48-21.49 48-48V112c0-26.51-21.49-48-48-48zm0 48v40.805c-22.422 18.259-58.168 46.651-134.587 106.49-16.841 13.247-50.201 45.072-73.413 44.701-23.208.375-56.579-31.459-73.413-44.701C106.18 199.465 70.425 171.067 48 152.805V112h416zM48 400V214.398c22.914 18.251 55.409 43.862 104.938 82.646 21.857 17.205 60.134 55.186 103.062 54.955 42.717.231 80.509-37.199 103.053-54.947 49.528-38.783 82.032-64.401 104.947-82.653V400H48z\"><\/path><\/svg>\t\t\t<\/span>\n\t\t\t\t\t\t\t\t\t<span class=\"elementor-button-text\">Contact us<\/span>\n\t\t\t\t\t<\/span>\n\t\t\t\t\t<\/a>\n\t\t\t\t<\/div>\n\t\t\t\t\t\t\t\t<\/div>\n\t\t\t\t<\/div>\n\t\t\t\t<div class=\"elementor-element elementor-element-668c8f56 elementor-widget elementor-widget-button\" data-id=\"668c8f56\" data-element_type=\"widget\" data-e-type=\"widget\" data-widget_type=\"button.default\">\n\t\t\t\t<div class=\"elementor-widget-container\">\n\t\t\t\t\t\t\t\t\t<div class=\"elementor-button-wrapper\">\n\t\t\t\t\t<a class=\"elementor-button elementor-button-link elementor-size-sm elementor-animation-shrink\" href=\"https:\/\/pavicret.com\/contacto\/#delegaciones\" id=\"btn-tienda-amazon\">\n\t\t\t\t\t\t<span class=\"elementor-button-content-wrapper\">\n\t\t\t\t\t\t<span class=\"elementor-button-icon\">\n\t\t\t\t<svg aria-hidden=\"true\" class=\"e-font-icon-svg e-fas-store-alt\" viewBox=\"0 0 640 512\" xmlns=\"http:\/\/www.w3.org\/2000\/svg\"><path d=\"M320 384H128V224H64v256c0 17.7 14.3 32 32 32h256c17.7 0 32-14.3 32-32V224h-64v160zm314.6-241.8l-85.3-128c-6-8.9-16-14.2-26.7-14.2H117.4c-10.7 0-20.7 5.3-26.6 14.2l-85.3 128c-14.2 21.3 1 49.8 26.6 49.8H608c25.5 0 40.7-28.5 26.6-49.8zM512 496c0 8.8 7.2 16 16 16h32c8.8 0 16-7.2 16-16V224h-64v272z\"><\/path><\/svg>\t\t\t<\/span>\n\t\t\t\t\t\t\t\t\t<span class=\"elementor-button-text\">Find your nearest store<\/span>\n\t\t\t\t\t<\/span>\n\t\t\t\t\t<\/a>\n\t\t\t\t<\/div>\n\t\t\t\t\t\t\t\t<\/div>\n\t\t\t\t<\/div>\n\t\t\t\t<\/div>\n\t\t\t\t\t<\/div>\n\t\t\t\t<\/div>\n\t\t<div class=\"elementor-element elementor-element-77f185bf e-flex e-con-boxed e-con e-parent\" data-id=\"77f185bf\" data-element_type=\"container\" data-e-type=\"container\">\n\t\t\t\t\t<div class=\"e-con-inner\">\n\t\t<!-- dce invisible element 78edf350 --><div data-dce-background-image-url=\"http:\/\/pavicret.com\/wp-content\/uploads\/2025\/07\/Amazon2.avif\" class=\"elementor-element elementor-element-5c387245 e-con-full e-flex elementor-invisible e-con e-child\" data-id=\"5c387245\" data-element_type=\"container\" data-e-type=\"container\" data-settings=\"{&quot;background_background&quot;:&quot;classic&quot;,&quot;animation&quot;:&quot;fadeIn&quot;}\">\n\t\t\t\t<\/div>\n\t\t<div class=\"elementor-element elementor-element-298aff9 e-con-full animated-slow e-flex e-con e-child\" data-id=\"298aff9\" data-element_type=\"container\" data-e-type=\"container\" data-settings=\"{&quot;animation&quot;:&quot;none&quot;,&quot;animation_mobile&quot;:&quot;none&quot;}\">\n\t\t\t\t<div class=\"dce-visibility-event elementor-element elementor-element-6aa884dd elementor-hidden-mobile elementor-widget elementor-widget-heading\" data-id=\"6aa884dd\" data-element_type=\"widget\" data-e-type=\"widget\" data-settings=\"{&quot;enabled_visibility&quot;:&quot;yes&quot;,&quot;dce_visibility_selected&quot;:&quot;hide&quot;,&quot;_animation&quot;:&quot;none&quot;}\" data-widget_type=\"heading.default\">\n\t\t\t\t<div class=\"elementor-widget-container\">\n\t\t\t\t\t<h3 class=\"elementor-heading-title elementor-size-default\">What is Pavicret ACG?<\/h3>\t\t\t\t<\/div>\n\t\t\t\t<\/div>\n\t\t\t\t<div class=\"elementor-element elementor-element-c51ac98 elementor-widget__width-initial elementor-widget elementor-widget-text-editor\" data-id=\"c51ac98\" data-element_type=\"widget\" data-e-type=\"widget\" data-widget_type=\"text-editor.default\">\n\t\t\t\t<div class=\"elementor-widget-container\">\n\t\t\t\t\t\t\t\t\t<p data-start=\"1719\" data-end=\"1867\"><strong data-start=\"1719\" data-end=\"1735\">Pavicret ACG<\/strong> is a powdered surface hardener that is applied on fresh concrete to form a layer of high strength and compaction.<\/p><p data-start=\"1869\" data-end=\"2164\">Its formulation is based on selected mineral aggregates, high quality cement and special additives that improve the mechanical strength of the pavement.<br data-start=\"2027\" data-end=\"2030\">It is especially suitable for areas with heavy traffic, logistics areas, industrial warehouses and distribution platforms.<\/p><p data-start=\"2166\" data-end=\"2312\">The result is a dense, wear-resistant surface with high durability and excellent behavior under punctual or repetitive loads.<\/p>\t\t\t\t\t\t\t\t<\/div>\n\t\t\t\t<\/div>\n\t\t\t\t<div class=\"elementor-element elementor-element-6d3b200e elementor-widget elementor-widget-heading\" data-id=\"6d3b200e\" data-element_type=\"widget\" data-e-type=\"widget\" data-widget_type=\"heading.default\">\n\t\t\t\t<div class=\"elementor-widget-container\">\n\t\t\t\t\t<h3 class=\"elementor-heading-title elementor-size-default\">Key benefits of the Pavicret ACG system<\/h3>\t\t\t\t<\/div>\n\t\t\t\t<\/div>\n\t\t\t\t<div class=\"elementor-element elementor-element-5e8b7c3e elementor-widget__width-initial elementor-widget elementor-widget-text-editor\" data-id=\"5e8b7c3e\" data-element_type=\"widget\" data-e-type=\"widget\" data-widget_type=\"text-editor.default\">\n\t\t\t\t<div class=\"elementor-widget-container\">\n\t\t\t\t\t\t\t\t\t<p>\u2705 High resistance to abrasion and impact, even in areas of intensive use<br data-start=\"2449\" data-end=\"2452\">\u2705 Compact and durable surface, ideal for pavements subjected to heavy machinery<br data-start=\"2537\" data-end=\"2540\">\u2705 Uniform finish with excellent aesthetic integration in industrial floors<br data-start=\"2616\" data-end=\"2619\">\u2705 Compatible with colored pavements and signage<br data-start=\"2672\" data-end=\"2675\">\u2705 Reduced long-term maintenance due to high durability<br data-start=\"2740\" data-end=\"2743\">\u2705 Cost-effective solution for large logistic and industrial areas \u2705 Cost-effective solution for large logistic and industrial areas.<\/p>\t\t\t\t\t\t\t\t<\/div>\n\t\t\t\t<\/div>\n\t\t\t\t<\/div>\n\t\t\t\t\t<\/div>\n\t\t\t\t<\/div>\n\t\t<div class=\"elementor-element elementor-element-35549c35 e-flex e-con-boxed e-con e-parent\" data-id=\"35549c35\" data-element_type=\"container\" data-e-type=\"container\">\n\t\t\t\t\t<div class=\"e-con-inner\">\n\t\t<div class=\"elementor-element elementor-element-2d99fa0f e-con-full e-flex e-con e-child\" data-id=\"2d99fa0f\" data-element_type=\"container\" data-e-type=\"container\">\n\t\t\t\t<div class=\"elementor-element elementor-element-64544bcd elementor-widget elementor-widget-heading\" data-id=\"64544bcd\" data-element_type=\"widget\" data-e-type=\"widget\" data-widget_type=\"heading.default\">\n\t\t\t\t<div class=\"elementor-widget-container\">\n\t\t\t\t\t<h2 class=\"elementor-heading-title elementor-size-default\">Technical details of the system<\/h2>\t\t\t\t<\/div>\n\t\t\t\t<\/div>\n\t\t\t\t<div class=\"elementor-element elementor-element-100d0971 elementor-widget__width-initial elementor-widget elementor-widget-text-editor\" data-id=\"100d0971\" data-element_type=\"widget\" data-e-type=\"widget\" data-widget_type=\"text-editor.default\">\n\t\t\t\t<div class=\"elementor-widget-container\">\n\t\t\t\t\t\t\t\t\t<p>&#8211; Dry application on fresh concrete in plastic phase<br data-start=\"2918\" data-end=\"2921\">&#8211; Mechanical troweling finish for maximum surface density<br data-start=\"2983\" data-end=\"2986\">&#8211; Compatible with curing with PaviCure type resins for sealing and protection<br data-start=\"3067\" data-end=\"3070\">&#8211; Approximate hardening thickness: 2-4 mm<br data-start=\"3117\" data-end=\"3120\">&#8211; Recommended dosage: from 4 to 6 kg\/m\u00b2 (depending on the level of traffic demand expected)<br data-start=\"3207\" data-end=\"3210\">&#8211; Available in various colors (gray, red, green, natural, etc.)<\/p>\t\t\t\t\t\t\t\t<\/div>\n\t\t\t\t<\/div>\n\t\t<div class=\"elementor-element elementor-element-4524905a e-con-full e-flex e-con e-child\" data-id=\"4524905a\" data-element_type=\"container\" data-e-type=\"container\">\n\t\t<div data-dce-background-image-url=\"http:\/\/pavicret.com\/wp-content\/uploads\/2025\/07\/98.avif\" class=\"elementor-element elementor-element-6ff0f82 e-con-full e-flex e-con e-child\" data-id=\"6ff0f82\" data-element_type=\"container\" data-e-type=\"container\" data-settings=\"{&quot;background_background&quot;:&quot;classic&quot;}\">\n\t\t\t\t<\/div>\n\t\t<div data-dce-background-image-url=\"http:\/\/pavicret.com\/wp-content\/uploads\/2025\/07\/amazon-logistica-valencia.avif\" class=\"elementor-element elementor-element-24f2fd28 e-con-full e-flex e-con e-child\" data-id=\"24f2fd28\" data-element_type=\"container\" data-e-type=\"container\" data-settings=\"{&quot;background_background&quot;:&quot;classic&quot;}\">\n\t\t\t\t<\/div>\n\t\t\t\t<\/div>\n\t\t\t\t<\/div>\n\t\t\t\t\t<\/div>\n\t\t\t\t<\/div>\n\t\t<div class=\"elementor-element elementor-element-6ee59654 e-flex e-con-boxed e-con e-parent\" data-id=\"6ee59654\" data-element_type=\"container\" data-e-type=\"container\">\n\t\t\t\t\t<div class=\"e-con-inner\">\n\t\t\t\t<div class=\"elementor-element elementor-element-51d53184 elementor-widget elementor-widget-heading\" data-id=\"51d53184\" data-element_type=\"widget\" data-e-type=\"widget\" data-widget_type=\"heading.default\">\n\t\t\t\t<div class=\"elementor-widget-container\">\n\t\t\t\t\t<h2 class=\"elementor-heading-title elementor-size-default\">Why choose Pavicret for your industrial projects?\n<\/h2>\t\t\t\t<\/div>\n\t\t\t\t<\/div>\n\t\t\t\t<div class=\"elementor-element elementor-element-5d1652c9 elementor-widget__width-initial elementor-widget elementor-widget-text-editor\" data-id=\"5d1652c9\" data-element_type=\"widget\" data-e-type=\"widget\" data-widget_type=\"text-editor.default\">\n\t\t\t\t<div class=\"elementor-widget-container\">\n\t\t\t\t\t\t\t\t\t<p data-start=\"257\" data-end=\"491\">&#8220;With Pavicret ACG we have achieved a uniform, extremely resistant and durable pavement. Just what a logistics infrastructure such as Amazon&#8217;s needs.<strong>&#8220;<\/strong><br data-start=\"424\" data-end=\"427\"><strong>&#8211; Construction Management, Amazon Logistics Platform<\/strong> <\/p><p data-start=\"493\" data-end=\"885\">If you are planning<strong>logistics centers, warehouses, loading areas or distribution platforms<\/strong>, our technical team will advise you to guarantee the resistance, durability and performance required by industrial floors.<br data-start=\"718\" data-end=\"721\">We adapt the dosage of the system to the specific conditions of your project and accompany you in each phase to ensure a reliable, profitable and long-lasting result.<\/p>\t\t\t\t\t\t\t\t<\/div>\n\t\t\t\t<\/div>\n\t\t\t\t\t<\/div>\n\t\t\t\t<\/div>\n\t\t<div class=\"elementor-element elementor-element-5b25c237 e-con-full e-flex e-con e-parent\" data-id=\"5b25c237\" data-element_type=\"container\" data-e-type=\"container\" data-settings=\"{&quot;background_background&quot;:&quot;classic&quot;}\">\n\t\t\t\t<div class=\"elementor-element elementor-element-1b00081d elementor-widget elementor-widget-image\" data-id=\"1b00081d\" data-element_type=\"widget\" data-e-type=\"widget\" data-widget_type=\"image.default\">\n\t\t\t\t<div class=\"elementor-widget-container\">\n\t\t\t\t\t\t\t\t\t\t\t\t\t\t\t<img fetchpriority=\"high\" decoding=\"async\" width=\"800\" height=\"450\" src=\"https:\/\/pavicret.com\/wp-content\/uploads\/2025\/07\/Amazon3-1024x576.avif\" class=\"attachment-large size-large wp-image-8360\" alt=\"\" srcset=\"https:\/\/pavicret.com\/wp-content\/uploads\/2025\/07\/Amazon3-1024x576.avif 1024w, https:\/\/pavicret.com\/wp-content\/uploads\/2025\/07\/Amazon3-300x169.avif 300w, https:\/\/pavicret.com\/wp-content\/uploads\/2025\/07\/Amazon3-768x432.avif 768w, https:\/\/pavicret.com\/wp-content\/uploads\/2025\/07\/Amazon3-600x338.avif 600w, https:\/\/pavicret.com\/wp-content\/uploads\/2025\/07\/Amazon3.avif 1200w\" sizes=\"(max-width: 800px) 100vw, 800px\" \/>\t\t\t\t\t\t\t\t\t\t\t\t\t\t\t<\/div>\n\t\t\t\t<\/div>\n\t\t\t\t<\/div>\n\t\t<div class=\"elementor-element elementor-element-7359ada6 e-flex e-con-boxed e-con e-parent\" data-id=\"7359ada6\" data-element_type=\"container\" data-e-type=\"container\">\n\t\t\t\t\t<div class=\"e-con-inner\">\n\t\t\t\t<div class=\"elementor-element elementor-element-32d51e0e elementor-widget elementor-widget-heading\" data-id=\"32d51e0e\" data-element_type=\"widget\" data-e-type=\"widget\" data-widget_type=\"heading.default\">\n\t\t\t\t<div class=\"elementor-widget-container\">\n\t\t\t\t\t<h2 class=\"elementor-heading-title elementor-size-default\">Pavicret, your technical partner\n<\/h2>\t\t\t\t<\/div>\n\t\t\t\t<\/div>\n\t\t\t\t<div class=\"elementor-element elementor-element-52105796 elementor-widget__width-initial elementor-widget elementor-widget-text-editor\" data-id=\"52105796\" data-element_type=\"widget\" data-e-type=\"widget\" data-widget_type=\"text-editor.default\">\n\t\t\t\t<div class=\"elementor-widget-container\">\n\t\t\t\t\t\t\t\t\t<p><span style=\"font-weight: 400;\">With more than three decades supplying customized solutions for industrial flooring, <\/span><b>Pavicret<\/b><span style=\"font-weight: 400;\"> has established itself as a benchmark in <\/span><b>industrial binders and hardeners<\/b><span style=\"font-weight: 400;\">  in Spain and abroad. Our technical department accompanies architects, engineers and contractors in all phases of the work, from prescription and color testing to commissioning and preventive maintenance. <\/span><\/p>\t\t\t\t\t\t\t\t<\/div>\n\t\t\t\t<\/div>\n\t\t\t\t\t<\/div>\n\t\t\t\t<\/div>\n\t\t<div class=\"elementor-element elementor-element-22af8d14 e-flex e-con-boxed e-con e-parent\" data-id=\"22af8d14\" data-element_type=\"container\" data-e-type=\"container\" data-settings=\"{&quot;background_background&quot;:&quot;classic&quot;}\">\n\t\t\t\t\t<div class=\"e-con-inner\">\n\t\t<div class=\"elementor-element elementor-element-5dd81bd6 e-con-full e-flex e-con e-child\" data-id=\"5dd81bd6\" data-element_type=\"container\" data-e-type=\"container\">\n\t\t\t\t<div class=\"elementor-element elementor-element-d31193f elementor-widget elementor-widget-heading\" data-id=\"d31193f\" data-element_type=\"widget\" data-e-type=\"widget\" data-widget_type=\"heading.default\">\n\t\t\t\t<div class=\"elementor-widget-container\">\n\t\t\t\t\t<h2 class=\"elementor-heading-title elementor-size-default\">Looking for high performance for demanding industrial projects?\n\n<\/h2>\t\t\t\t<\/div>\n\t\t\t\t<\/div>\n\t\t\t\t<div class=\"elementor-element elementor-element-74a4138b elementor-widget__width-initial elementor-widget elementor-widget-text-editor\" data-id=\"74a4138b\" data-element_type=\"widget\" data-e-type=\"widget\" data-widget_type=\"text-editor.default\">\n\t\t\t\t<div class=\"elementor-widget-container\">\n\t\t\t\t\t\t\t\t\t<p>In Pavicret we advise you to choose the most effective solution for your work.<br data-start=\"3913\" data-end=\"3916\">Optimize the strength of your pavements and ensure lasting performance with <strong>Pavicret ACG<\/strong>.<\/p>\t\t\t\t\t\t\t\t<\/div>\n\t\t\t\t<\/div>\n\t\t\t\t<\/div>\n\t\t<div class=\"elementor-element elementor-element-6eea0eb6 e-con-full e-flex e-con e-child\" data-id=\"6eea0eb6\" data-element_type=\"container\" data-e-type=\"container\">\n\t\t\t\t<div class=\"elementor-element elementor-element-ec25ea7 elementor-widget elementor-widget-button\" data-id=\"ec25ea7\" data-element_type=\"widget\" data-e-type=\"widget\" data-widget_type=\"button.default\">\n\t\t\t\t<div class=\"elementor-widget-container\">\n\t\t\t\t\t\t\t\t\t<div class=\"elementor-button-wrapper\">\n\t\t\t\t\t<a class=\"elementor-button elementor-button-link elementor-size-sm elementor-animation-shrink\" href=\"https:\/\/pavicret.com\/contacto\/\" id=\"btn-contacto-amazon2\">\n\t\t\t\t\t\t<span class=\"elementor-button-content-wrapper\">\n\t\t\t\t\t\t<span class=\"elementor-button-icon\">\n\t\t\t\t<svg aria-hidden=\"true\" class=\"e-font-icon-svg e-far-envelope\" viewBox=\"0 0 512 512\" xmlns=\"http:\/\/www.w3.org\/2000\/svg\"><path d=\"M464 64H48C21.49 64 0 85.49 0 112v288c0 26.51 21.49 48 48 48h416c26.51 0 48-21.49 48-48V112c0-26.51-21.49-48-48-48zm0 48v40.805c-22.422 18.259-58.168 46.651-134.587 106.49-16.841 13.247-50.201 45.072-73.413 44.701-23.208.375-56.579-31.459-73.413-44.701C106.18 199.465 70.425 171.067 48 152.805V112h416zM48 400V214.398c22.914 18.251 55.409 43.862 104.938 82.646 21.857 17.205 60.134 55.186 103.062 54.955 42.717.231 80.509-37.199 103.053-54.947 49.528-38.783 82.032-64.401 104.947-82.653V400H48z\"><\/path><\/svg>\t\t\t<\/span>\n\t\t\t\t\t\t\t\t\t<span class=\"elementor-button-text\">Contact us<\/span>\n\t\t\t\t\t<\/span>\n\t\t\t\t\t<\/a>\n\t\t\t\t<\/div>\n\t\t\t\t\t\t\t\t<\/div>\n\t\t\t\t<\/div>\n\t\t\t\t<div class=\"elementor-element elementor-element-68f19b58 elementor-widget elementor-widget-button\" data-id=\"68f19b58\" data-element_type=\"widget\" data-e-type=\"widget\" data-widget_type=\"button.default\">\n\t\t\t\t<div class=\"elementor-widget-container\">\n\t\t\t\t\t\t\t\t\t<div class=\"elementor-button-wrapper\">\n\t\t\t\t\t<a class=\"elementor-button elementor-button-link elementor-size-sm elementor-animation-shrink\" href=\"https:\/\/pavicret.com\/contacto\/#delegaciones\" id=\"btn-tienda-amazon2\">\n\t\t\t\t\t\t<span class=\"elementor-button-content-wrapper\">\n\t\t\t\t\t\t<span class=\"elementor-button-icon\">\n\t\t\t\t<svg aria-hidden=\"true\" class=\"e-font-icon-svg e-fas-store-alt\" viewBox=\"0 0 640 512\" xmlns=\"http:\/\/www.w3.org\/2000\/svg\"><path d=\"M320 384H128V224H64v256c0 17.7 14.3 32 32 32h256c17.7 0 32-14.3 32-32V224h-64v160zm314.6-241.8l-85.3-128c-6-8.9-16-14.2-26.7-14.2H117.4c-10.7 0-20.7 5.3-26.6 14.2l-85.3 128c-14.2 21.3 1 49.8 26.6 49.8H608c25.5 0 40.7-28.5 26.6-49.8zM512 496c0 8.8 7.2 16 16 16h32c8.8 0 16-7.2 16-16V224h-64v272z\"><\/path><\/svg>\t\t\t<\/span>\n\t\t\t\t\t\t\t\t\t<span class=\"elementor-button-text\">Find your nearest store<\/span>\n\t\t\t\t\t<\/span>\n\t\t\t\t\t<\/a>\n\t\t\t\t<\/div>\n\t\t\t\t\t\t\t\t<\/div>\n\t\t\t\t<\/div>\n\t\t\t\t<\/div>\n\t\t\t\t\t<\/div>\n\t\t\t\t<\/div>\n\t\t\t\t<\/div>\n\t\t","protected":false},"excerpt":{"rendered":"<p>Pavicret ACG: La soluci\u00f3n de las plataformas log\u00edsticasde amazon Pavicret ACG en Amazon: Resistencia y durabilidad para la log\u00edstica de alto rendimiento Las plataformas log\u00edsticas de Amazon requieren pavimentos que soporten un uso intensivo, cargas pesadas y un tr\u00e1fico continuo de maquinaria.Para este entorno, se ha confiado en el endurecedor\u00a0 Pavicret ACG, una soluci\u00f3n de [&hellip;]<\/p>\n","protected":false},"author":1,"featured_media":0,"parent":8216,"menu_order":0,"comment_status":"closed","ping_status":"closed","template":"","meta":{"_acf_changed":false,"content-type":"","footnotes":""},"class_list":["post-8352","page","type-page","status-publish","hentry"],"acf":[],"_links":{"self":[{"href":"https:\/\/pavicret.com\/en\/wp-json\/wp\/v2\/pages\/8352","targetHints":{"allow":["GET"]}}],"collection":[{"href":"https:\/\/pavicret.com\/en\/wp-json\/wp\/v2\/pages"}],"about":[{"href":"https:\/\/pavicret.com\/en\/wp-json\/wp\/v2\/types\/page"}],"author":[{"embeddable":true,"href":"https:\/\/pavicret.com\/en\/wp-json\/wp\/v2\/users\/1"}],"replies":[{"embeddable":true,"href":"https:\/\/pavicret.com\/en\/wp-json\/wp\/v2\/comments?post=8352"}],"version-history":[{"count":2,"href":"https:\/\/pavicret.com\/en\/wp-json\/wp\/v2\/pages\/8352\/revisions"}],"predecessor-version":[{"id":8366,"href":"https:\/\/pavicret.com\/en\/wp-json\/wp\/v2\/pages\/8352\/revisions\/8366"}],"up":[{"embeddable":true,"href":"https:\/\/pavicret.com\/en\/wp-json\/wp\/v2\/pages\/8216"}],"wp:attachment":[{"href":"https:\/\/pavicret.com\/en\/wp-json\/wp\/v2\/media?parent=8352"}],"curies":[{"name":"wp","href":"https:\/\/api.w.org\/{rel}","templated":true}]}}